{"id":474369,"date":"2022-02-08T13:24:00","date_gmt":"2022-02-08T11:24:00","guid":{"rendered":"https:\/\/games.tactic.net\/tuote\/lumo-rooster-booster-classic\/"},"modified":"2023-10-20T15:07:07","modified_gmt":"2023-10-20T12:07:07","slug":"lumo-rooster-booster-classic","status":"publish","type":"product","link":"https:\/\/games.tactic.net\/pl\/tuote\/lumo-rooster-booster-classic\/","title":{"rendered":"Lumo Stars Rooster Booster classic plush"},"content":{"rendered":"<p>Classic 15 cm. Pluszowe zwierz\u0105tko do kolekcjonowania. Szcz\u0119\u015bliwa, przytulna, przyjazna, mi\u0142a i urocza. U\u015bmiechamy si\u0119 wi\u0119cej! Urocza kolekcja plusz\u00f3w Northern Brights oparta jest na prawdziwej nordyckiej naturze i dzikiej przyrodzie. Czysty fi\u0144ski design. Lubisz moje pianie? Mog\u0119 ci\u0119 nauczy\u0107 jak pia\u0107, je\u015bli chcesz?<\/p>\n","protected":false},"excerpt":{"rendered":"<p>Classic 15 cm. Pluszowe zwierz\u0105tko do kolekcjonowania. Szcz\u0119\u015bliwa, przytulna, przyjazna, mi\u0142a i urocza. U\u015bmiechamy si\u0119 wi\u0119cej! Urocza kolekcja plusz\u00f3w Northern Brights oparta jest na prawdziwej nordyckiej naturze i dzikiej przyrodzie. Czysty fi\u0144ski design. Lubisz moje pianie? Mog\u0119 ci\u0119 nauczy\u0107 jak pia\u0107, je\u015bli chcesz?<\/p>\n","protected":false},"featured_media":0,"template":"","meta":{"content-type":"","_monsterinsights_skip_tracking":false,"_monsterinsights_sitenote_active":false,"_monsterinsights_sitenote_note":"","_monsterinsights_sitenote_category":0},"product_brand":[],"product_cat":[1511],"product_tag":[],"brand":[{"id":1023,"name":"Lumo Stars","slug":"lumo-stars_pl"}],"target-group":[],"discontinued":[],"class_list":{"0":"post-474369","1":"product","2":"type-product","3":"status-publish","5":"product_cat-classic-zabawki-pluszowe","6":"brand-lumo-stars_pl","8":"first","9":"instock","10":"taxable","11":"shipping-taxable","12":"product-type-simple"},"aioseo_notices":[],"_links":{"self":[{"href":"https:\/\/games.tactic.net\/pl\/wp-json\/wp\/v2\/product\/474369","targetHints":{"allow":["GET"]}}],"collection":[{"href":"https:\/\/games.tactic.net\/pl\/wp-json\/wp\/v2\/product"}],"about":[{"href":"https:\/\/games.tactic.net\/pl\/wp-json\/wp\/v2\/types\/product"}],"wp:attachment":[{"href":"https:\/\/games.tactic.net\/pl\/wp-json\/wp\/v2\/media?parent=474369"}],"wp:term":[{"taxonomy":"product_brand","embeddable":true,"href":"https:\/\/games.tactic.net\/pl\/wp-json\/wp\/v2\/product_brand?post=474369"},{"taxonomy":"product_cat","embeddable":true,"href":"https:\/\/games.tactic.net\/pl\/wp-json\/wp\/v2\/product_cat?post=474369"},{"taxonomy":"product_tag","embeddable":true,"href":"https:\/\/games.tactic.net\/pl\/wp-json\/wp\/v2\/product_tag?post=474369"},{"taxonomy":"brand","embeddable":true,"href":"https:\/\/games.tactic.net\/pl\/wp-json\/wp\/v2\/brand?post=474369"},{"taxonomy":"target-group","embeddable":true,"href":"https:\/\/games.tactic.net\/pl\/wp-json\/wp\/v2\/target-group?post=474369"},{"taxonomy":"discontinued","embeddable":true,"href":"https:\/\/games.tactic.net\/pl\/wp-json\/wp\/v2\/discontinued?post=474369"}],"curies":[{"name":"wp","href":"https:\/\/api.w.org\/{rel}","templated":true}]}}