{"id":468907,"date":"2022-02-07T17:29:52","date_gmt":"2022-02-07T15:29:52","guid":{"rendered":"https:\/\/games.tactic.net\/tuote\/xl-yatzy\/"},"modified":"2023-05-10T14:58:34","modified_gmt":"2023-05-10T11:58:34","slug":"xl-yatzy","status":"archive","type":"product","link":"https:\/\/games.tactic.net\/pl\/tuote\/xl-yatzy\/","title":{"rendered":"XL Yatzy"},"content":{"rendered":"<p>RODZINNA GRA PLENEROWA!<\/p>\n<p>Celem zawodnik\u00f3w jest zdobycie 25 punkt\u00f3w, wybijaj\u0105c ponumerowane klocki poza obszar gry. Zawodnicy uzyskuj\u0105 liczb\u0119 punkt\u00f3w wypisan\u0105 pod klockiem. W chwili rozpocz\u0119cia gry klocki s\u0105 ustawione tak, \u017ce zapisane na nich punkty s\u0105 niewidoczne. Gra posiada por\u0119czne opakowanie, dlatego \u0142atwo mo\u017cna j\u0105 zabra\u0107 w podr\u00f3\u017c. <\/p>\n<p>Zawarto\u015b\u0107: 6 kr\u0119gli, 2 zbijaki, sznur oraz zasady. Gra plenerowa dla 2 i wi\u0119cej graczy w wieku 7+.<\/p>\n<p><font size=\"2\"><u><b>_________________________<\/p>\n<p>Przeczytaj recenzje gry:<br \/><\/b><\/u><br \/>&#8211; <a href=\"http:\/\/scheherazade.znadplanszy.pl\/2016\/08\/11\/dywanowy-klub-gier-planszowych-w-plenerze\/\" title=\"\" target=\"\" rel=\"noopener\">Blog Scheherazade \/ Znadplanszy<\/a><\/p>\n<p><\/font><\/p>\n","protected":false},"excerpt":{"rendered":"<p>RODZINNA GRA PLENEROWA!<\/p>\n<p>Celem zawodnik\u00f3w jest zdobycie 25 punkt\u00f3w, wybijaj\u0105c ponumerowane klocki poza obszar gry. Zawodnicy uzyskuj\u0105 liczb\u0119 punkt\u00f3w wypisan\u0105 pod klockiem.<\/p>\n","protected":false},"featured_media":0,"template":"","meta":{"content-type":"","_monsterinsights_skip_tracking":false,"_monsterinsights_sitenote_active":false,"_monsterinsights_sitenote_note":"","_monsterinsights_sitenote_category":0},"product_brand":[],"product_cat":[1939],"product_tag":[1033,376],"brand":[],"target-group":[],"discontinued":[],"class_list":{"0":"post-468907","1":"product","2":"type-product","3":"status-archive","5":"product_cat-inne-gry-plenerowe-gry-plenerowe","6":"product_tag-losowosc","7":"product_tag-obliczenie","9":"first","10":"instock","11":"taxable","12":"shipping-taxable","13":"product-type-simple"},"aioseo_notices":[],"_links":{"self":[{"href":"https:\/\/games.tactic.net\/pl\/wp-json\/wp\/v2\/product\/468907","targetHints":{"allow":["GET"]}}],"collection":[{"href":"https:\/\/games.tactic.net\/pl\/wp-json\/wp\/v2\/product"}],"about":[{"href":"https:\/\/games.tactic.net\/pl\/wp-json\/wp\/v2\/types\/product"}],"wp:attachment":[{"href":"https:\/\/games.tactic.net\/pl\/wp-json\/wp\/v2\/media?parent=468907"}],"wp:term":[{"taxonomy":"product_brand","embeddable":true,"href":"https:\/\/games.tactic.net\/pl\/wp-json\/wp\/v2\/product_brand?post=468907"},{"taxonomy":"product_cat","embeddable":true,"href":"https:\/\/games.tactic.net\/pl\/wp-json\/wp\/v2\/product_cat?post=468907"},{"taxonomy":"product_tag","embeddable":true,"href":"https:\/\/games.tactic.net\/pl\/wp-json\/wp\/v2\/product_tag?post=468907"},{"taxonomy":"brand","embeddable":true,"href":"https:\/\/games.tactic.net\/pl\/wp-json\/wp\/v2\/brand?post=468907"},{"taxonomy":"target-group","embeddable":true,"href":"https:\/\/games.tactic.net\/pl\/wp-json\/wp\/v2\/target-group?post=468907"},{"taxonomy":"discontinued","embeddable":true,"href":"https:\/\/games.tactic.net\/pl\/wp-json\/wp\/v2\/discontinued?post=468907"}],"curies":[{"name":"wp","href":"https:\/\/api.w.org\/{rel}","templated":true}]}}