{"id":464195,"date":"2022-02-07T13:39:54","date_gmt":"2022-02-07T11:39:54","guid":{"rendered":"https:\/\/games.tactic.net\/tuote\/cars-3-kimble\/"},"modified":"2022-02-07T13:39:54","modified_gmt":"2022-02-07T11:39:54","slug":"cars-3-kimble","status":"archive","type":"product","link":"https:\/\/games.tactic.net\/pl\/tuote\/cars-3-kimble\/","title":{"rendered":"Cars 3 Kimble"},"content":{"rendered":"<p>Kliknij kostk\u0119 i wybierz jeden ze swoich pionk\u00f3w, aby przesun\u0105\u0107 go o wskazan\u0105 liczb\u0119 oczek. <br \/>Tw\u00f3j cel to doprowadzi\u0107 wszystkie cztery pionki do miejsca ich przeznaczenia. Musisz jednak unika\u0107 pionk\u00f3w pozosta\u0142ych graczy!! <\/p>\n<p>\u2022W tym wy\u015bcigu udzia\u0142 wezm\u0105 bohaterowie \u201eAut 3\u201d Disneya! <br \/>\u2022Wytrzyma\u0142a plastikowa plansza! <br \/>\u2022Klasyczna gra planszowa dla ca\u0142ej rodziny! <\/p>\n<p>Zawarto\u015b\u0107: plansza z wbudowan\u0105 kostk\u0105, 16 pionk\u00f3w, zasady gry.<\/p>\n","protected":false},"excerpt":{"rendered":"<p>Kliknij kostk\u0119 i wybierz jeden ze swoich pionk\u00f3w, aby przesun\u0105\u0107 go o wskazan\u0105 liczb\u0119 oczek. <\/p>\n","protected":false},"featured_media":0,"template":"","meta":{"content-type":"","_monsterinsights_skip_tracking":false,"_monsterinsights_sitenote_active":false,"_monsterinsights_sitenote_note":"","_monsterinsights_sitenote_category":0},"product_brand":[],"product_cat":[1796],"product_tag":[],"brand":[],"target-group":[],"discontinued":[],"class_list":{"0":"post-464195","1":"product","2":"type-product","3":"status-archive","5":"product_cat-gry-planszowe-dla-dzieci","7":"first","8":"outofstock","9":"taxable","10":"shipping-taxable","11":"product-type-simple"},"aioseo_notices":[],"_links":{"self":[{"href":"https:\/\/games.tactic.net\/pl\/wp-json\/wp\/v2\/product\/464195","targetHints":{"allow":["GET"]}}],"collection":[{"href":"https:\/\/games.tactic.net\/pl\/wp-json\/wp\/v2\/product"}],"about":[{"href":"https:\/\/games.tactic.net\/pl\/wp-json\/wp\/v2\/types\/product"}],"wp:attachment":[{"href":"https:\/\/games.tactic.net\/pl\/wp-json\/wp\/v2\/media?parent=464195"}],"wp:term":[{"taxonomy":"product_brand","embeddable":true,"href":"https:\/\/games.tactic.net\/pl\/wp-json\/wp\/v2\/product_brand?post=464195"},{"taxonomy":"product_cat","embeddable":true,"href":"https:\/\/games.tactic.net\/pl\/wp-json\/wp\/v2\/product_cat?post=464195"},{"taxonomy":"product_tag","embeddable":true,"href":"https:\/\/games.tactic.net\/pl\/wp-json\/wp\/v2\/product_tag?post=464195"},{"taxonomy":"brand","embeddable":true,"href":"https:\/\/games.tactic.net\/pl\/wp-json\/wp\/v2\/brand?post=464195"},{"taxonomy":"target-group","embeddable":true,"href":"https:\/\/games.tactic.net\/pl\/wp-json\/wp\/v2\/target-group?post=464195"},{"taxonomy":"discontinued","embeddable":true,"href":"https:\/\/games.tactic.net\/pl\/wp-json\/wp\/v2\/discontinued?post=464195"}],"curies":[{"name":"wp","href":"https:\/\/api.w.org\/{rel}","templated":true}]}}