{"id":422888,"date":"2022-02-02T16:13:57","date_gmt":"2022-02-02T14:13:57","guid":{"rendered":"https:\/\/games.tactic.net\/tuote\/lets-play-nie-panikuj-alias\/"},"modified":"2022-02-02T16:13:57","modified_gmt":"2022-02-02T14:13:57","slug":"lets-play-nie-panikuj-alias","status":"archive","type":"product","link":"https:\/\/games.tactic.net\/pl\/tuote\/lets-play-nie-panikuj-alias\/","title":{"rendered":"Let&#8217;s Play Nie panikuj! Alias"},"content":{"rendered":"<div>Wyja\u015bnij s\u0142owo swojemu zespo\u0142owi i przeka\u017c \u017ceton paniki przeciwnikom. Zegar w\u0142\u0105cza si\u0119 o r\u00f3\u017cnej porze, wi\u0119c nigdy nie wiesz, ile czasu ci zosta\u0142o&#8230; Zesp\u00f3\u0142, kt\u00f3ry jako pierwszy zbierze pi\u0119\u0107 \u017ceton\u00f3w paniki, przegrywa!<\/div>\n<div><\/div>\n<div>\u2022 Kr\u00f3tka, ale intensywna rozgrywka!<\/div>\n<div>\u2022 Wyja\u015bnienie \u0142atwiejszych s\u0142\u00f3w nie jest trudne, ale zegar tyka&#8230;<\/div>\n<div>\u2022 Gra z bardzo popularnej serii Alias, w por\u0119cznym, niedu\u017cym opakowaniu!<\/div>\n","protected":false},"excerpt":{"rendered":"<div>Wyja\u015bnij s\u0142owo swojemu zespo\u0142owi i przeka\u017c \u017ceton paniki przeciwnikom. Zegar w\u0142\u0105cza si\u0119 o r\u00f3\u017cnej porze, wi\u0119c nigdy nie wiesz, ile czasu ci zosta\u0142o&#8230; Zesp\u00f3\u0142, kt\u00f3ry jako pierwszy zbierze pi\u0119\u0107 \u017ceton\u00f3w paniki, przegrywa!<\/div>\n","protected":false},"featured_media":422874,"template":"","meta":{"content-type":"","_monsterinsights_skip_tracking":false,"_monsterinsights_sitenote_active":false,"_monsterinsights_sitenote_note":"","_monsterinsights_sitenote_category":0},"product_brand":[],"product_cat":[349],"product_tag":[],"brand":[],"target-group":[],"discontinued":[],"class_list":{"0":"post-422888","1":"product","2":"type-product","3":"status-archive","4":"has-post-thumbnail","6":"product_cat-gry-rodzinne","8":"first","9":"outofstock","10":"taxable","11":"shipping-taxable","12":"product-type-simple"},"aioseo_notices":[],"_links":{"self":[{"href":"https:\/\/games.tactic.net\/pl\/wp-json\/wp\/v2\/product\/422888","targetHints":{"allow":["GET"]}}],"collection":[{"href":"https:\/\/games.tactic.net\/pl\/wp-json\/wp\/v2\/product"}],"about":[{"href":"https:\/\/games.tactic.net\/pl\/wp-json\/wp\/v2\/types\/product"}],"wp:featuredmedia":[{"embeddable":true,"href":"https:\/\/games.tactic.net\/pl\/wp-json\/wp\/v2\/media\/422874"}],"wp:attachment":[{"href":"https:\/\/games.tactic.net\/pl\/wp-json\/wp\/v2\/media?parent=422888"}],"wp:term":[{"taxonomy":"product_brand","embeddable":true,"href":"https:\/\/games.tactic.net\/pl\/wp-json\/wp\/v2\/product_brand?post=422888"},{"taxonomy":"product_cat","embeddable":true,"href":"https:\/\/games.tactic.net\/pl\/wp-json\/wp\/v2\/product_cat?post=422888"},{"taxonomy":"product_tag","embeddable":true,"href":"https:\/\/games.tactic.net\/pl\/wp-json\/wp\/v2\/product_tag?post=422888"},{"taxonomy":"brand","embeddable":true,"href":"https:\/\/games.tactic.net\/pl\/wp-json\/wp\/v2\/brand?post=422888"},{"taxonomy":"target-group","embeddable":true,"href":"https:\/\/games.tactic.net\/pl\/wp-json\/wp\/v2\/target-group?post=422888"},{"taxonomy":"discontinued","embeddable":true,"href":"https:\/\/games.tactic.net\/pl\/wp-json\/wp\/v2\/discontinued?post=422888"}],"curies":[{"name":"wp","href":"https:\/\/api.w.org\/{rel}","templated":true}]}}