{"id":422761,"date":"2022-02-02T16:07:38","date_gmt":"2022-02-02T14:07:38","guid":{"rendered":"https:\/\/games.tactic.net\/tuote\/lets-play-co-jest-w-lodowce\/"},"modified":"2022-02-02T16:07:38","modified_gmt":"2022-02-02T14:07:38","slug":"lets-play-co-jest-w-lodowce","status":"archive","type":"product","link":"https:\/\/games.tactic.net\/pl\/tuote\/lets-play-co-jest-w-lodowce\/","title":{"rendered":"Let&#8217;s Play Co jest w lod\u00f3wce?"},"content":{"rendered":"<p>Rzu\u0107 kostk\u0105 i spr\u00f3buj odpowiedzie\u0107 na pytania dotycz\u0105ce zawarto\u015bci lod\u00f3wki. Czy na g\u00f3rnej p\u00f3\u0142ce le\u017ca\u0142 ser? Czy kto\u015b w\u0142a\u015bnie w\u0142o\u017cy\u0142 kukurydz\u0119 na \u015brodkow\u0105 p\u00f3\u0142k\u0119? Im lepiej pami\u0119tasz, tym szybciej schowasz swoje jedzenie do lod\u00f3wki i wygrasz! <\/p>\n<p>\u2022 Ca\u0142kowicie nowoczesna wersja klasycznej gry pami\u0119ciowej! <br \/>\u2022 W zestawie z kolorowymi i zabawnymi postaciami w formie artyku\u0142\u00f3w spo\u017cywczych. <br \/>\u2022 Opakowanie pe\u0142ni rol\u0119 lod\u00f3wki!<\/p>\n<p><b>Zawarto\u015b\u0107<\/b>: lod\u00f3wka (opakowanie), 15 naklejek z zawarto\u015bci\u0105 lod\u00f3wki, kostka, zasady.<br \/>Gra przeznaczona dla 2-4 graczy w wieku 5+.<\/p>\n","protected":false},"excerpt":{"rendered":"<p>Rzu\u0107 kostk\u0105 i spr\u00f3buj odpowiedzie\u0107 na pytania dotycz\u0105ce zawarto\u015bci<br \/>\nlod\u00f3wki. <br \/>Czy na g\u00f3rnej p\u00f3\u0142ce le\u017ca\u0142 ser? Czy kto\u015b w\u0142a\u015bnie w\u0142o\u017cy\u0142<br \/>\nkukurydz\u0119 na \u015brodkow\u0105 p\u00f3\u0142k\u0119? Im lepiej pami\u0119tasz, tym szybciej schowasz<br \/>\nswoje jedzenie do lod\u00f3wki i wygrasz! <\/p>\n","protected":false},"featured_media":422747,"template":"","meta":{"content-type":"","_monsterinsights_skip_tracking":false,"_monsterinsights_sitenote_active":false,"_monsterinsights_sitenote_note":"","_monsterinsights_sitenote_category":0},"product_brand":[],"product_cat":[340],"product_tag":[],"brand":[],"target-group":[],"discontinued":[],"class_list":{"0":"post-422761","1":"product","2":"type-product","3":"status-archive","4":"has-post-thumbnail","6":"product_cat-gry-dla-dzieci","8":"first","9":"outofstock","10":"taxable","11":"shipping-taxable","12":"product-type-simple"},"aioseo_notices":[],"_links":{"self":[{"href":"https:\/\/games.tactic.net\/pl\/wp-json\/wp\/v2\/product\/422761","targetHints":{"allow":["GET"]}}],"collection":[{"href":"https:\/\/games.tactic.net\/pl\/wp-json\/wp\/v2\/product"}],"about":[{"href":"https:\/\/games.tactic.net\/pl\/wp-json\/wp\/v2\/types\/product"}],"wp:featuredmedia":[{"embeddable":true,"href":"https:\/\/games.tactic.net\/pl\/wp-json\/wp\/v2\/media\/422747"}],"wp:attachment":[{"href":"https:\/\/games.tactic.net\/pl\/wp-json\/wp\/v2\/media?parent=422761"}],"wp:term":[{"taxonomy":"product_brand","embeddable":true,"href":"https:\/\/games.tactic.net\/pl\/wp-json\/wp\/v2\/product_brand?post=422761"},{"taxonomy":"product_cat","embeddable":true,"href":"https:\/\/games.tactic.net\/pl\/wp-json\/wp\/v2\/product_cat?post=422761"},{"taxonomy":"product_tag","embeddable":true,"href":"https:\/\/games.tactic.net\/pl\/wp-json\/wp\/v2\/product_tag?post=422761"},{"taxonomy":"brand","embeddable":true,"href":"https:\/\/games.tactic.net\/pl\/wp-json\/wp\/v2\/brand?post=422761"},{"taxonomy":"target-group","embeddable":true,"href":"https:\/\/games.tactic.net\/pl\/wp-json\/wp\/v2\/target-group?post=422761"},{"taxonomy":"discontinued","embeddable":true,"href":"https:\/\/games.tactic.net\/pl\/wp-json\/wp\/v2\/discontinued?post=422761"}],"curies":[{"name":"wp","href":"https:\/\/api.w.org\/{rel}","templated":true}]}}