{"id":422718,"date":"2022-02-02T16:05:57","date_gmt":"2022-02-02T14:05:57","guid":{"rendered":"https:\/\/games.tactic.net\/tuote\/lets-play-choco\/"},"modified":"2022-02-02T16:05:57","modified_gmt":"2022-02-02T14:05:57","slug":"lets-play-choco","status":"archive","type":"product","link":"https:\/\/games.tactic.net\/pl\/tuote\/lets-play-choco\/","title":{"rendered":"Let&#8217;s Play Choco"},"content":{"rendered":"<div>Potrz\u0105\u015bnij pojemniczkiem z kostk\u0105 i zobacz, czy musisz znale\u017a\u0107 wi\u015bni\u0119, czy orzech! Pami\u0119taj te\u017c, aby patrze\u0107 na ruchy pozosta\u0142ych graczy, poniewa\u017c mo\u017ce to pom\u00f3c ci znale\u017a\u0107 w\u0142a\u015bciwy owoc. Wygrywa gracz, kt\u00f3ry na koniec gry ma najwi\u0119ksz\u0105 liczb\u0119 czekoladek.<\/div>\n<div><\/div>\n<div>\u2022 W zestawie z por\u0119cznym pojemniczkiem na kostk\u0119!<\/div>\n<div>\u2022 Gra zapewnia dobr\u0105 zabaw\u0119 dzi\u0119ki mniejszym elementom.<\/div>\n<div>\u2022 Popularna, klasyczna gra w wersji o kompaktowych rozmiarach!<\/div>\n","protected":false},"excerpt":{"rendered":"<div>Potrz\u0105\u015bnij pojemniczkiem z kostk\u0105 i zobacz, czy musisz znale\u017a\u0107 wi\u015bni\u0119, czy orzech! Pami\u0119taj te\u017c, aby patrze\u0107 na ruchy pozosta\u0142ych graczy, poniewa\u017c mo\u017ce to pom\u00f3c ci znale\u017a\u0107 w\u0142a\u015bciwy owoc. Wygrywa gracz, kt\u00f3ry na koniec gry ma najwi\u0119ksz\u0105 liczb\u0119 czekoladek.<\/div>\n","protected":false},"featured_media":0,"template":"","meta":{"content-type":"","_monsterinsights_skip_tracking":false,"_monsterinsights_sitenote_active":false,"_monsterinsights_sitenote_note":"","_monsterinsights_sitenote_category":0},"product_brand":[],"product_cat":[1813],"product_tag":[],"brand":[],"target-group":[],"discontinued":[],"class_list":{"0":"post-422718","1":"product","2":"type-product","3":"status-archive","5":"product_cat-podrozne-dla-dzieci-gry-dla-dzieci","7":"first","8":"outofstock","9":"taxable","10":"shipping-taxable","11":"product-type-simple"},"aioseo_notices":[],"_links":{"self":[{"href":"https:\/\/games.tactic.net\/pl\/wp-json\/wp\/v2\/product\/422718","targetHints":{"allow":["GET"]}}],"collection":[{"href":"https:\/\/games.tactic.net\/pl\/wp-json\/wp\/v2\/product"}],"about":[{"href":"https:\/\/games.tactic.net\/pl\/wp-json\/wp\/v2\/types\/product"}],"wp:attachment":[{"href":"https:\/\/games.tactic.net\/pl\/wp-json\/wp\/v2\/media?parent=422718"}],"wp:term":[{"taxonomy":"product_brand","embeddable":true,"href":"https:\/\/games.tactic.net\/pl\/wp-json\/wp\/v2\/product_brand?post=422718"},{"taxonomy":"product_cat","embeddable":true,"href":"https:\/\/games.tactic.net\/pl\/wp-json\/wp\/v2\/product_cat?post=422718"},{"taxonomy":"product_tag","embeddable":true,"href":"https:\/\/games.tactic.net\/pl\/wp-json\/wp\/v2\/product_tag?post=422718"},{"taxonomy":"brand","embeddable":true,"href":"https:\/\/games.tactic.net\/pl\/wp-json\/wp\/v2\/brand?post=422718"},{"taxonomy":"target-group","embeddable":true,"href":"https:\/\/games.tactic.net\/pl\/wp-json\/wp\/v2\/target-group?post=422718"},{"taxonomy":"discontinued","embeddable":true,"href":"https:\/\/games.tactic.net\/pl\/wp-json\/wp\/v2\/discontinued?post=422718"}],"curies":[{"name":"wp","href":"https:\/\/api.w.org\/{rel}","templated":true}]}}