{"id":416142,"date":"2022-02-01T13:42:10","date_gmt":"2022-02-01T11:42:10","guid":{"rendered":"https:\/\/games.tactic.net\/tuote\/rolnik-szuka-zony\/"},"modified":"2022-02-01T13:42:10","modified_gmt":"2022-02-01T11:42:10","slug":"rolnik-szuka-zony","status":"archive","type":"product","link":"https:\/\/games.tactic.net\/pl\/tuote\/rolnik-szuka-zony\/","title":{"rendered":"Rolnik szuka \u017cony"},"content":{"rendered":"<p>Graj jako Rolnik lub jako kandydat(ka) i odpowiadaj na pytania, aby przesuwa\u0107 si\u0119 na planszy. Rolnik<br \/>\ni kandydaci maj\u0105 w\u0142asne \u015bcie\u017cki, a gracze, kt\u00f3rzy spotkaj\u0105 si\u0119 na \u015brodku, b\u0119d\u0105 mogli nazywa\u0107 siebie bratnimi duszami!<\/p>\n<div><\/div>\n<div>\u2022 Oparta na bardzo popularnym programie telewizyjnym!<\/div>\n<div>\u2022 Zabawna gra w swaty dla doros\u0142ych.<\/div>\n<div>\u2022 Zawiera ciekawe pytania zwi\u0105zane<br \/>\nnie tylko z \u017cyciem na wsi!<\/div>\n<div><\/div>\n<div>\n<div>Zawarto\u015b\u0107: Plansza, 12 pionk\u00f3w, 200 kart, 12 znacznik\u00f3w opinii, wska\u017anik aktywnego gracza, zasady.<\/div>\n<div><\/div>\n<div>Gra przeznaczona dla 2-6 graczy w wieku 15+.<\/div>\n<\/div>\n","protected":false},"excerpt":{"rendered":"<p>Graj jako Rolnik lub jako kandydat(ka) i odpowiadaj na pytania, aby przesuwa\u0107 si\u0119 na planszy. Rolnik<br \/>\ni kandydaci maj\u0105 w\u0142asne \u015bcie\u017cki, a gracze, kt\u00f3rzy spotkaj\u0105 si\u0119 na \u015brodku, b\u0119d\u0105 mogli nazywa\u0107 siebie bratnimi duszami!<\/p>\n","protected":false},"featured_media":0,"template":"","meta":{"content-type":"","_monsterinsights_skip_tracking":false,"_monsterinsights_sitenote_active":false,"_monsterinsights_sitenote_note":"","_monsterinsights_sitenote_category":0},"product_brand":[],"product_cat":[691],"product_tag":[],"brand":[],"target-group":[],"discontinued":[],"class_list":{"0":"post-416142","1":"product","2":"type-product","3":"status-archive","5":"product_cat-gry-dla-doroslych","7":"first","8":"outofstock","9":"taxable","10":"shipping-taxable","11":"product-type-simple"},"aioseo_notices":[],"_links":{"self":[{"href":"https:\/\/games.tactic.net\/pl\/wp-json\/wp\/v2\/product\/416142","targetHints":{"allow":["GET"]}}],"collection":[{"href":"https:\/\/games.tactic.net\/pl\/wp-json\/wp\/v2\/product"}],"about":[{"href":"https:\/\/games.tactic.net\/pl\/wp-json\/wp\/v2\/types\/product"}],"wp:attachment":[{"href":"https:\/\/games.tactic.net\/pl\/wp-json\/wp\/v2\/media?parent=416142"}],"wp:term":[{"taxonomy":"product_brand","embeddable":true,"href":"https:\/\/games.tactic.net\/pl\/wp-json\/wp\/v2\/product_brand?post=416142"},{"taxonomy":"product_cat","embeddable":true,"href":"https:\/\/games.tactic.net\/pl\/wp-json\/wp\/v2\/product_cat?post=416142"},{"taxonomy":"product_tag","embeddable":true,"href":"https:\/\/games.tactic.net\/pl\/wp-json\/wp\/v2\/product_tag?post=416142"},{"taxonomy":"brand","embeddable":true,"href":"https:\/\/games.tactic.net\/pl\/wp-json\/wp\/v2\/brand?post=416142"},{"taxonomy":"target-group","embeddable":true,"href":"https:\/\/games.tactic.net\/pl\/wp-json\/wp\/v2\/target-group?post=416142"},{"taxonomy":"discontinued","embeddable":true,"href":"https:\/\/games.tactic.net\/pl\/wp-json\/wp\/v2\/discontinued?post=416142"}],"curies":[{"name":"wp","href":"https:\/\/api.w.org\/{rel}","templated":true}]}}