{"id":415494,"date":"2022-02-01T13:24:03","date_gmt":"2022-02-01T11:24:03","guid":{"rendered":"https:\/\/games.tactic.net\/tuote\/lumo-football-camp-classic\/"},"modified":"2023-10-20T14:24:10","modified_gmt":"2023-10-20T11:24:10","slug":"lumo-football-camp-classic","status":"publish","type":"product","link":"https:\/\/games.tactic.net\/pl\/tuote\/lumo-football-camp-classic\/","title":{"rendered":"Lumo Stars Football Camp classic plush"},"content":{"rendered":"<p>Klasyczny 15 cm. Pluszowe zwierz\u0105tko do kolekcjonowania. Szcz\u0119\u015bliwa, przytulna, przyjazna, mi\u0142a i urocza. U\u015bmiechamy si\u0119 wi\u0119cej! Urocza kolekcja plusz\u00f3w Northern Brights jest oparta na prawdziwej nordyckiej naturze i dzikiej przyrodzie. Czysty fi\u0144ski design. Ob\u00f3z to moje imi\u0119, a pi\u0142ka no\u017cna to moja gra. Za\u0142o\u017c\u0119 si\u0119, \u017ce mog\u0119 ci\u0119 wyprzedzi\u0107!<\/p>\n","protected":false},"excerpt":{"rendered":"<p>Klasyczny 15 cm. Pluszowe zwierz\u0105tko do kolekcjonowania. Szcz\u0119\u015bliwa, przytulna, przyjazna, mi\u0142a i urocza. U\u015bmiechamy si\u0119 wi\u0119cej! Urocza kolekcja plusz\u00f3w Northern Brights jest oparta na prawdziwej nordyckiej naturze i dzikiej przyrodzie. Czysty fi\u0144ski design. Ob\u00f3z to moje imi\u0119, a pi\u0142ka no\u017cna to moja gra. Za\u0142o\u017c\u0119 si\u0119, \u017ce mog\u0119 ci\u0119 wyprzedzi\u0107!<\/p>\n","protected":false},"featured_media":0,"template":"","meta":{"content-type":"","_monsterinsights_skip_tracking":false,"_monsterinsights_sitenote_active":false,"_monsterinsights_sitenote_note":"","_monsterinsights_sitenote_category":0},"product_brand":[],"product_cat":[1851],"product_tag":[],"brand":[{"id":1023,"name":"Lumo Stars","slug":"lumo-stars_pl"}],"target-group":[],"discontinued":[],"class_list":{"0":"post-415494","1":"product","2":"type-product","3":"status-publish","5":"product_cat-sport-zabawki-pluszowe","6":"brand-lumo-stars_pl","8":"first","9":"outofstock","10":"taxable","11":"shipping-taxable","12":"product-type-simple"},"aioseo_notices":[],"_links":{"self":[{"href":"https:\/\/games.tactic.net\/pl\/wp-json\/wp\/v2\/product\/415494","targetHints":{"allow":["GET"]}}],"collection":[{"href":"https:\/\/games.tactic.net\/pl\/wp-json\/wp\/v2\/product"}],"about":[{"href":"https:\/\/games.tactic.net\/pl\/wp-json\/wp\/v2\/types\/product"}],"wp:attachment":[{"href":"https:\/\/games.tactic.net\/pl\/wp-json\/wp\/v2\/media?parent=415494"}],"wp:term":[{"taxonomy":"product_brand","embeddable":true,"href":"https:\/\/games.tactic.net\/pl\/wp-json\/wp\/v2\/product_brand?post=415494"},{"taxonomy":"product_cat","embeddable":true,"href":"https:\/\/games.tactic.net\/pl\/wp-json\/wp\/v2\/product_cat?post=415494"},{"taxonomy":"product_tag","embeddable":true,"href":"https:\/\/games.tactic.net\/pl\/wp-json\/wp\/v2\/product_tag?post=415494"},{"taxonomy":"brand","embeddable":true,"href":"https:\/\/games.tactic.net\/pl\/wp-json\/wp\/v2\/brand?post=415494"},{"taxonomy":"target-group","embeddable":true,"href":"https:\/\/games.tactic.net\/pl\/wp-json\/wp\/v2\/target-group?post=415494"},{"taxonomy":"discontinued","embeddable":true,"href":"https:\/\/games.tactic.net\/pl\/wp-json\/wp\/v2\/discontinued?post=415494"}],"curies":[{"name":"wp","href":"https:\/\/api.w.org\/{rel}","templated":true}]}}