{"id":415205,"date":"2022-02-01T13:10:57","date_gmt":"2022-02-01T11:10:57","guid":{"rendered":"https:\/\/games.tactic.net\/tuote\/lumo-soccer-pukki-classic\/"},"modified":"2023-10-20T17:24:52","modified_gmt":"2023-10-20T14:24:52","slug":"lumo-soccer-pukki-classic","status":"publish","type":"product","link":"https:\/\/games.tactic.net\/pl\/tuote\/lumo-soccer-pukki-classic\/","title":{"rendered":"Lumo Stars Soccer Pukki classic plush"},"content":{"rendered":"<p>Klassisk 15 cm. Samlerbart babydyrplys. Glad, krammelig, venlig, venlig og s\u00f8d. Vi smiler mere! Cute Northern Brights plyskollektion er baseret p\u00e5 den \u00e6gte nordiske natur og dyreliv. Rent finsk design. Mit bananspark er det bedste i verden. Tror du, du kan g\u00f8re det bedre?<\/p>\n","protected":false},"excerpt":{"rendered":"<p>Klassisk 15 cm. Samlerbart babydyrplys. Glad, krammelig, venlig, venlig og s\u00f8d. Vi smiler mere! Cute Northern Brights plyskollektion er baseret p\u00e5 den \u00e6gte nordiske natur og dyreliv. Rent finsk design. Mit bananspark er det bedste i verden. Tror du, du kan g\u00f8re det bedre?<\/p>\n","protected":false},"featured_media":0,"template":"","meta":{"content-type":"","_monsterinsights_skip_tracking":false,"_monsterinsights_sitenote_active":false,"_monsterinsights_sitenote_note":"","_monsterinsights_sitenote_category":0},"product_brand":[],"product_cat":[1851],"product_tag":[],"brand":[{"id":1023,"name":"Lumo Stars","slug":"lumo-stars_pl"}],"target-group":[],"discontinued":[],"class_list":{"0":"post-415205","1":"product","2":"type-product","3":"status-publish","5":"product_cat-sport-zabawki-pluszowe","6":"brand-lumo-stars_pl","8":"first","9":"outofstock","10":"taxable","11":"shipping-taxable","12":"product-type-simple"},"aioseo_notices":[],"_links":{"self":[{"href":"https:\/\/games.tactic.net\/pl\/wp-json\/wp\/v2\/product\/415205","targetHints":{"allow":["GET"]}}],"collection":[{"href":"https:\/\/games.tactic.net\/pl\/wp-json\/wp\/v2\/product"}],"about":[{"href":"https:\/\/games.tactic.net\/pl\/wp-json\/wp\/v2\/types\/product"}],"wp:attachment":[{"href":"https:\/\/games.tactic.net\/pl\/wp-json\/wp\/v2\/media?parent=415205"}],"wp:term":[{"taxonomy":"product_brand","embeddable":true,"href":"https:\/\/games.tactic.net\/pl\/wp-json\/wp\/v2\/product_brand?post=415205"},{"taxonomy":"product_cat","embeddable":true,"href":"https:\/\/games.tactic.net\/pl\/wp-json\/wp\/v2\/product_cat?post=415205"},{"taxonomy":"product_tag","embeddable":true,"href":"https:\/\/games.tactic.net\/pl\/wp-json\/wp\/v2\/product_tag?post=415205"},{"taxonomy":"brand","embeddable":true,"href":"https:\/\/games.tactic.net\/pl\/wp-json\/wp\/v2\/brand?post=415205"},{"taxonomy":"target-group","embeddable":true,"href":"https:\/\/games.tactic.net\/pl\/wp-json\/wp\/v2\/target-group?post=415205"},{"taxonomy":"discontinued","embeddable":true,"href":"https:\/\/games.tactic.net\/pl\/wp-json\/wp\/v2\/discontinued?post=415205"}],"curies":[{"name":"wp","href":"https:\/\/api.w.org\/{rel}","templated":true}]}}