{"id":407121,"date":"2022-01-31T10:41:26","date_gmt":"2022-01-31T08:41:26","guid":{"rendered":"https:\/\/games.tactic.net\/tuote\/lets-play-nawet-za-milion-dolarow\/"},"modified":"2022-01-31T10:41:26","modified_gmt":"2022-01-31T08:41:26","slug":"lets-play-nawet-za-milion-dolarow","status":"archive","type":"product","link":"https:\/\/games.tactic.net\/pl\/tuote\/lets-play-nawet-za-milion-dolarow\/","title":{"rendered":"Let&#8217;s Play Nawet za milion dolar\u00f3w!"},"content":{"rendered":"<div>Zapytaj siebie \u2013 co zrobi\u0142by\u015b za milion dolc\u00f3w. Gra sk\u0142ania do zastanowienia si\u0119 nad niemo\u017cliwymi, komicznymi oraz szale\u0144czymi scenariuszami. Wygrywa osoba, kt\u00f3ra jako pierwsza zbierze ca\u0142y milion!<\/div>\n<div><\/div>\n<div>\u2022 Gra imprezowa, przeznaczona g\u0142\u00f3wnie dla doros\u0142ych.<\/div>\n<div>\u2022 Zabawne pytania.<\/div>\n<div>\u2022 Zapewnia du\u017co \u015bmiechu i okazje do o\u017cywionych rozm\u00f3w!<\/div>\n","protected":false},"excerpt":{"rendered":"<div>Zapytaj siebie \u2013 co zrobi\u0142by\u015b za milion dolc\u00f3w. Gra sk\u0142ania do zastanowienia si\u0119 nad niemo\u017cliwymi, komicznymi oraz szale\u0144czymi scenariuszami. Wygrywa osoba, kt\u00f3ra jako pierwsza zbierze ca\u0142y milion!<\/div>\n","protected":false},"featured_media":407107,"template":"","meta":{"content-type":"","_monsterinsights_skip_tracking":false,"_monsterinsights_sitenote_active":false,"_monsterinsights_sitenote_note":"","_monsterinsights_sitenote_category":0},"product_brand":[],"product_cat":[691],"product_tag":[],"brand":[],"target-group":[],"discontinued":[],"class_list":{"0":"post-407121","1":"product","2":"type-product","3":"status-archive","4":"has-post-thumbnail","6":"product_cat-gry-dla-doroslych","8":"first","9":"outofstock","10":"taxable","11":"shipping-taxable","12":"product-type-simple"},"aioseo_notices":[],"_links":{"self":[{"href":"https:\/\/games.tactic.net\/pl\/wp-json\/wp\/v2\/product\/407121","targetHints":{"allow":["GET"]}}],"collection":[{"href":"https:\/\/games.tactic.net\/pl\/wp-json\/wp\/v2\/product"}],"about":[{"href":"https:\/\/games.tactic.net\/pl\/wp-json\/wp\/v2\/types\/product"}],"wp:featuredmedia":[{"embeddable":true,"href":"https:\/\/games.tactic.net\/pl\/wp-json\/wp\/v2\/media\/407107"}],"wp:attachment":[{"href":"https:\/\/games.tactic.net\/pl\/wp-json\/wp\/v2\/media?parent=407121"}],"wp:term":[{"taxonomy":"product_brand","embeddable":true,"href":"https:\/\/games.tactic.net\/pl\/wp-json\/wp\/v2\/product_brand?post=407121"},{"taxonomy":"product_cat","embeddable":true,"href":"https:\/\/games.tactic.net\/pl\/wp-json\/wp\/v2\/product_cat?post=407121"},{"taxonomy":"product_tag","embeddable":true,"href":"https:\/\/games.tactic.net\/pl\/wp-json\/wp\/v2\/product_tag?post=407121"},{"taxonomy":"brand","embeddable":true,"href":"https:\/\/games.tactic.net\/pl\/wp-json\/wp\/v2\/brand?post=407121"},{"taxonomy":"target-group","embeddable":true,"href":"https:\/\/games.tactic.net\/pl\/wp-json\/wp\/v2\/target-group?post=407121"},{"taxonomy":"discontinued","embeddable":true,"href":"https:\/\/games.tactic.net\/pl\/wp-json\/wp\/v2\/discontinued?post=407121"}],"curies":[{"name":"wp","href":"https:\/\/api.w.org\/{rel}","templated":true}]}}