{"id":407106,"date":"2022-01-31T10:40:52","date_gmt":"2022-01-31T08:40:52","guid":{"rendered":"https:\/\/games.tactic.net\/tuote\/szybkie-slowka\/"},"modified":"2022-01-31T10:40:52","modified_gmt":"2022-01-31T08:40:52","slug":"szybkie-slowka","status":"publish","type":"product","link":"https:\/\/games.tactic.net\/pl\/tuote\/szybkie-slowka\/","title":{"rendered":"Szybkie S\u0142\u00f3wka"},"content":{"rendered":"<p>Pierwszy gracz obraca klepsydr\u0119, na planszy umieszcza 9 kart z literami i obraca kart\u0119 kategorii. Nast\u0119pnie wymy\u015bla s\u0142owo z wylosowanej kategorii zaczynaj\u0105c\u0105 si\u0119 od jednej z liter le\u017c\u0105cych na planszy. Im wi\u0119cej zajmuje mu to czasu, tym wi\u0119cej czasu zyskuje nast\u0119pny gracz! <br \/>\u2022Prosta rozgrywka i jasne zasady! <br \/>\u2022\u015awiadomo\u015b\u0107 up\u0142ywaj\u0105cego czasu wyzwala adrenalin\u0119. <br \/>\u2022Klasyczna gra, kt\u00f3ra przynosi mn\u00f3stwo emocji! <\/p>\n<p>Zawarto\u015b\u0107: 150 kart (100 literek i 50 kart zawieraj\u0105cej 100 kategorii), du\u017ca klepsydra, 1 plansza, plansza wynik\u00f3w, 6 pionk\u00f3w.<br \/><font size=\"2\"><br \/><u><b>______________________________<\/p>\n<p>Przeczytaj recenzje gry:<br \/><\/b><\/u><br \/>&#8211; <a href=\"http:\/\/www.dzieciaki-testuja.pl\/2017\/10\/straszna-rzecz-na-o-bohater-kreskowki.html\" title=\"\" target=\"\" rel=\"noopener\">Blog Dzieciaki Testuj\u0105<\/a><\/p>\n<p>&#8211; <a href=\"http:\/\/mlodygiercownik.blog.pl\/2017\/10\/31\/recenzja-gry-planszowej-szybkie-slowka\/\" title=\"\" target=\"\" rel=\"noopener\">Blog M\u0142ody Giercownik<\/a><br \/><a href=\"http:\/\/mlodygiercownik.blog.pl\/2017\/04\/16\/recenzja-gry-karcianej-emojito\/\" title=\"\" target=\"\" rel=\"noopener\"><\/a><\/font><\/p>\n<div><font size=\"2\"><a href=\"http:\/\/mlodygiercownik.blog.pl\/2017\/04\/16\/recenzja-gry-karcianej-emojito\/\" title=\"\" target=\"\" rel=\"noopener\"><br \/><\/a><\/font><\/div>\n","protected":false},"excerpt":{"rendered":"<p>Zaznaj &#8222;na w\u0142asnej sk\u00f3rze&#8221;, jak szybko p\u0142ynie czas!<\/p>\n","protected":false},"featured_media":0,"template":"","meta":{"content-type":"","_monsterinsights_skip_tracking":false,"_monsterinsights_sitenote_active":false,"_monsterinsights_sitenote_note":"","_monsterinsights_sitenote_category":0},"product_brand":[],"product_cat":[1818],"product_tag":[],"brand":[],"target-group":[],"discontinued":[],"class_list":{"0":"post-407106","1":"product","2":"type-product","3":"status-publish","5":"product_cat-imprezowe-gry-rodzinne","7":"first","8":"outofstock","9":"taxable","10":"shipping-taxable","11":"product-type-simple"},"aioseo_notices":[],"_links":{"self":[{"href":"https:\/\/games.tactic.net\/pl\/wp-json\/wp\/v2\/product\/407106","targetHints":{"allow":["GET"]}}],"collection":[{"href":"https:\/\/games.tactic.net\/pl\/wp-json\/wp\/v2\/product"}],"about":[{"href":"https:\/\/games.tactic.net\/pl\/wp-json\/wp\/v2\/types\/product"}],"wp:attachment":[{"href":"https:\/\/games.tactic.net\/pl\/wp-json\/wp\/v2\/media?parent=407106"}],"wp:term":[{"taxonomy":"product_brand","embeddable":true,"href":"https:\/\/games.tactic.net\/pl\/wp-json\/wp\/v2\/product_brand?post=407106"},{"taxonomy":"product_cat","embeddable":true,"href":"https:\/\/games.tactic.net\/pl\/wp-json\/wp\/v2\/product_cat?post=407106"},{"taxonomy":"product_tag","embeddable":true,"href":"https:\/\/games.tactic.net\/pl\/wp-json\/wp\/v2\/product_tag?post=407106"},{"taxonomy":"brand","embeddable":true,"href":"https:\/\/games.tactic.net\/pl\/wp-json\/wp\/v2\/brand?post=407106"},{"taxonomy":"target-group","embeddable":true,"href":"https:\/\/games.tactic.net\/pl\/wp-json\/wp\/v2\/target-group?post=407106"},{"taxonomy":"discontinued","embeddable":true,"href":"https:\/\/games.tactic.net\/pl\/wp-json\/wp\/v2\/discontinued?post=407106"}],"curies":[{"name":"wp","href":"https:\/\/api.w.org\/{rel}","templated":true}]}}