{"id":406852,"date":"2022-01-31T10:37:23","date_gmt":"2022-01-31T08:37:23","guid":{"rendered":"https:\/\/games.tactic.net\/tuote\/dice-alias\/"},"modified":"2022-05-17T15:56:25","modified_gmt":"2022-05-17T12:56:25","slug":"dice-alias","status":"archive","type":"product","link":"https:\/\/games.tactic.net\/pl\/tuote\/dice-alias\/","title":{"rendered":"Dice Alias"},"content":{"rendered":"<p><b>U\u0141\u00d3\u017b S\u0141OWO I ZADAJ INNYM GRACZOM PYTANIE&#8230;<\/b><\/p>\n<p>To nowa, ekscytuj\u0105ca wersja Alias, w kt\u00f3rej tworzy si\u0119 s\u0142owa z liter na kostkach! <\/p>\n<p>Wszyscy graj\u0105 jednocze\u015bnie!<\/p>\n<p>Na gr\u0119 sk\u0142adaj\u0105 si\u0119 wysokiej jako\u015bci komponenty.<\/p>\n<p>Ma proste zasady, a oferuje praktycznie nieograniczon\u0105 liczb\u0119 kombinacji!<\/p>\n<div><\/div>\n<div><img decoding=\"async\" src=\"http:\/\/www.tactic.net\/img\/nuoli.png\" alt=\"Nuoli\" align=\"none\"><a href=\"http:\/\/alias.eu\/\" title=\"Alias.eu\" target=\"_blank\" rel=\"noopener\">Alias.eu<\/a><\/p>\n<p><font size=\"2\"><u><b>_______________________<\/p>\n<p>Przeczytaj recenzje gry:<br \/><\/b><\/u><br \/>&#8211; <a href=\"http:\/\/mlodygiercownik.blog.pl\/2016\/07\/27\/recenzja-gry-koscianej-dice-alias\/\" title=\"\" target=\"\" rel=\"noopener\">Blog M\u0142ody Gierownik<\/a><br \/><\/font><\/div>\n","protected":false},"excerpt":{"rendered":"<p><b>U\u0141\u00d3\u017b S\u0141OWO I ZADAJ INNYM GRACZOM PYTANIE&#8230;<\/b><\/p>\n<p>To nowa, ekscytuj\u0105ca wersja Alias, w kt\u00f3rej tworzy si\u0119 s\u0142owa z liter na kostkach! <\/p>\n","protected":false},"featured_media":0,"template":"","meta":{"content-type":"","_monsterinsights_skip_tracking":false,"_monsterinsights_sitenote_active":false,"_monsterinsights_sitenote_note":"","_monsterinsights_sitenote_category":0},"product_brand":[],"product_cat":[1805],"product_tag":[],"brand":[{"id":601,"name":"Alias","slug":"alias_pl"}],"target-group":[],"discontinued":[],"class_list":{"0":"post-406852","1":"product","2":"type-product","3":"status-archive","5":"product_cat-gry-planszowe","6":"brand-alias_pl","8":"first","9":"outofstock","10":"taxable","11":"shipping-taxable","12":"product-type-simple"},"aioseo_notices":[],"_links":{"self":[{"href":"https:\/\/games.tactic.net\/pl\/wp-json\/wp\/v2\/product\/406852","targetHints":{"allow":["GET"]}}],"collection":[{"href":"https:\/\/games.tactic.net\/pl\/wp-json\/wp\/v2\/product"}],"about":[{"href":"https:\/\/games.tactic.net\/pl\/wp-json\/wp\/v2\/types\/product"}],"wp:attachment":[{"href":"https:\/\/games.tactic.net\/pl\/wp-json\/wp\/v2\/media?parent=406852"}],"wp:term":[{"taxonomy":"product_brand","embeddable":true,"href":"https:\/\/games.tactic.net\/pl\/wp-json\/wp\/v2\/product_brand?post=406852"},{"taxonomy":"product_cat","embeddable":true,"href":"https:\/\/games.tactic.net\/pl\/wp-json\/wp\/v2\/product_cat?post=406852"},{"taxonomy":"product_tag","embeddable":true,"href":"https:\/\/games.tactic.net\/pl\/wp-json\/wp\/v2\/product_tag?post=406852"},{"taxonomy":"brand","embeddable":true,"href":"https:\/\/games.tactic.net\/pl\/wp-json\/wp\/v2\/brand?post=406852"},{"taxonomy":"target-group","embeddable":true,"href":"https:\/\/games.tactic.net\/pl\/wp-json\/wp\/v2\/target-group?post=406852"},{"taxonomy":"discontinued","embeddable":true,"href":"https:\/\/games.tactic.net\/pl\/wp-json\/wp\/v2\/discontinued?post=406852"}],"curies":[{"name":"wp","href":"https:\/\/api.w.org\/{rel}","templated":true}]}}