{"id":406543,"date":"2022-01-31T10:31:06","date_gmt":"2022-01-31T08:31:06","guid":{"rendered":"https:\/\/games.tactic.net\/tuote\/king-of-the-hill\/"},"modified":"2025-02-24T15:37:28","modified_gmt":"2025-02-24T13:37:28","slug":"king-of-the-hill","status":"archive","type":"product","link":"https:\/\/games.tactic.net\/pl\/tuote\/king-of-the-hill\/","title":{"rendered":"Tactic King of the Hill outdoor game"},"content":{"rendered":"<p>Zbuduj zamek, umie\u015b\u0107 w nim lub na nim kr\u00f3la i jego kumpli i zacznij atakowa\u0107! Zdobywasz punkty za ka\u017cd\u0105 niewywr\u00f3con\u0105 cz\u0119\u015b\u0107 zamku, a tracisz za niestr\u0105conego \u017co\u0142nierza. Wygrywa gracz z najwi\u0119ksz\u0105 liczb\u0105 punkt\u00f3w!<br \/>\nNajwy\u017cszej jako\u015bci wykonanie.<br \/>\nWymaga zr\u0119czno\u015bci i odpowiedniej taktyki.<\/p>\n","protected":false},"excerpt":{"rendered":"<p>Zbuduj zamek, umie\u015b\u0107 w nim lub na nim kr\u00f3la i jego kumpli i zacznij atakowa\u0107! Zdobywasz punkty za ka\u017cd\u0105 niewywr\u00f3con\u0105 cz\u0119\u015b\u0107 zamku, a tracisz za niestr\u0105conego \u017co\u0142nierza. Wygrywa gracz z najwi\u0119ksz\u0105 liczb\u0105 punkt\u00f3w!<\/p>\n","protected":false},"featured_media":0,"template":"","meta":{"content-type":"","_monsterinsights_skip_tracking":false,"_monsterinsights_sitenote_active":false,"_monsterinsights_sitenote_note":"","_monsterinsights_sitenote_category":0},"product_brand":[],"product_cat":[1939,2252],"product_tag":[897,1253],"brand":[],"target-group":[],"discontinued":[],"class_list":{"0":"post-406543","1":"product","2":"type-product","3":"status-archive","5":"product_cat-inne-gry-plenerowe-gry-plenerowe","6":"product_cat-outlet-6","7":"product_tag-taktyka","8":"product_tag-umiejetnosc-pl","10":"first","11":"outofstock","12":"sale","13":"taxable","14":"shipping-taxable","15":"product-type-simple"},"aioseo_notices":[],"_links":{"self":[{"href":"https:\/\/games.tactic.net\/pl\/wp-json\/wp\/v2\/product\/406543","targetHints":{"allow":["GET"]}}],"collection":[{"href":"https:\/\/games.tactic.net\/pl\/wp-json\/wp\/v2\/product"}],"about":[{"href":"https:\/\/games.tactic.net\/pl\/wp-json\/wp\/v2\/types\/product"}],"wp:attachment":[{"href":"https:\/\/games.tactic.net\/pl\/wp-json\/wp\/v2\/media?parent=406543"}],"wp:term":[{"taxonomy":"product_brand","embeddable":true,"href":"https:\/\/games.tactic.net\/pl\/wp-json\/wp\/v2\/product_brand?post=406543"},{"taxonomy":"product_cat","embeddable":true,"href":"https:\/\/games.tactic.net\/pl\/wp-json\/wp\/v2\/product_cat?post=406543"},{"taxonomy":"product_tag","embeddable":true,"href":"https:\/\/games.tactic.net\/pl\/wp-json\/wp\/v2\/product_tag?post=406543"},{"taxonomy":"brand","embeddable":true,"href":"https:\/\/games.tactic.net\/pl\/wp-json\/wp\/v2\/brand?post=406543"},{"taxonomy":"target-group","embeddable":true,"href":"https:\/\/games.tactic.net\/pl\/wp-json\/wp\/v2\/target-group?post=406543"},{"taxonomy":"discontinued","embeddable":true,"href":"https:\/\/games.tactic.net\/pl\/wp-json\/wp\/v2\/discontinued?post=406543"}],"curies":[{"name":"wp","href":"https:\/\/api.w.org\/{rel}","templated":true}]}}