{"id":406514,"date":"2022-01-31T10:30:55","date_gmt":"2022-01-31T08:30:55","guid":{"rendered":"https:\/\/games.tactic.net\/tuote\/bagit\/"},"modified":"2022-02-08T09:22:36","modified_gmt":"2022-02-08T07:22:36","slug":"bagit","status":"archive","type":"product","link":"https:\/\/games.tactic.net\/pl\/tuote\/bagit\/","title":{"rendered":"BAGit!"},"content":{"rendered":"<p>Gracze dziel\u0105 si\u0119 na dwa zespo\u0142y. Ka\u017cda dru\u017cyna pr\u00f3buje umie\u015bci\u0107 sw\u00f3j woreczek w koszu przeciwnik\u00f3w, aby zdoby\u0107 punkt. Jednocze\u015bnie musi blokowa\u0107 poczynania rywali, kt\u00f3rzy usi\u0142uj\u0105 zrobi\u0107 to samo. <br \/>\u2022Ta gra was rozrusza! <br \/>\u2022Proste zasady gwarantuj\u0105, \u017ce nawet najm\u0142odsi zawodnicy \u015bwietnie odnajd\u0105 si\u0119 w grze! <\/p>\n<p>Zawarto\u015b\u0107: Zasady, dwa kosze oraz dwa woreczki.<\/p>\n","protected":false},"excerpt":{"rendered":"<p>Gracze dziel\u0105 si\u0119 na dwa zespo\u0142y. Ka\u017cda dru\u017cyna pr\u00f3buje umie\u015bci\u0107 sw\u00f3j woreczek w k&#8230;<\/p>\n","protected":false},"featured_media":0,"template":"","meta":{"content-type":"","_monsterinsights_skip_tracking":false,"_monsterinsights_sitenote_active":false,"_monsterinsights_sitenote_note":"","_monsterinsights_sitenote_category":0},"product_brand":[],"product_cat":[1939],"product_tag":[],"brand":[],"target-group":[],"discontinued":[],"class_list":{"0":"post-406514","1":"product","2":"type-product","3":"status-archive","5":"product_cat-inne-gry-plenerowe-gry-plenerowe","7":"first","8":"outofstock","9":"taxable","10":"shipping-taxable","11":"product-type-simple"},"aioseo_notices":[],"_links":{"self":[{"href":"https:\/\/games.tactic.net\/pl\/wp-json\/wp\/v2\/product\/406514","targetHints":{"allow":["GET"]}}],"collection":[{"href":"https:\/\/games.tactic.net\/pl\/wp-json\/wp\/v2\/product"}],"about":[{"href":"https:\/\/games.tactic.net\/pl\/wp-json\/wp\/v2\/types\/product"}],"wp:attachment":[{"href":"https:\/\/games.tactic.net\/pl\/wp-json\/wp\/v2\/media?parent=406514"}],"wp:term":[{"taxonomy":"product_brand","embeddable":true,"href":"https:\/\/games.tactic.net\/pl\/wp-json\/wp\/v2\/product_brand?post=406514"},{"taxonomy":"product_cat","embeddable":true,"href":"https:\/\/games.tactic.net\/pl\/wp-json\/wp\/v2\/product_cat?post=406514"},{"taxonomy":"product_tag","embeddable":true,"href":"https:\/\/games.tactic.net\/pl\/wp-json\/wp\/v2\/product_tag?post=406514"},{"taxonomy":"brand","embeddable":true,"href":"https:\/\/games.tactic.net\/pl\/wp-json\/wp\/v2\/brand?post=406514"},{"taxonomy":"target-group","embeddable":true,"href":"https:\/\/games.tactic.net\/pl\/wp-json\/wp\/v2\/target-group?post=406514"},{"taxonomy":"discontinued","embeddable":true,"href":"https:\/\/games.tactic.net\/pl\/wp-json\/wp\/v2\/discontinued?post=406514"}],"curies":[{"name":"wp","href":"https:\/\/api.w.org\/{rel}","templated":true}]}}