{"id":406303,"date":"2022-01-31T10:27:29","date_gmt":"2022-01-31T08:27:29","guid":{"rendered":"https:\/\/games.tactic.net\/tuote\/kaleva\/"},"modified":"2022-01-31T10:27:55","modified_gmt":"2022-01-31T08:27:55","slug":"kaleva","status":"archive","type":"product","link":"https:\/\/games.tactic.net\/pl\/tuote\/kaleva\/","title":{"rendered":"Kaleva"},"content":{"rendered":"<p>U\u017cyj nadzwyczajnych mocy legendarnych nordyckich b\u00f3stw, aby umie\u015bci\u0107 trzy swoje pionki na stronie przeciwnika. Strategia, taktyka i blef powiod\u0105 si\u0119 ku zwyci\u0119stwu!<\/p>\n<div><\/p>\n<li>Oprawa gry to interesuj\u0105ce po\u0142\u0105czenie tradycji z nowoczesno\u015bci\u0105.<\/li>\n<li>Prawdziwy pojedynek \u2013 dw\u00f3ch graczy, jeden zwyci\u0119zca!<\/li>\n<li>Temat oparty na mitologii fi\u0144skiej.<\/li>\n<\/div>\n","protected":false},"excerpt":{"rendered":"<p>U\u017cyj nadzwyczajnych mocy legendarnych nordyckich b\u00f3stw, aby umie\u015bci\u0107 trzy swoje pionki na stronie przeciwnika. Strategia, taktyka i blef powiod\u0105 si\u0119 ku zwyci\u0119stwu!<\/p>\n","protected":false},"featured_media":0,"template":"","meta":{"content-type":"","_monsterinsights_skip_tracking":false,"_monsterinsights_sitenote_active":false,"_monsterinsights_sitenote_note":"","_monsterinsights_sitenote_category":0},"product_brand":[],"product_cat":[1782],"product_tag":[],"brand":[],"target-group":[],"discontinued":[],"class_list":{"0":"post-406303","1":"product","2":"type-product","3":"status-archive","5":"product_cat-strategiczne-dla-doroslych-gry-dla-doroslych","7":"first","8":"outofstock","9":"taxable","10":"shipping-taxable","11":"product-type-simple"},"aioseo_notices":[],"_links":{"self":[{"href":"https:\/\/games.tactic.net\/pl\/wp-json\/wp\/v2\/product\/406303","targetHints":{"allow":["GET"]}}],"collection":[{"href":"https:\/\/games.tactic.net\/pl\/wp-json\/wp\/v2\/product"}],"about":[{"href":"https:\/\/games.tactic.net\/pl\/wp-json\/wp\/v2\/types\/product"}],"wp:attachment":[{"href":"https:\/\/games.tactic.net\/pl\/wp-json\/wp\/v2\/media?parent=406303"}],"wp:term":[{"taxonomy":"product_brand","embeddable":true,"href":"https:\/\/games.tactic.net\/pl\/wp-json\/wp\/v2\/product_brand?post=406303"},{"taxonomy":"product_cat","embeddable":true,"href":"https:\/\/games.tactic.net\/pl\/wp-json\/wp\/v2\/product_cat?post=406303"},{"taxonomy":"product_tag","embeddable":true,"href":"https:\/\/games.tactic.net\/pl\/wp-json\/wp\/v2\/product_tag?post=406303"},{"taxonomy":"brand","embeddable":true,"href":"https:\/\/games.tactic.net\/pl\/wp-json\/wp\/v2\/brand?post=406303"},{"taxonomy":"target-group","embeddable":true,"href":"https:\/\/games.tactic.net\/pl\/wp-json\/wp\/v2\/target-group?post=406303"},{"taxonomy":"discontinued","embeddable":true,"href":"https:\/\/games.tactic.net\/pl\/wp-json\/wp\/v2\/discontinued?post=406303"}],"curies":[{"name":"wp","href":"https:\/\/api.w.org\/{rel}","templated":true}]}}