{"id":405053,"date":"2022-01-31T09:54:56","date_gmt":"2022-01-31T07:54:56","guid":{"rendered":"https:\/\/games.tactic.net\/tuote\/minionki-puzzle-56-elementow\/"},"modified":"2022-01-31T09:54:56","modified_gmt":"2022-01-31T07:54:56","slug":"minionki-puzzle-56-elementow","status":"archive","type":"product","link":"https:\/\/games.tactic.net\/pl\/tuote\/minionki-puzzle-56-elementow\/","title":{"rendered":"Minionki Puzzle 56 element\u00f3w"},"content":{"rendered":"<p><b>Puzzle 56 element\u00f3w.<\/b><br \/>\nZawieraj\u0105 wytrzyma\u0142e elementy o wysokiej jako\u015bci i motywy ze \u015bwiata Minionk\u00f3w.<br \/>\nSzczeg\u00f3lnie polecane dla m\u0142odszych mi\u0142o\u015bnik\u00f3w Minionk\u00f3w i uk\u0142adania puzzli.<\/p>\n","protected":false},"excerpt":{"rendered":"<p><b>Puzzle 56 element\u00f3w.<\/b><br \/>\nZawieraj\u0105 wytrzyma\u0142e elementy o wysokiej jako\u015bci i motywy ze \u015bwiata Minionk\u00f3w.<\/p>\n","protected":false},"featured_media":0,"template":"","meta":{"content-type":"","_monsterinsights_skip_tracking":false,"_monsterinsights_sitenote_active":false,"_monsterinsights_sitenote_note":"","_monsterinsights_sitenote_category":0},"product_brand":[],"product_cat":[1792],"product_tag":[],"brand":[],"target-group":[],"discontinued":[],"class_list":{"0":"post-405053","1":"product","2":"type-product","3":"status-archive","5":"product_cat-puzzle-dla-dzieci-gry-dla-dzieci","7":"first","8":"outofstock","9":"taxable","10":"shipping-taxable","11":"product-type-simple"},"aioseo_notices":[],"_links":{"self":[{"href":"https:\/\/games.tactic.net\/pl\/wp-json\/wp\/v2\/product\/405053","targetHints":{"allow":["GET"]}}],"collection":[{"href":"https:\/\/games.tactic.net\/pl\/wp-json\/wp\/v2\/product"}],"about":[{"href":"https:\/\/games.tactic.net\/pl\/wp-json\/wp\/v2\/types\/product"}],"wp:attachment":[{"href":"https:\/\/games.tactic.net\/pl\/wp-json\/wp\/v2\/media?parent=405053"}],"wp:term":[{"taxonomy":"product_brand","embeddable":true,"href":"https:\/\/games.tactic.net\/pl\/wp-json\/wp\/v2\/product_brand?post=405053"},{"taxonomy":"product_cat","embeddable":true,"href":"https:\/\/games.tactic.net\/pl\/wp-json\/wp\/v2\/product_cat?post=405053"},{"taxonomy":"product_tag","embeddable":true,"href":"https:\/\/games.tactic.net\/pl\/wp-json\/wp\/v2\/product_tag?post=405053"},{"taxonomy":"brand","embeddable":true,"href":"https:\/\/games.tactic.net\/pl\/wp-json\/wp\/v2\/brand?post=405053"},{"taxonomy":"target-group","embeddable":true,"href":"https:\/\/games.tactic.net\/pl\/wp-json\/wp\/v2\/target-group?post=405053"},{"taxonomy":"discontinued","embeddable":true,"href":"https:\/\/games.tactic.net\/pl\/wp-json\/wp\/v2\/discontinued?post=405053"}],"curies":[{"name":"wp","href":"https:\/\/api.w.org\/{rel}","templated":true}]}}