{"id":404925,"date":"2022-01-31T09:51:55","date_gmt":"2022-01-31T07:51:55","guid":{"rendered":"https:\/\/games.tactic.net\/tuote\/muminki-puzzle-w-puszce-56-elementow\/"},"modified":"2022-01-31T09:51:55","modified_gmt":"2022-01-31T07:51:55","slug":"muminki-puzzle-w-puszce-56-elementow","status":"archive","type":"product","link":"https:\/\/games.tactic.net\/pl\/tuote\/muminki-puzzle-w-puszce-56-elementow\/","title":{"rendered":"Muminki puzzle w puszce 56 element\u00f3w"},"content":{"rendered":"<p>Rozmiar po z\u0142o\u017ceniu 42 x 30 cm.<\/p>\n","protected":false},"excerpt":{"rendered":"<p>Rozmiar po z\u0142o\u017ceniu 42 x 30 cm.<\/p>\n","protected":false},"featured_media":0,"template":"","meta":{"content-type":"","_monsterinsights_skip_tracking":false,"_monsterinsights_sitenote_active":false,"_monsterinsights_sitenote_note":"","_monsterinsights_sitenote_category":0},"product_brand":[],"product_cat":[1792],"product_tag":[],"brand":[],"target-group":[],"discontinued":[],"class_list":{"0":"post-404925","1":"product","2":"type-product","3":"status-archive","5":"product_cat-puzzle-dla-dzieci-gry-dla-dzieci","7":"first","8":"outofstock","9":"taxable","10":"shipping-taxable","11":"product-type-simple"},"aioseo_notices":[],"_links":{"self":[{"href":"https:\/\/games.tactic.net\/pl\/wp-json\/wp\/v2\/product\/404925","targetHints":{"allow":["GET"]}}],"collection":[{"href":"https:\/\/games.tactic.net\/pl\/wp-json\/wp\/v2\/product"}],"about":[{"href":"https:\/\/games.tactic.net\/pl\/wp-json\/wp\/v2\/types\/product"}],"wp:attachment":[{"href":"https:\/\/games.tactic.net\/pl\/wp-json\/wp\/v2\/media?parent=404925"}],"wp:term":[{"taxonomy":"product_brand","embeddable":true,"href":"https:\/\/games.tactic.net\/pl\/wp-json\/wp\/v2\/product_brand?post=404925"},{"taxonomy":"product_cat","embeddable":true,"href":"https:\/\/games.tactic.net\/pl\/wp-json\/wp\/v2\/product_cat?post=404925"},{"taxonomy":"product_tag","embeddable":true,"href":"https:\/\/games.tactic.net\/pl\/wp-json\/wp\/v2\/product_tag?post=404925"},{"taxonomy":"brand","embeddable":true,"href":"https:\/\/games.tactic.net\/pl\/wp-json\/wp\/v2\/brand?post=404925"},{"taxonomy":"target-group","embeddable":true,"href":"https:\/\/games.tactic.net\/pl\/wp-json\/wp\/v2\/target-group?post=404925"},{"taxonomy":"discontinued","embeddable":true,"href":"https:\/\/games.tactic.net\/pl\/wp-json\/wp\/v2\/discontinued?post=404925"}],"curies":[{"name":"wp","href":"https:\/\/api.w.org\/{rel}","templated":true}]}}