{"id":402220,"date":"2022-01-31T08:58:22","date_gmt":"2022-01-31T06:58:22","guid":{"rendered":"https:\/\/games.tactic.net\/tuote\/collection-classique-mikado\/"},"modified":"2023-03-15T13:38:47","modified_gmt":"2023-03-15T11:38:47","slug":"collection-classique-mikado","status":"archive","type":"product","link":"https:\/\/games.tactic.net\/pl\/tuote\/collection-classique-mikado\/","title":{"rendered":"Collection Classique Mikado"},"content":{"rendered":"<p><b>NIECH R\u0118KA CI NIE ZADR\u017bY!<\/b> <\/p>\n<p>Zbierz bierki o jak najwi\u0119kszej warto\u015bci. Je\u015bli twoja r\u0119ka nie drgnie w nieodpowiednim momencie, zostaniesz zwyci\u0119zc\u0105!<\/p>\n<p> <b>Zawarto\u015b\u0107:<\/b> 41 patyczk\u00f3w, instrukcja.<\/p>\n<p> Gra zr\u0119czno\u015bciowa dla 2 i wi\u0119cej graczy w wieku 7+.<\/p>\n","protected":false},"excerpt":{"rendered":"<p><b>NIECH R\u0118KA CI NIE ZADR\u017bY!<\/b> <\/p>\n<p>Zbierz bierki o jak najwi\u0119kszej warto\u015bci. Je\u015bli twoja r\u0119ka nie drgnie w nieodpowiednim momencie, zostaniesz zwyci\u0119zc\u0105<\/p>\n","protected":false},"featured_media":0,"template":"","meta":{"content-type":"","_monsterinsights_skip_tracking":false,"_monsterinsights_sitenote_active":false,"_monsterinsights_sitenote_note":"","_monsterinsights_sitenote_category":0},"product_brand":[],"product_cat":[1807,1806],"product_tag":[1253,991],"brand":[],"target-group":[],"discontinued":[],"class_list":{"0":"post-402220","1":"product","2":"type-product","3":"status-archive","5":"product_cat-klasyczne-gry-rodzinne","6":"product_cat-klasyczne-gry-dla-doroslych","7":"product_tag-umiejetnosc-pl","8":"product_tag-zabawa","10":"first","11":"outofstock","12":"taxable","13":"shipping-taxable","14":"product-type-simple"},"aioseo_notices":[],"_links":{"self":[{"href":"https:\/\/games.tactic.net\/pl\/wp-json\/wp\/v2\/product\/402220","targetHints":{"allow":["GET"]}}],"collection":[{"href":"https:\/\/games.tactic.net\/pl\/wp-json\/wp\/v2\/product"}],"about":[{"href":"https:\/\/games.tactic.net\/pl\/wp-json\/wp\/v2\/types\/product"}],"wp:attachment":[{"href":"https:\/\/games.tactic.net\/pl\/wp-json\/wp\/v2\/media?parent=402220"}],"wp:term":[{"taxonomy":"product_brand","embeddable":true,"href":"https:\/\/games.tactic.net\/pl\/wp-json\/wp\/v2\/product_brand?post=402220"},{"taxonomy":"product_cat","embeddable":true,"href":"https:\/\/games.tactic.net\/pl\/wp-json\/wp\/v2\/product_cat?post=402220"},{"taxonomy":"product_tag","embeddable":true,"href":"https:\/\/games.tactic.net\/pl\/wp-json\/wp\/v2\/product_tag?post=402220"},{"taxonomy":"brand","embeddable":true,"href":"https:\/\/games.tactic.net\/pl\/wp-json\/wp\/v2\/brand?post=402220"},{"taxonomy":"target-group","embeddable":true,"href":"https:\/\/games.tactic.net\/pl\/wp-json\/wp\/v2\/target-group?post=402220"},{"taxonomy":"discontinued","embeddable":true,"href":"https:\/\/games.tactic.net\/pl\/wp-json\/wp\/v2\/discontinued?post=402220"}],"curies":[{"name":"wp","href":"https:\/\/api.w.org\/{rel}","templated":true}]}}