{"id":401673,"date":"2022-01-31T08:55:10","date_gmt":"2022-01-31T06:55:10","guid":{"rendered":"https:\/\/games.tactic.net\/tuote\/totem\/"},"modified":"2022-03-21T12:09:32","modified_gmt":"2022-03-21T10:09:32","slug":"totem","status":"archive","type":"product","link":"https:\/\/games.tactic.net\/pl\/tuote\/totem\/","title":{"rendered":"Totem"},"content":{"rendered":"<p>STRATEGICZNA GRA NIE TYLKO DLA INDIAN. B\u0105d\u017a pierwszym, kt\u00f3rego totem przemierzy ca\u0142\u0105 plansz\u0119. Specjalnie oznakowane pola sprawiaj\u0105, \u017ce to nie\u0142atwe zadanie. <\/p>\n<p>\u2022 Pola zmieniaj\u0105 swe znaczenie, st\u0105d ka\u017cda rozgrywka to inne wyzwanie! <\/p>\n<p>\u2022 Fantastyczne pionki-totemy!<\/p>\n<p>\u2022 Mo\u017cesz pobra\u0107 aplikacj\u0119 dla dodatkowej niespodzianki w grze!<\/p>\n<p><font size=\"2\"><br \/><u><b>______________________________<\/p>\n<p>Przeczytaj recenzje gry:<br \/><\/b><\/u><br \/>&#8211; <a href=\"http:\/\/mlodygiercownik.blog.pl\/2016\/11\/26\/recenzja-gry-planszowej-totem\/\" title=\"\" target=\"\" rel=\"noopener\">Blog M\u0142ody Giercownik<\/a><br \/><\/font><\/p>\n","protected":false},"excerpt":{"rendered":"<p>STRATEGICZNA GRA NIE TYLKO DLA INDIAN. B\u0105d\u017a pierwszym, kt\u00f3rego totem przemierzy ca\u0142\u0105 plansz\u0119. Specjalnie oznakowane pola sprawiaj\u0105, \u017ce to nie\u0142atwe zadanie. <\/p>\n","protected":false},"featured_media":0,"template":"","meta":{"content-type":"","_monsterinsights_skip_tracking":false,"_monsterinsights_sitenote_active":false,"_monsterinsights_sitenote_note":"","_monsterinsights_sitenote_category":0},"product_brand":[],"product_cat":[1805],"product_tag":[1247,897],"brand":[],"target-group":[],"discontinued":[],"class_list":{"0":"post-401673","1":"product","2":"type-product","3":"status-archive","5":"product_cat-gry-planszowe","6":"product_tag-strategia-pl","7":"product_tag-taktyka","9":"first","10":"outofstock","11":"taxable","12":"shipping-taxable","13":"product-type-simple"},"aioseo_notices":[],"_links":{"self":[{"href":"https:\/\/games.tactic.net\/pl\/wp-json\/wp\/v2\/product\/401673","targetHints":{"allow":["GET"]}}],"collection":[{"href":"https:\/\/games.tactic.net\/pl\/wp-json\/wp\/v2\/product"}],"about":[{"href":"https:\/\/games.tactic.net\/pl\/wp-json\/wp\/v2\/types\/product"}],"wp:attachment":[{"href":"https:\/\/games.tactic.net\/pl\/wp-json\/wp\/v2\/media?parent=401673"}],"wp:term":[{"taxonomy":"product_brand","embeddable":true,"href":"https:\/\/games.tactic.net\/pl\/wp-json\/wp\/v2\/product_brand?post=401673"},{"taxonomy":"product_cat","embeddable":true,"href":"https:\/\/games.tactic.net\/pl\/wp-json\/wp\/v2\/product_cat?post=401673"},{"taxonomy":"product_tag","embeddable":true,"href":"https:\/\/games.tactic.net\/pl\/wp-json\/wp\/v2\/product_tag?post=401673"},{"taxonomy":"brand","embeddable":true,"href":"https:\/\/games.tactic.net\/pl\/wp-json\/wp\/v2\/brand?post=401673"},{"taxonomy":"target-group","embeddable":true,"href":"https:\/\/games.tactic.net\/pl\/wp-json\/wp\/v2\/target-group?post=401673"},{"taxonomy":"discontinued","embeddable":true,"href":"https:\/\/games.tactic.net\/pl\/wp-json\/wp\/v2\/discontinued?post=401673"}],"curies":[{"name":"wp","href":"https:\/\/api.w.org\/{rel}","templated":true}]}}