{"id":401630,"date":"2022-01-31T08:54:58","date_gmt":"2022-01-31T06:54:58","guid":{"rendered":"https:\/\/games.tactic.net\/tuote\/block-out\/"},"modified":"2023-09-15T12:31:00","modified_gmt":"2023-09-15T09:31:00","slug":"block-out","status":"archive","type":"product","link":"https:\/\/games.tactic.net\/pl\/tuote\/block-out\/","title":{"rendered":"Block Out!"},"content":{"rendered":"<p><font size=\"2\"><b>U\u0142\u00f3\u017c stos z niestabilnych klock\u00f3w! Pierwszy gracz, kt\u00f3ry pozb\u0119dzie si\u0119 swych kart lub z powodzeniem po\u0142o\u017cy na stosie dziewi\u0105ty klocek wygrywa!<\/b><\/p>\n<p><\/font><\/p>\n<li><font size=\"2\">Stylowe i solidnie wykonane elementy.<\/font><\/li>\n<p><font size=\"2\"><br \/>\n<\/font><\/p>\n<li><font size=\"2\">Karty wska\u017c\u0105 ci, jakich klock\u00f3w mo\u017cesz u\u017cy\u0107.<\/font><\/li>\n<p><font size=\"2\"><br \/>\n<\/font><\/p>\n<li><font size=\"2\">\u015awietna zabawa dla ca\u0142ej rodziny!<\/font><\/li>\n<p><font size=\"2\"><br \/><u><b>______________________________<\/p>\n<p>Przeczytaj recenzje gry:<br \/><\/b><\/u><br \/>&#8211; <a href=\"http:\/\/ktopyzianiebladzi.pl\/najlepsza-planszowka-gralem\/\" title=\"\" target=\"\" rel=\"noopener\">Blog Kto Pyzia, nie b\u0142\u0105dzi<\/a><\/p>\n<p>&#8211; <a href=\"http:\/\/www.maluszkoweinspiracje.pl\/2017\/09\/idzie-jesien-pora-na-planszowki.html\" title=\"\" target=\"\" rel=\"noopener\">Blog Maluszkowe Inspiracje<\/a><\/p>\n<p>&#8211; <a href=\"http:\/\/mamajanka.blogspot.com\/2016\/05\/block-out-czyli-budujemy-wieze.html\" title=\"\" target=\"\" rel=\"noopener\">Blog Mama Janka<\/a><br \/><a href=\"http:\/\/ktopyzianiebladzi.pl\/najlepsza-planszowka-gralem\/\" title=\"\" target=\"\" rel=\"noopener\"> <\/a><br \/>&#8211; <a href=\"http:\/\/kusiatka.blogspot.com\/2016\/05\/block-out.html\" title=\"\" target=\"\" rel=\"noopener\">Blog Kusi\u0105tka<\/a><\/p>\n<p>&#8211; <a href=\"https:\/\/ciekawegry.wordpress.com\/2016\/03\/27\/zagralem-w-block-out\/\" title=\"\" target=\"\" rel=\"noopener\">Blog Ciekawe Gry<\/a><\/p>\n<p>&#8211; <a href=\"http:\/\/mlodygiercownik.blog.pl\/2016\/07\/22\/recenzja-gry-block-out\/\" title=\"\" target=\"\" rel=\"noopener\">Blog M\u0142ody Giercownik<\/a><\/p>\n<p>&#8211; <a href=\"https:\/\/gameby.pl\/block-out-gra-planszowa-recenzja\/\" title=\"\" target=\"\" rel=\"noopener\">Blog GameBy<\/a><br \/><\/font><\/p>\n","protected":false},"excerpt":{"rendered":"<p>U\u0142\u00f3\u017c stos z niestabilnych klock\u00f3w! Pierwszy gracz, kt\u00f3ry pozb\u0119dzie si\u0119 swych kart lub z powodzeniem po\u0142o\u017cy na stosie dziewi\u0105ty klocek wygrywa!<\/p>\n","protected":false},"featured_media":0,"template":"","meta":{"content-type":"","_monsterinsights_skip_tracking":false,"_monsterinsights_sitenote_active":false,"_monsterinsights_sitenote_note":"","_monsterinsights_sitenote_category":0},"product_brand":[],"product_cat":[1805],"product_tag":[897,1253],"brand":[],"target-group":[],"discontinued":[],"class_list":{"0":"post-401630","1":"product","2":"type-product","3":"status-archive","5":"product_cat-gry-planszowe","6":"product_tag-taktyka","7":"product_tag-umiejetnosc-pl","9":"first","10":"outofstock","11":"taxable","12":"shipping-taxable","13":"product-type-simple"},"aioseo_notices":[],"_links":{"self":[{"href":"https:\/\/games.tactic.net\/pl\/wp-json\/wp\/v2\/product\/401630","targetHints":{"allow":["GET"]}}],"collection":[{"href":"https:\/\/games.tactic.net\/pl\/wp-json\/wp\/v2\/product"}],"about":[{"href":"https:\/\/games.tactic.net\/pl\/wp-json\/wp\/v2\/types\/product"}],"wp:attachment":[{"href":"https:\/\/games.tactic.net\/pl\/wp-json\/wp\/v2\/media?parent=401630"}],"wp:term":[{"taxonomy":"product_brand","embeddable":true,"href":"https:\/\/games.tactic.net\/pl\/wp-json\/wp\/v2\/product_brand?post=401630"},{"taxonomy":"product_cat","embeddable":true,"href":"https:\/\/games.tactic.net\/pl\/wp-json\/wp\/v2\/product_cat?post=401630"},{"taxonomy":"product_tag","embeddable":true,"href":"https:\/\/games.tactic.net\/pl\/wp-json\/wp\/v2\/product_tag?post=401630"},{"taxonomy":"brand","embeddable":true,"href":"https:\/\/games.tactic.net\/pl\/wp-json\/wp\/v2\/brand?post=401630"},{"taxonomy":"target-group","embeddable":true,"href":"https:\/\/games.tactic.net\/pl\/wp-json\/wp\/v2\/target-group?post=401630"},{"taxonomy":"discontinued","embeddable":true,"href":"https:\/\/games.tactic.net\/pl\/wp-json\/wp\/v2\/discontinued?post=401630"}],"curies":[{"name":"wp","href":"https:\/\/api.w.org\/{rel}","templated":true}]}}