{"id":401503,"date":"2022-01-31T08:54:12","date_gmt":"2022-01-31T06:54:12","guid":{"rendered":"https:\/\/games.tactic.net\/tuote\/dosa\/"},"modified":"2025-02-24T15:28:03","modified_gmt":"2025-02-24T13:28:03","slug":"dosa","status":"archive","type":"product","link":"https:\/\/games.tactic.net\/pl\/tuote\/dosa\/","title":{"rendered":"Tactic Dosa"},"content":{"rendered":"<p>Rzu\u0107 kr\u0105\u017ckiem Dosa tak, aby wykorzystuj\u0105c technologi\u0119 Magdrop bez po\u015blizgu wyl\u0105dowa\u0142 on na planszy. Gra wymaga zr\u0119czno\u015bci, jednak do odniesienia zwyci\u0119stwa konieczne jest tak\u017ce zastosowanie odpowiedniej taktyki. Ca\u0142kowicie nowa i bardzo wci\u0105gaj\u0105ca gra zr\u0119czno\u015bciowa. W zestawie s\u0105 du\u017ce plastikowe kr\u0105\u017cki wykonane z zastosowaniem unikalnej technologii. \u0141atwa w nauce, zapewnia \u015bwietn\u0105 zabaw\u0119!<\/p>\n","protected":false},"excerpt":{"rendered":"<p>Rzu\u0107 kr\u0105\u017ckiem Dosa tak, aby wykorzystuj\u0105c technologi\u0119 Magdrop bez po\u015blizgu wyl\u0105dowa\u0142 on na planszy. Gra wymaga zr\u0119czno\u015bci, jednak do odniesienia zwyci\u0119stwa konieczne jest tak\u017ce zastosowanie odpowiedniej taktyki.<\/p>\n","protected":false},"featured_media":0,"template":"","meta":{"content-type":"","_monsterinsights_skip_tracking":false,"_monsterinsights_sitenote_active":false,"_monsterinsights_sitenote_note":"","_monsterinsights_sitenote_category":0},"product_brand":[],"product_cat":[1805],"product_tag":[],"brand":[],"target-group":[],"discontinued":[],"class_list":{"0":"post-401503","1":"product","2":"type-product","3":"status-archive","5":"product_cat-gry-planszowe","7":"first","8":"outofstock","9":"taxable","10":"shipping-taxable","11":"product-type-simple"},"aioseo_notices":[],"_links":{"self":[{"href":"https:\/\/games.tactic.net\/pl\/wp-json\/wp\/v2\/product\/401503","targetHints":{"allow":["GET"]}}],"collection":[{"href":"https:\/\/games.tactic.net\/pl\/wp-json\/wp\/v2\/product"}],"about":[{"href":"https:\/\/games.tactic.net\/pl\/wp-json\/wp\/v2\/types\/product"}],"wp:attachment":[{"href":"https:\/\/games.tactic.net\/pl\/wp-json\/wp\/v2\/media?parent=401503"}],"wp:term":[{"taxonomy":"product_brand","embeddable":true,"href":"https:\/\/games.tactic.net\/pl\/wp-json\/wp\/v2\/product_brand?post=401503"},{"taxonomy":"product_cat","embeddable":true,"href":"https:\/\/games.tactic.net\/pl\/wp-json\/wp\/v2\/product_cat?post=401503"},{"taxonomy":"product_tag","embeddable":true,"href":"https:\/\/games.tactic.net\/pl\/wp-json\/wp\/v2\/product_tag?post=401503"},{"taxonomy":"brand","embeddable":true,"href":"https:\/\/games.tactic.net\/pl\/wp-json\/wp\/v2\/brand?post=401503"},{"taxonomy":"target-group","embeddable":true,"href":"https:\/\/games.tactic.net\/pl\/wp-json\/wp\/v2\/target-group?post=401503"},{"taxonomy":"discontinued","embeddable":true,"href":"https:\/\/games.tactic.net\/pl\/wp-json\/wp\/v2\/discontinued?post=401503"}],"curies":[{"name":"wp","href":"https:\/\/api.w.org\/{rel}","templated":true}]}}