{"id":401012,"date":"2022-01-31T08:45:19","date_gmt":"2022-01-31T06:45:19","guid":{"rendered":"https:\/\/games.tactic.net\/tuote\/masza-i-niedzwiedz-gra-pamieciowa\/"},"modified":"2023-04-11T12:32:40","modified_gmt":"2023-04-11T09:32:40","slug":"masza-i-niedzwiedz-gra-pamieciowa","status":"archive","type":"product","link":"https:\/\/games.tactic.net\/pl\/tuote\/masza-i-niedzwiedz-gra-pamieciowa\/","title":{"rendered":"Masza i Nied\u017awied\u017a &#8211; Gra pami\u0119ciowa"},"content":{"rendered":"<div>\u0106WICZ PAMI\u0118\u0106 Z MASH\u0104. To gra rozwijaj\u0105ca wasz\u0105 pami\u0119\u0107! Zbierz tak du\u017co par (kart z takim samym obrazkiem) jak to mo\u017cliwe. Ta klasyczna gra dla m\u0142odszych i starszych dzieci jest pe\u0142na pi\u0119knych obrazk\u00f3w!<\/div>\n<div>* Klasyczna gra na podstawie znanej bajki<\/div>\n<div>* Mocne i wytrzyma\u0142e elementy<\/div>\n<div><\/div>\n<div><\/div>\n<div>Zawarto\u015b\u0107: 54 kartoniki z bohaterami bajki Masza i Nied\u017awied\u017a, zasady gry.<\/div>\n<div><\/div>\n<div>Gra przeznaczona dla 2 i wi\u0119cej graczy w wieku 3+.<\/div>\n","protected":false},"excerpt":{"rendered":"<div>\u0106WICZ PAMI\u0118\u0106 Z MASH\u0104. To gra rozwijaj\u0105ca wasz\u0105 pami\u0119\u0107!<\/div>\n","protected":false},"featured_media":0,"template":"","meta":{"content-type":"","_monsterinsights_skip_tracking":false,"_monsterinsights_sitenote_active":false,"_monsterinsights_sitenote_note":"","_monsterinsights_sitenote_category":0},"product_brand":[],"product_cat":[1780],"product_tag":[1234],"brand":[],"target-group":[],"discontinued":[],"class_list":{"0":"post-401012","1":"product","2":"type-product","3":"status-archive","5":"product_cat-gry-pamieciowe","6":"product_tag-laczenie-pl","8":"first","9":"outofstock","10":"taxable","11":"shipping-taxable","12":"product-type-simple"},"aioseo_notices":[],"_links":{"self":[{"href":"https:\/\/games.tactic.net\/pl\/wp-json\/wp\/v2\/product\/401012","targetHints":{"allow":["GET"]}}],"collection":[{"href":"https:\/\/games.tactic.net\/pl\/wp-json\/wp\/v2\/product"}],"about":[{"href":"https:\/\/games.tactic.net\/pl\/wp-json\/wp\/v2\/types\/product"}],"wp:attachment":[{"href":"https:\/\/games.tactic.net\/pl\/wp-json\/wp\/v2\/media?parent=401012"}],"wp:term":[{"taxonomy":"product_brand","embeddable":true,"href":"https:\/\/games.tactic.net\/pl\/wp-json\/wp\/v2\/product_brand?post=401012"},{"taxonomy":"product_cat","embeddable":true,"href":"https:\/\/games.tactic.net\/pl\/wp-json\/wp\/v2\/product_cat?post=401012"},{"taxonomy":"product_tag","embeddable":true,"href":"https:\/\/games.tactic.net\/pl\/wp-json\/wp\/v2\/product_tag?post=401012"},{"taxonomy":"brand","embeddable":true,"href":"https:\/\/games.tactic.net\/pl\/wp-json\/wp\/v2\/brand?post=401012"},{"taxonomy":"target-group","embeddable":true,"href":"https:\/\/games.tactic.net\/pl\/wp-json\/wp\/v2\/target-group?post=401012"},{"taxonomy":"discontinued","embeddable":true,"href":"https:\/\/games.tactic.net\/pl\/wp-json\/wp\/v2\/discontinued?post=401012"}],"curies":[{"name":"wp","href":"https:\/\/api.w.org\/{rel}","templated":true}]}}