{"id":400577,"date":"2022-01-31T08:41:32","date_gmt":"2022-01-31T06:41:32","guid":{"rendered":"https:\/\/games.tactic.net\/tuote\/masza-i-niedzwiedz-wyscig-do-domku-na-dr\/"},"modified":"2023-05-08T15:36:21","modified_gmt":"2023-05-08T12:36:21","slug":"masza-i-niedzwiedz-wyscig-do-domku-na-dr","status":"archive","type":"product","link":"https:\/\/games.tactic.net\/pl\/tuote\/masza-i-niedzwiedz-wyscig-do-domku-na-dr\/","title":{"rendered":"Masza i Nied\u017awied\u017a &#8211; Wy\u015bcig do domku na dr"},"content":{"rendered":"<div>Rzucaj kostk\u0105 i \u015bcigaj si\u0119 na szczyt! Do\u0142\u0105cz do Maszy, Nied\u017awiedzia i ich przyjaci\u00f3\u0142 w dzikim wy\u015bcigu do domku na drzewie. Wypatruj drabin, kt\u00f3re mog\u0105 Ci pom\u00f3c zdoby\u0107 przewag\u0119 nad reszt\u0105, ale unikaj tych, kt\u00f3re prowadz\u0105 w d\u00f3\u0142. Pierwszy na g\u00f3rze wygrywa!<\/div>\n<div><\/div>\n<div>*Tr\u00f3jwymiarowa wersja klasycznej gry<\/div>\n<div>*Dzi\u0119ki specjalnej kostce szans\u0119 maj\u0105 najm\u0142odsi<\/div>\n<div><\/div>\n<div><\/div>\n<div>Zawarto\u015b\u0107: plansza (4 cz\u0119\u015bci), 4 pionki + 4 plastikowe podstawki, kostka, zasady.<\/div>\n<div><\/div>\n<div>Gra przeznaczona dla 2-4 graczy w wieku 4+.<\/div>\n","protected":false},"excerpt":{"rendered":"<p>Rzucaj kostk\u0105 i \u015bcigaj si\u0119 na szczyt! Do\u0142\u0105cz do Maszy, Nied\u017awiedzia i ich przyjaci\u00f3\u0142 w dzikim wy\u015bcigu do domku na drzewie.<\/p>\n","protected":false},"featured_media":0,"template":"","meta":{"content-type":"","_monsterinsights_skip_tracking":false,"_monsterinsights_sitenote_active":false,"_monsterinsights_sitenote_note":"","_monsterinsights_sitenote_category":0},"product_brand":[],"product_cat":[1796],"product_tag":[1033],"brand":[],"target-group":[],"discontinued":[],"class_list":{"0":"post-400577","1":"product","2":"type-product","3":"status-archive","5":"product_cat-gry-planszowe-dla-dzieci","6":"product_tag-losowosc","8":"first","9":"outofstock","10":"taxable","11":"shipping-taxable","12":"product-type-simple"},"aioseo_notices":[],"_links":{"self":[{"href":"https:\/\/games.tactic.net\/pl\/wp-json\/wp\/v2\/product\/400577","targetHints":{"allow":["GET"]}}],"collection":[{"href":"https:\/\/games.tactic.net\/pl\/wp-json\/wp\/v2\/product"}],"about":[{"href":"https:\/\/games.tactic.net\/pl\/wp-json\/wp\/v2\/types\/product"}],"wp:attachment":[{"href":"https:\/\/games.tactic.net\/pl\/wp-json\/wp\/v2\/media?parent=400577"}],"wp:term":[{"taxonomy":"product_brand","embeddable":true,"href":"https:\/\/games.tactic.net\/pl\/wp-json\/wp\/v2\/product_brand?post=400577"},{"taxonomy":"product_cat","embeddable":true,"href":"https:\/\/games.tactic.net\/pl\/wp-json\/wp\/v2\/product_cat?post=400577"},{"taxonomy":"product_tag","embeddable":true,"href":"https:\/\/games.tactic.net\/pl\/wp-json\/wp\/v2\/product_tag?post=400577"},{"taxonomy":"brand","embeddable":true,"href":"https:\/\/games.tactic.net\/pl\/wp-json\/wp\/v2\/brand?post=400577"},{"taxonomy":"target-group","embeddable":true,"href":"https:\/\/games.tactic.net\/pl\/wp-json\/wp\/v2\/target-group?post=400577"},{"taxonomy":"discontinued","embeddable":true,"href":"https:\/\/games.tactic.net\/pl\/wp-json\/wp\/v2\/discontinued?post=400577"}],"curies":[{"name":"wp","href":"https:\/\/api.w.org\/{rel}","templated":true}]}}