{"id":400548,"date":"2022-01-31T08:41:21","date_gmt":"2022-01-31T06:41:21","guid":{"rendered":"https:\/\/games.tactic.net\/tuote\/masza-i-niedzwiedz-przygoda-w-lesie\/"},"modified":"2023-05-08T15:36:57","modified_gmt":"2023-05-08T12:36:57","slug":"masza-i-niedzwiedz-przygoda-w-lesie","status":"archive","type":"product","link":"https:\/\/games.tactic.net\/pl\/tuote\/masza-i-niedzwiedz-przygoda-w-lesie\/","title":{"rendered":"Masza i Nied\u017awied\u017a &#8211; Przygoda w lesie"},"content":{"rendered":"<div>Prze\u017cyj z przyjaci\u00f3\u0142mi przygod\u0119, poszukuj\u0105c pysznych owoc\u00f3w! Masza uwielbia przyrz\u0105dza\u0107 owocowe ciastka i d\u017cemy \u2013 mimo \u017ce nie zawsze wychodz\u0105 jej idealnie&#8230; Pom\u00f3\u017c jej i misiowi nazbiera\u0107 owoc\u00f3w &#8211; musisz jednak uwa\u017ca\u0107 na muchomory! *Pi\u0119kna gra na podstawie znanej bajki<\/div>\n<div>*Tr\u00f3jwymiarowe elementy<\/div>\n<div>*Edukuje i bawi<\/div>\n<div><\/div>\n<div><\/div>\n<div>Zawarto\u015b\u0107: plansza, 12 plastikowych pionk\u00f3w z owocami, 4 tekturowe koszyczki na owoce, 12 kart do gry, 12 tekturowych dysk\u00f3w, zabudowana kostka.<\/div>\n<div><\/div>\n<div>Gra przeznaczona dla 2 &#8211; 4 graczy w wieku 3+.<\/div>\n","protected":false},"excerpt":{"rendered":"<p>Prze\u017cyj z przyjaci\u00f3\u0142mi przygod\u0119, poszukuj\u0105c pysznych owoc\u00f3w! Masza uwielbia przyrz\u0105dza\u0107 owocowe ciastka i d\u017cemy \u2013 mimo \u017ce nie zawsze wychodz\u0105 jej idealnie&#8230;<\/p>\n","protected":false},"featured_media":0,"template":"","meta":{"content-type":"","_monsterinsights_skip_tracking":false,"_monsterinsights_sitenote_active":false,"_monsterinsights_sitenote_note":"","_monsterinsights_sitenote_category":0},"product_brand":[],"product_cat":[1796],"product_tag":[1033,1234],"brand":[],"target-group":[],"discontinued":[],"class_list":{"0":"post-400548","1":"product","2":"type-product","3":"status-archive","5":"product_cat-gry-planszowe-dla-dzieci","6":"product_tag-losowosc","7":"product_tag-laczenie-pl","9":"first","10":"outofstock","11":"taxable","12":"shipping-taxable","13":"product-type-simple"},"aioseo_notices":[],"_links":{"self":[{"href":"https:\/\/games.tactic.net\/pl\/wp-json\/wp\/v2\/product\/400548","targetHints":{"allow":["GET"]}}],"collection":[{"href":"https:\/\/games.tactic.net\/pl\/wp-json\/wp\/v2\/product"}],"about":[{"href":"https:\/\/games.tactic.net\/pl\/wp-json\/wp\/v2\/types\/product"}],"wp:attachment":[{"href":"https:\/\/games.tactic.net\/pl\/wp-json\/wp\/v2\/media?parent=400548"}],"wp:term":[{"taxonomy":"product_brand","embeddable":true,"href":"https:\/\/games.tactic.net\/pl\/wp-json\/wp\/v2\/product_brand?post=400548"},{"taxonomy":"product_cat","embeddable":true,"href":"https:\/\/games.tactic.net\/pl\/wp-json\/wp\/v2\/product_cat?post=400548"},{"taxonomy":"product_tag","embeddable":true,"href":"https:\/\/games.tactic.net\/pl\/wp-json\/wp\/v2\/product_tag?post=400548"},{"taxonomy":"brand","embeddable":true,"href":"https:\/\/games.tactic.net\/pl\/wp-json\/wp\/v2\/brand?post=400548"},{"taxonomy":"target-group","embeddable":true,"href":"https:\/\/games.tactic.net\/pl\/wp-json\/wp\/v2\/target-group?post=400548"},{"taxonomy":"discontinued","embeddable":true,"href":"https:\/\/games.tactic.net\/pl\/wp-json\/wp\/v2\/discontinued?post=400548"}],"curies":[{"name":"wp","href":"https:\/\/api.w.org\/{rel}","templated":true}]}}