{"id":400449,"date":"2022-01-31T08:40:57","date_gmt":"2022-01-31T06:40:57","guid":{"rendered":"https:\/\/games.tactic.net\/tuote\/coral-reef-2\/"},"modified":"2022-01-31T08:40:57","modified_gmt":"2022-01-31T06:40:57","slug":"coral-reef-2","status":"publish","type":"product","link":"https:\/\/games.tactic.net\/pl\/tuote\/coral-reef-2\/","title":{"rendered":"Tactic Coral Reef"},"content":{"rendered":"<p>Witajcie w rafie koralowej! Gracze poszukuj\u0105 na planszy stworzonek morskich przedstawionych na dw\u00f3ch r\u00f3\u017cnych kartach. Komu powiedzie si\u0119 ta sztuka, otrzymuje figurk\u0119 zwierz\u0105tka.<br \/>\n ____________________________________ Przeczytaj recenzje gry: &#8211; Blog M\u0142ody Giercownik &#8211; Blog Kreatywnie w domu &#8211; Blog Mama, \u017cona, Kobieta<\/p>\n","protected":false},"excerpt":{"rendered":"<p>Witajcie w rafie koralowej! Gracze poszukuj\u0105 na planszy stworzonek morskich przedstawionych na dw\u00f3ch r\u00f3\u017cnych kartach.<\/p>\n","protected":false},"featured_media":0,"template":"","meta":{"content-type":"","_monsterinsights_skip_tracking":false,"_monsterinsights_sitenote_active":false,"_monsterinsights_sitenote_note":"","_monsterinsights_sitenote_category":0},"product_brand":[],"product_cat":[1796],"product_tag":[],"brand":[],"target-group":[],"discontinued":[],"class_list":{"0":"post-400449","1":"product","2":"type-product","3":"status-publish","5":"product_cat-gry-planszowe-dla-dzieci","7":"first","8":"outofstock","9":"taxable","10":"shipping-taxable","11":"product-type-simple"},"aioseo_notices":[],"_links":{"self":[{"href":"https:\/\/games.tactic.net\/pl\/wp-json\/wp\/v2\/product\/400449","targetHints":{"allow":["GET"]}}],"collection":[{"href":"https:\/\/games.tactic.net\/pl\/wp-json\/wp\/v2\/product"}],"about":[{"href":"https:\/\/games.tactic.net\/pl\/wp-json\/wp\/v2\/types\/product"}],"wp:attachment":[{"href":"https:\/\/games.tactic.net\/pl\/wp-json\/wp\/v2\/media?parent=400449"}],"wp:term":[{"taxonomy":"product_brand","embeddable":true,"href":"https:\/\/games.tactic.net\/pl\/wp-json\/wp\/v2\/product_brand?post=400449"},{"taxonomy":"product_cat","embeddable":true,"href":"https:\/\/games.tactic.net\/pl\/wp-json\/wp\/v2\/product_cat?post=400449"},{"taxonomy":"product_tag","embeddable":true,"href":"https:\/\/games.tactic.net\/pl\/wp-json\/wp\/v2\/product_tag?post=400449"},{"taxonomy":"brand","embeddable":true,"href":"https:\/\/games.tactic.net\/pl\/wp-json\/wp\/v2\/brand?post=400449"},{"taxonomy":"target-group","embeddable":true,"href":"https:\/\/games.tactic.net\/pl\/wp-json\/wp\/v2\/target-group?post=400449"},{"taxonomy":"discontinued","embeddable":true,"href":"https:\/\/games.tactic.net\/pl\/wp-json\/wp\/v2\/discontinued?post=400449"}],"curies":[{"name":"wp","href":"https:\/\/api.w.org\/{rel}","templated":true}]}}