{"id":400364,"date":"2022-01-31T08:40:36","date_gmt":"2022-01-31T06:40:36","guid":{"rendered":"https:\/\/games.tactic.net\/tuote\/gold-armada\/"},"modified":"2023-05-08T15:37:42","modified_gmt":"2023-05-08T12:37:42","slug":"gold-armada","status":"archive","type":"product","link":"https:\/\/games.tactic.net\/pl\/tuote\/gold-armada\/","title":{"rendered":"Gold Armada"},"content":{"rendered":"<div>Rzucaj kostk\u0105 i staraj\u0105 si\u0119 zebra\u0107 jak najwi\u0119cej z\u0142otych monet. <\/div>\n<div>W tej grze im dalej w las, tym trudniej &#8211; im lepiej ci idzie, tym trudniej posuwa\u0107 si\u0119 dalej. <\/div>\n<div>Udane rzuty nagradzane s\u0105 z\u0142otem, jednak za nieudane otrzymasz czaszk\u0119. <\/div>\n<div>\u2022 Prosta rozgrywka, kt\u00f3ra z czasem staje si\u0119 coraz wi\u0119kszym wyzwaniem. <\/div>\n<div>\u2022 Odpowiednia dla ca\u0142ej rodziny! <\/div>\n<div>\u2022 Pi\u0119kna, kolorowa plansza!<br \/><font size=\"2\"><br \/><u><b>______________________________<\/p>\n<p>Przeczytaj recenzje gry:<br \/><\/b><\/u><br \/>&#8211; <a href=\"http:\/\/mlodygiercownik.blog.pl\/2017\/04\/20\/recenzja-gry-planszowej-gold-armada\/\" title=\"\" target=\"\" rel=\"noopener\">Blog M\u0142ody Giercownik<\/a><br \/><\/font><\/div>\n","protected":false},"excerpt":{"rendered":"<div>Rzucaj kostk\u0105 i staraj\u0105 si\u0119 zebra\u0107 jak najwi\u0119cej z\u0142otych monet. <\/div>\n<div>W tej grze im dalej w las, tym trudniej &#8211; im lepiej ci idzie, tym trudniej posuwa\u0107 si\u0119 dalej. <\/div>\n<div>Udane rzuty nagradzane s\u0105 z\u0142otem, jednak za nieudane otrzymasz czaszk\u0119. <\/div>\n","protected":false},"featured_media":0,"template":"","meta":{"content-type":"","_monsterinsights_skip_tracking":false,"_monsterinsights_sitenote_active":false,"_monsterinsights_sitenote_note":"","_monsterinsights_sitenote_category":0},"product_brand":[],"product_cat":[1805,1796],"product_tag":[376,897],"brand":[],"target-group":[],"discontinued":[],"class_list":{"0":"post-400364","1":"product","2":"type-product","3":"status-archive","5":"product_cat-gry-planszowe","6":"product_cat-gry-planszowe-dla-dzieci","7":"product_tag-obliczenie","8":"product_tag-taktyka","10":"first","11":"outofstock","12":"taxable","13":"shipping-taxable","14":"product-type-simple"},"aioseo_notices":[],"_links":{"self":[{"href":"https:\/\/games.tactic.net\/pl\/wp-json\/wp\/v2\/product\/400364","targetHints":{"allow":["GET"]}}],"collection":[{"href":"https:\/\/games.tactic.net\/pl\/wp-json\/wp\/v2\/product"}],"about":[{"href":"https:\/\/games.tactic.net\/pl\/wp-json\/wp\/v2\/types\/product"}],"wp:attachment":[{"href":"https:\/\/games.tactic.net\/pl\/wp-json\/wp\/v2\/media?parent=400364"}],"wp:term":[{"taxonomy":"product_brand","embeddable":true,"href":"https:\/\/games.tactic.net\/pl\/wp-json\/wp\/v2\/product_brand?post=400364"},{"taxonomy":"product_cat","embeddable":true,"href":"https:\/\/games.tactic.net\/pl\/wp-json\/wp\/v2\/product_cat?post=400364"},{"taxonomy":"product_tag","embeddable":true,"href":"https:\/\/games.tactic.net\/pl\/wp-json\/wp\/v2\/product_tag?post=400364"},{"taxonomy":"brand","embeddable":true,"href":"https:\/\/games.tactic.net\/pl\/wp-json\/wp\/v2\/brand?post=400364"},{"taxonomy":"target-group","embeddable":true,"href":"https:\/\/games.tactic.net\/pl\/wp-json\/wp\/v2\/target-group?post=400364"},{"taxonomy":"discontinued","embeddable":true,"href":"https:\/\/games.tactic.net\/pl\/wp-json\/wp\/v2\/discontinued?post=400364"}],"curies":[{"name":"wp","href":"https:\/\/api.w.org\/{rel}","templated":true}]}}