{"id":400096,"date":"2022-01-31T08:39:15","date_gmt":"2022-01-31T06:39:15","guid":{"rendered":"https:\/\/games.tactic.net\/tuote\/junior-bingo\/"},"modified":"2023-10-25T14:19:46","modified_gmt":"2023-10-25T11:19:46","slug":"junior-bingo","status":"publish","type":"product","link":"https:\/\/games.tactic.net\/pl\/tuote\/junior-bingo\/","title":{"rendered":"Tactic Junior Bingo gra planszowa"},"content":{"rendered":"<p>U\u0141\u00d3\u017b RZ\u0104D I KRZYKNIJ BINGO! Ekscytuj\u0105ca, barwna gra dla dzieci w ka\u017cdym wieku! Zakr\u0119\u0107 ruletk\u0105 i spr\u00f3buj u\u0142o\u017cy\u0107 na swojej planszy rz\u0105d sk\u0142adaj\u0105cy si\u0119 z pi\u0119ciu obrazk\u00f3w. Wygrywa osoba, kt\u00f3rej uda si\u0119 to najszybciej! Zawarto\u015b\u0107: 6 planszy, 1 ruletka (tekturowa podstawka + plastikowa strza\u0142ka), 100 \u017ceton\u00f3w Gra rodzinna dla 2-6 os\u00f3b w wieku 4 do 10 lat<\/p>\n","protected":false},"excerpt":{"rendered":"<p>U\u0141\u00d3\u017b RZ\u0104D I KRZYKNIJ BINGO! Ekscytuj\u0105ca, barwna gra dla dzieci w ka\u017cdym wieku! Zakr\u0119\u0107 ruletk\u0105 i spr\u00f3buj u\u0142o\u017cy\u0107 na swojej planszy rz\u0105d sk\u0142adaj\u0105cy si\u0119 z pi\u0119ciu obrazk\u00f3w. Wygrywa osoba, kt\u00f3rej uda si\u0119 to najszybciej!<\/p>\n","protected":false},"featured_media":0,"template":"","meta":{"content-type":"","_monsterinsights_skip_tracking":false,"_monsterinsights_sitenote_active":false,"_monsterinsights_sitenote_note":"","_monsterinsights_sitenote_category":0},"product_brand":[],"product_cat":[1796],"product_tag":[1033,1234],"brand":[],"target-group":[],"discontinued":[],"class_list":{"0":"post-400096","1":"product","2":"type-product","3":"status-publish","5":"product_cat-gry-planszowe-dla-dzieci","6":"product_tag-losowosc","7":"product_tag-laczenie-pl","9":"first","10":"instock","11":"taxable","12":"shipping-taxable","13":"product-type-simple"},"aioseo_notices":[],"_links":{"self":[{"href":"https:\/\/games.tactic.net\/pl\/wp-json\/wp\/v2\/product\/400096","targetHints":{"allow":["GET"]}}],"collection":[{"href":"https:\/\/games.tactic.net\/pl\/wp-json\/wp\/v2\/product"}],"about":[{"href":"https:\/\/games.tactic.net\/pl\/wp-json\/wp\/v2\/types\/product"}],"wp:attachment":[{"href":"https:\/\/games.tactic.net\/pl\/wp-json\/wp\/v2\/media?parent=400096"}],"wp:term":[{"taxonomy":"product_brand","embeddable":true,"href":"https:\/\/games.tactic.net\/pl\/wp-json\/wp\/v2\/product_brand?post=400096"},{"taxonomy":"product_cat","embeddable":true,"href":"https:\/\/games.tactic.net\/pl\/wp-json\/wp\/v2\/product_cat?post=400096"},{"taxonomy":"product_tag","embeddable":true,"href":"https:\/\/games.tactic.net\/pl\/wp-json\/wp\/v2\/product_tag?post=400096"},{"taxonomy":"brand","embeddable":true,"href":"https:\/\/games.tactic.net\/pl\/wp-json\/wp\/v2\/brand?post=400096"},{"taxonomy":"target-group","embeddable":true,"href":"https:\/\/games.tactic.net\/pl\/wp-json\/wp\/v2\/target-group?post=400096"},{"taxonomy":"discontinued","embeddable":true,"href":"https:\/\/games.tactic.net\/pl\/wp-json\/wp\/v2\/discontinued?post=400096"}],"curies":[{"name":"wp","href":"https:\/\/api.w.org\/{rel}","templated":true}]}}