{"id":397876,"date":"2022-01-28T16:08:03","date_gmt":"2022-01-28T14:08:03","guid":{"rendered":"https:\/\/games.tactic.net\/tuote\/neuschwanstein-castle-puzzle-1000-pcs\/"},"modified":"2022-01-28T16:08:03","modified_gmt":"2022-01-28T14:08:03","slug":"neuschwanstein-castle-puzzle-1000-pcs","status":"archive","type":"product","link":"https:\/\/games.tactic.net\/pl\/tuote\/neuschwanstein-castle-puzzle-1000-pcs\/","title":{"rendered":"Tactic Puzzle Lovers Neuschwanstein Castle 1000 el. puzzle"},"content":{"rendered":"<p>Zbierz ca\u0142\u0105 kolekcj\u0119 wspania\u0142ych scenerii. Rozmiar puzzli po z\u0142o\u017ceniu 68 cm x 47 cm<\/p>\n","protected":false},"excerpt":{"rendered":"<p><\/p>\n","protected":false},"featured_media":0,"template":"","meta":{"content-type":"","_monsterinsights_skip_tracking":false,"_monsterinsights_sitenote_active":false,"_monsterinsights_sitenote_note":"","_monsterinsights_sitenote_category":0},"product_brand":[],"product_cat":[926],"product_tag":[],"brand":[],"target-group":[],"discontinued":[],"class_list":{"0":"post-397876","1":"product","2":"type-product","3":"status-archive","5":"product_cat-1000-elementow","7":"first","8":"outofstock","9":"taxable","10":"shipping-taxable","11":"product-type-simple"},"aioseo_notices":[],"_links":{"self":[{"href":"https:\/\/games.tactic.net\/pl\/wp-json\/wp\/v2\/product\/397876","targetHints":{"allow":["GET"]}}],"collection":[{"href":"https:\/\/games.tactic.net\/pl\/wp-json\/wp\/v2\/product"}],"about":[{"href":"https:\/\/games.tactic.net\/pl\/wp-json\/wp\/v2\/types\/product"}],"wp:attachment":[{"href":"https:\/\/games.tactic.net\/pl\/wp-json\/wp\/v2\/media?parent=397876"}],"wp:term":[{"taxonomy":"product_brand","embeddable":true,"href":"https:\/\/games.tactic.net\/pl\/wp-json\/wp\/v2\/product_brand?post=397876"},{"taxonomy":"product_cat","embeddable":true,"href":"https:\/\/games.tactic.net\/pl\/wp-json\/wp\/v2\/product_cat?post=397876"},{"taxonomy":"product_tag","embeddable":true,"href":"https:\/\/games.tactic.net\/pl\/wp-json\/wp\/v2\/product_tag?post=397876"},{"taxonomy":"brand","embeddable":true,"href":"https:\/\/games.tactic.net\/pl\/wp-json\/wp\/v2\/brand?post=397876"},{"taxonomy":"target-group","embeddable":true,"href":"https:\/\/games.tactic.net\/pl\/wp-json\/wp\/v2\/target-group?post=397876"},{"taxonomy":"discontinued","embeddable":true,"href":"https:\/\/games.tactic.net\/pl\/wp-json\/wp\/v2\/discontinued?post=397876"}],"curies":[{"name":"wp","href":"https:\/\/api.w.org\/{rel}","templated":true}]}}