{"id":397133,"date":"2022-01-28T16:00:41","date_gmt":"2022-01-28T14:00:41","guid":{"rendered":"https:\/\/games.tactic.net\/tuote\/fun-trix\/"},"modified":"2022-01-28T16:00:41","modified_gmt":"2022-01-28T14:00:41","slug":"fun-trix","status":"archive","type":"product","link":"https:\/\/games.tactic.net\/pl\/tuote\/fun-trix\/","title":{"rendered":"Fun Trix"},"content":{"rendered":"<p>ZDOB\u0104D\u0179 S\u0141AW\u0118 WIELKICH MAG\u00d3W. Ma\u0142y zestaw, kt\u00f3ry pomaga osi\u0105gn\u0105\u0107 wy\u017cyny w sztuce iluzji. \u0141atwe, ale zaskakuj\u0105ce sztuczki, wywr\u0105 wra\u017cenie na wszystkich obserwatorach. <\/p>\n<p>\u2022 Zawiera opisy i ilustracje do ponad 20 sztuczek. <\/p>\n<p>\u2022 Idealny zestaw dla pocz\u0105tkuj\u0105cych, ale ambitnych adept\u00f3w sztuki iluzjonistycznej.<\/p>\n","protected":false},"excerpt":{"rendered":"<p>ZDOB\u0104D\u0179 S\u0141AW\u0118 WIELKICH MAG\u00d3W. Ma\u0142y zestaw, kt\u00f3ry pomaga osi\u0105gn\u0105\u0107 wy\u017cyny w sztuce iluzji. \u0141atwe, ale zaskakuj\u0105ce sztuczki, wywr\u0105 wra\u017cenie na wszystkich obserwatorach. <\/p>\n<p><\/p>\n","protected":false},"featured_media":0,"template":"","meta":{"content-type":"","_monsterinsights_skip_tracking":false,"_monsterinsights_sitenote_active":false,"_monsterinsights_sitenote_note":"","_monsterinsights_sitenote_category":0},"product_brand":[],"product_cat":[1704],"product_tag":[],"brand":[],"target-group":[],"discontinued":[],"class_list":{"0":"post-397133","1":"product","2":"type-product","3":"status-archive","5":"product_cat-zestawy-sztuczek-i-zarcikow","7":"first","8":"outofstock","9":"taxable","10":"shipping-taxable","11":"product-type-simple"},"aioseo_notices":[],"_links":{"self":[{"href":"https:\/\/games.tactic.net\/pl\/wp-json\/wp\/v2\/product\/397133","targetHints":{"allow":["GET"]}}],"collection":[{"href":"https:\/\/games.tactic.net\/pl\/wp-json\/wp\/v2\/product"}],"about":[{"href":"https:\/\/games.tactic.net\/pl\/wp-json\/wp\/v2\/types\/product"}],"wp:attachment":[{"href":"https:\/\/games.tactic.net\/pl\/wp-json\/wp\/v2\/media?parent=397133"}],"wp:term":[{"taxonomy":"product_brand","embeddable":true,"href":"https:\/\/games.tactic.net\/pl\/wp-json\/wp\/v2\/product_brand?post=397133"},{"taxonomy":"product_cat","embeddable":true,"href":"https:\/\/games.tactic.net\/pl\/wp-json\/wp\/v2\/product_cat?post=397133"},{"taxonomy":"product_tag","embeddable":true,"href":"https:\/\/games.tactic.net\/pl\/wp-json\/wp\/v2\/product_tag?post=397133"},{"taxonomy":"brand","embeddable":true,"href":"https:\/\/games.tactic.net\/pl\/wp-json\/wp\/v2\/brand?post=397133"},{"taxonomy":"target-group","embeddable":true,"href":"https:\/\/games.tactic.net\/pl\/wp-json\/wp\/v2\/target-group?post=397133"},{"taxonomy":"discontinued","embeddable":true,"href":"https:\/\/games.tactic.net\/pl\/wp-json\/wp\/v2\/discontinued?post=397133"}],"curies":[{"name":"wp","href":"https:\/\/api.w.org\/{rel}","templated":true}]}}