{"id":397104,"date":"2022-01-28T16:00:30","date_gmt":"2022-01-28T14:00:30","guid":{"rendered":"https:\/\/games.tactic.net\/tuote\/amazing-trix\/"},"modified":"2022-01-28T16:00:30","modified_gmt":"2022-01-28T14:00:30","slug":"amazing-trix","status":"publish","type":"product","link":"https:\/\/games.tactic.net\/pl\/tuote\/amazing-trix\/","title":{"rendered":"Amazing Trix"},"content":{"rendered":"<p>ZOSTA\u0143 WIELKIM ILUZJONIST\u0104! Dokonasz tego z pomoc\u0105 tego fantastycznego pude\u0142ka. Zawiera przejrzyste, ilustrowane instrukcje oraz magiczne przedmioty o wielkiej mocy! <\/p>\n<p>\u2022 Ilustrowane instrukcje. <\/p>\n<p>\u2022 25 sztuczek.<\/p>\n<p>\u2022 Przeznaczone dla pocz\u0105tkuj\u0105cych magik\u00f3w w ka\u017cdym wieku.<\/p>\n","protected":false},"excerpt":{"rendered":"<p>ZOSTA\u0143 WIELKIM ILUZJONIST\u0104!Dokonasz tego z pomoc\u0105 tego fantastycznego pude\u0142ka. Zawiera przejrzyste, ilustrowane instrukcje oraz magiczne przedmioty o wielkiej mocy! <\/p>\n","protected":false},"featured_media":0,"template":"","meta":{"content-type":"","_monsterinsights_skip_tracking":false,"_monsterinsights_sitenote_active":false,"_monsterinsights_sitenote_note":"","_monsterinsights_sitenote_category":0},"product_brand":[],"product_cat":[1704],"product_tag":[],"brand":[],"target-group":[],"discontinued":[],"class_list":{"0":"post-397104","1":"product","2":"type-product","3":"status-publish","5":"product_cat-zestawy-sztuczek-i-zarcikow","7":"first","8":"outofstock","9":"taxable","10":"shipping-taxable","11":"product-type-simple"},"aioseo_notices":[],"_links":{"self":[{"href":"https:\/\/games.tactic.net\/pl\/wp-json\/wp\/v2\/product\/397104","targetHints":{"allow":["GET"]}}],"collection":[{"href":"https:\/\/games.tactic.net\/pl\/wp-json\/wp\/v2\/product"}],"about":[{"href":"https:\/\/games.tactic.net\/pl\/wp-json\/wp\/v2\/types\/product"}],"wp:attachment":[{"href":"https:\/\/games.tactic.net\/pl\/wp-json\/wp\/v2\/media?parent=397104"}],"wp:term":[{"taxonomy":"product_brand","embeddable":true,"href":"https:\/\/games.tactic.net\/pl\/wp-json\/wp\/v2\/product_brand?post=397104"},{"taxonomy":"product_cat","embeddable":true,"href":"https:\/\/games.tactic.net\/pl\/wp-json\/wp\/v2\/product_cat?post=397104"},{"taxonomy":"product_tag","embeddable":true,"href":"https:\/\/games.tactic.net\/pl\/wp-json\/wp\/v2\/product_tag?post=397104"},{"taxonomy":"brand","embeddable":true,"href":"https:\/\/games.tactic.net\/pl\/wp-json\/wp\/v2\/brand?post=397104"},{"taxonomy":"target-group","embeddable":true,"href":"https:\/\/games.tactic.net\/pl\/wp-json\/wp\/v2\/target-group?post=397104"},{"taxonomy":"discontinued","embeddable":true,"href":"https:\/\/games.tactic.net\/pl\/wp-json\/wp\/v2\/discontinued?post=397104"}],"curies":[{"name":"wp","href":"https:\/\/api.w.org\/{rel}","templated":true}]}}