{"id":397047,"date":"2022-01-28T16:00:10","date_gmt":"2022-01-28T14:00:10","guid":{"rendered":"https:\/\/games.tactic.net\/tuote\/trix-mix-sztuczek-z-pileczkami\/"},"modified":"2025-07-17T14:32:36","modified_gmt":"2025-07-17T11:32:36","slug":"trix-mix-sztuczek-z-pileczkami","status":"archive","type":"product","link":"https:\/\/games.tactic.net\/pl\/tuote\/trix-mix-sztuczek-z-pileczkami\/","title":{"rendered":"Tactic Trix Mix Sztuczek z pi\u0142eczkami"},"content":{"rendered":"<p>SZTUCZKI MAGICZNE Z PI\u0141ECZKAMI 10 wspania\u0142ych sztuczek. Zachwy\u0107 swoich przyjaci\u00f3\u0142 i rodzin\u0119 tymi wspania\u0142ymi magicznymi sztuczkami! Wyczaruj z niczego kr\u00f3liczki i spraw, \u017ce pi\u0142eczki znikn\u0105 na oczach widz\u00f3w! Zawarto\u015b\u0107: 2 du\u017ce kr\u00f3liki, 3 ma\u0142e kr\u00f3liczki, podstawka na pi\u0142eczk\u0119, 3 plastikowe pi\u0142eczki, 1 plastikowa po\u0142owa pi\u0142eczki, instrukcja.<\/p>\n","protected":false},"excerpt":{"rendered":"<p>SZTUCZKI MAGICZNE Z PI\u0141ECZKAMI 10 wspania\u0142ych sztuczek. Zachwy\u0107 swoich przyjaci\u00f3\u0142 i rodzin\u0119 tymi wspania\u0142ymi magicznymi sztuczkami! Wyczaruj z niczego kr\u00f3liczki i spraw, \u017ce pi\u0142eczki znikn\u0105 na oczach widz\u00f3w!<\/p>\n","protected":false},"featured_media":0,"template":"","meta":{"content-type":"","_monsterinsights_skip_tracking":false,"_monsterinsights_sitenote_active":false,"_monsterinsights_sitenote_note":"","_monsterinsights_sitenote_category":0},"product_brand":[],"product_cat":[2252,1704],"product_tag":[1230,1305,991],"brand":[],"target-group":[],"discontinued":[],"class_list":{"0":"post-397047","1":"product","2":"type-product","3":"status-archive","5":"product_cat-outlet-6","6":"product_cat-zestawy-sztuczek-i-zarcikow","7":"product_tag-dzialanie-pl","8":"product_tag-jednoosobowe","9":"product_tag-zabawa","11":"first","12":"outofstock","13":"sale","14":"taxable","15":"shipping-taxable","16":"product-type-simple"},"aioseo_notices":[],"_links":{"self":[{"href":"https:\/\/games.tactic.net\/pl\/wp-json\/wp\/v2\/product\/397047","targetHints":{"allow":["GET"]}}],"collection":[{"href":"https:\/\/games.tactic.net\/pl\/wp-json\/wp\/v2\/product"}],"about":[{"href":"https:\/\/games.tactic.net\/pl\/wp-json\/wp\/v2\/types\/product"}],"wp:attachment":[{"href":"https:\/\/games.tactic.net\/pl\/wp-json\/wp\/v2\/media?parent=397047"}],"wp:term":[{"taxonomy":"product_brand","embeddable":true,"href":"https:\/\/games.tactic.net\/pl\/wp-json\/wp\/v2\/product_brand?post=397047"},{"taxonomy":"product_cat","embeddable":true,"href":"https:\/\/games.tactic.net\/pl\/wp-json\/wp\/v2\/product_cat?post=397047"},{"taxonomy":"product_tag","embeddable":true,"href":"https:\/\/games.tactic.net\/pl\/wp-json\/wp\/v2\/product_tag?post=397047"},{"taxonomy":"brand","embeddable":true,"href":"https:\/\/games.tactic.net\/pl\/wp-json\/wp\/v2\/brand?post=397047"},{"taxonomy":"target-group","embeddable":true,"href":"https:\/\/games.tactic.net\/pl\/wp-json\/wp\/v2\/target-group?post=397047"},{"taxonomy":"discontinued","embeddable":true,"href":"https:\/\/games.tactic.net\/pl\/wp-json\/wp\/v2\/discontinued?post=397047"}],"curies":[{"name":"wp","href":"https:\/\/api.w.org\/{rel}","templated":true}]}}