{"id":397018,"date":"2022-01-28T15:59:59","date_gmt":"2022-01-28T13:59:59","guid":{"rendered":"https:\/\/games.tactic.net\/tuote\/trix-mix-sztuczek-z-kartami\/"},"modified":"2022-01-28T15:59:59","modified_gmt":"2022-01-28T13:59:59","slug":"trix-mix-sztuczek-z-kartami","status":"publish","type":"product","link":"https:\/\/games.tactic.net\/pl\/tuote\/trix-mix-sztuczek-z-kartami\/","title":{"rendered":"Trix Mix Sztuczek z kartami"},"content":{"rendered":"<p><b>MAGICZNE SZTUCZKI KARCIANE<\/b><\/p>\n<p>10 wspania\u0142ych sztuczek. <\/p>\n<p>Zachwy\u0107 swoich przyjaci\u00f3\u0142 i rodzin\u0119 tymi wspania\u0142ymi magicznymi sztuczkami! Spraw, \u017ce 10 kier zamieni si\u0119 w 10 pik, a monety si\u0119 rozmno\u017c\u0105.<\/p>\n<p><b>Zawarto\u015b\u0107:<\/b> 1 plastikowy kubek, 4 plastikowe monety, 1 plastikowe pude\u0142ko na karty, 9 kart do sztuczek, 1 karta z ponumerowanymi kr\u0105\u017ckami, 1 karta z bumerangami, 1 magiczna karta z kwadratami, instrukcja.<\/p>\n","protected":false},"excerpt":{"rendered":"<p><b>MAGICZNE SZTUCZKI KARCIANE<\/b><\/p>\n<p>10 wspania\u0142ych sztuczek. <\/p>\n<p>Zachwy\u0107 swoich przyjaci\u00f3\u0142 i rodzin\u0119 tymi wspania\u0142ymi magicznymi sztuczkami! Spraw, \u017ce 10 kier zamieni si\u0119 w 10 pik, a monety si\u0119 rozmno\u017c\u0105.<\/p>\n","protected":false},"featured_media":0,"template":"","meta":{"content-type":"","_monsterinsights_skip_tracking":false,"_monsterinsights_sitenote_active":false,"_monsterinsights_sitenote_note":"","_monsterinsights_sitenote_category":0},"product_brand":[],"product_cat":[1704],"product_tag":[],"brand":[],"target-group":[],"discontinued":[],"class_list":{"0":"post-397018","1":"product","2":"type-product","3":"status-publish","5":"product_cat-zestawy-sztuczek-i-zarcikow","7":"first","8":"outofstock","9":"taxable","10":"shipping-taxable","11":"product-type-simple"},"aioseo_notices":[],"_links":{"self":[{"href":"https:\/\/games.tactic.net\/pl\/wp-json\/wp\/v2\/product\/397018","targetHints":{"allow":["GET"]}}],"collection":[{"href":"https:\/\/games.tactic.net\/pl\/wp-json\/wp\/v2\/product"}],"about":[{"href":"https:\/\/games.tactic.net\/pl\/wp-json\/wp\/v2\/types\/product"}],"wp:attachment":[{"href":"https:\/\/games.tactic.net\/pl\/wp-json\/wp\/v2\/media?parent=397018"}],"wp:term":[{"taxonomy":"product_brand","embeddable":true,"href":"https:\/\/games.tactic.net\/pl\/wp-json\/wp\/v2\/product_brand?post=397018"},{"taxonomy":"product_cat","embeddable":true,"href":"https:\/\/games.tactic.net\/pl\/wp-json\/wp\/v2\/product_cat?post=397018"},{"taxonomy":"product_tag","embeddable":true,"href":"https:\/\/games.tactic.net\/pl\/wp-json\/wp\/v2\/product_tag?post=397018"},{"taxonomy":"brand","embeddable":true,"href":"https:\/\/games.tactic.net\/pl\/wp-json\/wp\/v2\/brand?post=397018"},{"taxonomy":"target-group","embeddable":true,"href":"https:\/\/games.tactic.net\/pl\/wp-json\/wp\/v2\/target-group?post=397018"},{"taxonomy":"discontinued","embeddable":true,"href":"https:\/\/games.tactic.net\/pl\/wp-json\/wp\/v2\/discontinued?post=397018"}],"curies":[{"name":"wp","href":"https:\/\/api.w.org\/{rel}","templated":true}]}}