{"id":396989,"date":"2022-01-28T15:59:46","date_gmt":"2022-01-28T13:59:46","guid":{"rendered":"https:\/\/games.tactic.net\/tuote\/trix-mix-sztuczek-ze-sznurkiem\/"},"modified":"2025-07-17T14:34:00","modified_gmt":"2025-07-17T11:34:00","slug":"trix-mix-sztuczek-ze-sznurkiem","status":"archive","type":"product","link":"https:\/\/games.tactic.net\/pl\/tuote\/trix-mix-sztuczek-ze-sznurkiem\/","title":{"rendered":"Trix Mix Sztuczek ze sznurkiem"},"content":{"rendered":"<p>MAGICZNE SZTUCZKI ZE SZNURKIEM Zawiera 10 wspania\u0142ych sztuczek. Zachwy\u0107 swoich przyjaci\u00f3\u0142 i rodzin\u0119 tymi wspania\u0142ymi magicznymi sztuczkami! Spraw, \u017ce czarodziejska butelka zawi\u015bnie w powietrzu dzi\u0119ki magicznym si\u0142om i zaskocz wszystkich znikaj\u0105cymi jajkami. Zawarto\u015b\u0107: 2 plastikowe pier\u015bcienie, 1 plastikowa butelka, 1 sznurek, 1 podstawka na jajko, 1 plastikowe jajko, 1 po\u0142\u00f3wka plastikowego jajka, instrukcja.<\/p>\n","protected":false},"excerpt":{"rendered":"<p>MAGICZNE SZTUCZKI ZE SZNURKIEM Zawiera 10 wspania\u0142ych sztuczek. Zachwy\u0107 swoich przyjaci\u00f3\u0142 i rodzin\u0119 tymi wspania\u0142ymi magicznymi sztuczkami! Spraw, \u017ce czarodziejska butelka zawi\u015bnie w powietrzu dzi\u0119ki magicznym si\u0142om i zaskocz wszystkich znikaj\u0105cymi jajkami<\/p>\n","protected":false},"featured_media":0,"template":"","meta":{"content-type":"","_monsterinsights_skip_tracking":false,"_monsterinsights_sitenote_active":false,"_monsterinsights_sitenote_note":"","_monsterinsights_sitenote_category":0},"product_brand":[],"product_cat":[2252,1704],"product_tag":[1230,1305,1253],"brand":[],"target-group":[],"discontinued":[],"class_list":{"0":"post-396989","1":"product","2":"type-product","3":"status-archive","5":"product_cat-outlet-6","6":"product_cat-zestawy-sztuczek-i-zarcikow","7":"product_tag-dzialanie-pl","8":"product_tag-jednoosobowe","9":"product_tag-umiejetnosc-pl","11":"first","12":"outofstock","13":"taxable","14":"shipping-taxable","15":"product-type-simple"},"aioseo_notices":[],"_links":{"self":[{"href":"https:\/\/games.tactic.net\/pl\/wp-json\/wp\/v2\/product\/396989","targetHints":{"allow":["GET"]}}],"collection":[{"href":"https:\/\/games.tactic.net\/pl\/wp-json\/wp\/v2\/product"}],"about":[{"href":"https:\/\/games.tactic.net\/pl\/wp-json\/wp\/v2\/types\/product"}],"wp:attachment":[{"href":"https:\/\/games.tactic.net\/pl\/wp-json\/wp\/v2\/media?parent=396989"}],"wp:term":[{"taxonomy":"product_brand","embeddable":true,"href":"https:\/\/games.tactic.net\/pl\/wp-json\/wp\/v2\/product_brand?post=396989"},{"taxonomy":"product_cat","embeddable":true,"href":"https:\/\/games.tactic.net\/pl\/wp-json\/wp\/v2\/product_cat?post=396989"},{"taxonomy":"product_tag","embeddable":true,"href":"https:\/\/games.tactic.net\/pl\/wp-json\/wp\/v2\/product_tag?post=396989"},{"taxonomy":"brand","embeddable":true,"href":"https:\/\/games.tactic.net\/pl\/wp-json\/wp\/v2\/brand?post=396989"},{"taxonomy":"target-group","embeddable":true,"href":"https:\/\/games.tactic.net\/pl\/wp-json\/wp\/v2\/target-group?post=396989"},{"taxonomy":"discontinued","embeddable":true,"href":"https:\/\/games.tactic.net\/pl\/wp-json\/wp\/v2\/discontinued?post=396989"}],"curies":[{"name":"wp","href":"https:\/\/api.w.org\/{rel}","templated":true}]}}