{"id":396383,"date":"2022-01-28T15:48:58","date_gmt":"2022-01-28T13:48:58","guid":{"rendered":"https:\/\/games.tactic.net\/tuote\/396383\/"},"modified":"2023-10-03T13:19:12","modified_gmt":"2023-10-03T10:19:12","slug":"396383","status":"publish","type":"product","link":"https:\/\/games.tactic.net\/pl\/tuote\/396383\/","title":{"rendered":"Lumo Stars baby blanket Sloth Sanna plush"},"content":{"rendered":"<p>\u015apiwory Lumo Stars Baby Line s\u0105 urzekaj\u0105co s\u0142odkie i cudownie mi\u0119kkie. Idealnie pasuj\u0105 do Twojego malucha i zapraszaj\u0105 do przytulania. www.lumostars.com<\/p>\n","protected":false},"excerpt":{"rendered":"<p>\u015apiwory Lumo Stars Baby Line s\u0105 urzekaj\u0105co s\u0142odkie i cudownie mi\u0119kkie. Idealnie pasuj\u0105 do Twojego malucha i zapraszaj\u0105 do przytulania. www.lumostars.com<\/p>\n","protected":false},"featured_media":0,"template":"","meta":{"content-type":"","_monsterinsights_skip_tracking":false,"_monsterinsights_sitenote_active":false,"_monsterinsights_sitenote_note":"","_monsterinsights_sitenote_category":0},"product_brand":[],"product_cat":[1795],"product_tag":[1260,991],"brand":[{"id":1023,"name":"Lumo Stars","slug":"lumo-stars_pl"}],"target-group":[],"discontinued":[],"class_list":{"0":"post-396383","1":"product","2":"type-product","3":"status-publish","5":"product_cat-baby-line-zabawki-pluszowe","6":"product_tag-lumo-stars-pl","7":"product_tag-zabawa","8":"brand-lumo-stars_pl","10":"first","11":"outofstock","12":"taxable","13":"shipping-taxable","14":"product-type-simple"},"aioseo_notices":[],"_links":{"self":[{"href":"https:\/\/games.tactic.net\/pl\/wp-json\/wp\/v2\/product\/396383","targetHints":{"allow":["GET"]}}],"collection":[{"href":"https:\/\/games.tactic.net\/pl\/wp-json\/wp\/v2\/product"}],"about":[{"href":"https:\/\/games.tactic.net\/pl\/wp-json\/wp\/v2\/types\/product"}],"wp:attachment":[{"href":"https:\/\/games.tactic.net\/pl\/wp-json\/wp\/v2\/media?parent=396383"}],"wp:term":[{"taxonomy":"product_brand","embeddable":true,"href":"https:\/\/games.tactic.net\/pl\/wp-json\/wp\/v2\/product_brand?post=396383"},{"taxonomy":"product_cat","embeddable":true,"href":"https:\/\/games.tactic.net\/pl\/wp-json\/wp\/v2\/product_cat?post=396383"},{"taxonomy":"product_tag","embeddable":true,"href":"https:\/\/games.tactic.net\/pl\/wp-json\/wp\/v2\/product_tag?post=396383"},{"taxonomy":"brand","embeddable":true,"href":"https:\/\/games.tactic.net\/pl\/wp-json\/wp\/v2\/brand?post=396383"},{"taxonomy":"target-group","embeddable":true,"href":"https:\/\/games.tactic.net\/pl\/wp-json\/wp\/v2\/target-group?post=396383"},{"taxonomy":"discontinued","embeddable":true,"href":"https:\/\/games.tactic.net\/pl\/wp-json\/wp\/v2\/discontinued?post=396383"}],"curies":[{"name":"wp","href":"https:\/\/api.w.org\/{rel}","templated":true}]}}