{"id":395144,"date":"2022-01-28T15:41:28","date_gmt":"2022-01-28T13:41:28","guid":{"rendered":"https:\/\/games.tactic.net\/tuote\/lumo-stars-baby-line-fox-repo\/"},"modified":"2023-10-20T18:04:51","modified_gmt":"2023-10-20T15:04:51","slug":"lumo-stars-baby-line-fox-repo","status":"publish","type":"product","link":"https:\/\/games.tactic.net\/pl\/tuote\/lumo-stars-baby-line-fox-repo\/","title":{"rendered":"Lumo Stars Baby Line Fox Repo plush"},"content":{"rendered":"<p>\u015apiwory Lumo Stars Baby Line s\u0105 urzekaj\u0105co s\u0142odkie i cudownie mi\u0119kkie. Idealnie pasuj\u0105 do Twojego malucha i zapraszaj\u0105 do przytulania. www.lumostars.com<\/p>\n","protected":false},"excerpt":{"rendered":"<p>Baby blanket.<\/p>\n","protected":false},"featured_media":0,"template":"","meta":{"content-type":"","_monsterinsights_skip_tracking":false,"_monsterinsights_sitenote_active":false,"_monsterinsights_sitenote_note":"","_monsterinsights_sitenote_category":0},"product_brand":[],"product_cat":[1795],"product_tag":[491],"brand":[{"id":1023,"name":"Lumo Stars","slug":"lumo-stars_pl"}],"target-group":[],"discontinued":[],"class_list":{"0":"post-395144","1":"product","2":"type-product","3":"status-publish","5":"product_cat-baby-line-zabawki-pluszowe","6":"product_tag-lumo-stars","7":"brand-lumo-stars_pl","9":"first","10":"instock","11":"taxable","12":"shipping-taxable","13":"product-type-simple"},"aioseo_notices":[],"_links":{"self":[{"href":"https:\/\/games.tactic.net\/pl\/wp-json\/wp\/v2\/product\/395144","targetHints":{"allow":["GET"]}}],"collection":[{"href":"https:\/\/games.tactic.net\/pl\/wp-json\/wp\/v2\/product"}],"about":[{"href":"https:\/\/games.tactic.net\/pl\/wp-json\/wp\/v2\/types\/product"}],"wp:attachment":[{"href":"https:\/\/games.tactic.net\/pl\/wp-json\/wp\/v2\/media?parent=395144"}],"wp:term":[{"taxonomy":"product_brand","embeddable":true,"href":"https:\/\/games.tactic.net\/pl\/wp-json\/wp\/v2\/product_brand?post=395144"},{"taxonomy":"product_cat","embeddable":true,"href":"https:\/\/games.tactic.net\/pl\/wp-json\/wp\/v2\/product_cat?post=395144"},{"taxonomy":"product_tag","embeddable":true,"href":"https:\/\/games.tactic.net\/pl\/wp-json\/wp\/v2\/product_tag?post=395144"},{"taxonomy":"brand","embeddable":true,"href":"https:\/\/games.tactic.net\/pl\/wp-json\/wp\/v2\/brand?post=395144"},{"taxonomy":"target-group","embeddable":true,"href":"https:\/\/games.tactic.net\/pl\/wp-json\/wp\/v2\/target-group?post=395144"},{"taxonomy":"discontinued","embeddable":true,"href":"https:\/\/games.tactic.net\/pl\/wp-json\/wp\/v2\/discontinued?post=395144"}],"curies":[{"name":"wp","href":"https:\/\/api.w.org\/{rel}","templated":true}]}}