{"id":395000,"date":"2022-01-28T15:40:28","date_gmt":"2022-01-28T13:40:28","guid":{"rendered":"https:\/\/games.tactic.net\/tuote\/lumo-stars-figu-repo\/"},"modified":"2025-07-17T13:57:34","modified_gmt":"2025-07-17T10:57:34","slug":"lumo-stars-figu-repo","status":"archive","type":"product","link":"https:\/\/games.tactic.net\/pl\/tuote\/lumo-stars-figu-repo\/","title":{"rendered":"Lumo Stars Figu Repo"},"content":{"rendered":"<p>\u201eZagrajmy ponownie w zgadywanie\u201d \u2013 sugeruje Repo swojemu przyjacielowi. &#8222;Tak!&#8221; jego przyjaciel odpowiada i zaczyna zgadywa\u0107, jak\u0105 posta\u0107 wed\u0142ug niego Repo widzi tworz\u0105ce si\u0119 gwiazdy. Wkr\u00f3tce dobrze zgaduje. To lis, kt\u00f3ry wygl\u0105da jak Repo! Potem z kolei jest kolega Repo &#8211; wci\u0105ga w \u015bnieg pionkiem. Teraz kolej Repo na zgadywanie. Nie jest to \u0142atwe, ale szybko widzi, co to jest. To \u015bwierk!<\/p>\n","protected":false},"excerpt":{"rendered":"<p><\/p>\n","protected":false},"featured_media":0,"template":"","meta":{"content-type":"","_monsterinsights_skip_tracking":false,"_monsterinsights_sitenote_active":false,"_monsterinsights_sitenote_note":"","_monsterinsights_sitenote_category":0},"product_brand":[],"product_cat":[1794],"product_tag":[],"brand":[{"id":1023,"name":"Lumo Stars","slug":"lumo-stars_pl"}],"target-group":[],"discontinued":[],"class_list":{"0":"post-395000","1":"product","2":"type-product","3":"status-archive","5":"product_cat-figurki","6":"brand-lumo-stars_pl","8":"first","9":"outofstock","10":"taxable","11":"shipping-taxable","12":"product-type-simple"},"aioseo_notices":[],"_links":{"self":[{"href":"https:\/\/games.tactic.net\/pl\/wp-json\/wp\/v2\/product\/395000","targetHints":{"allow":["GET"]}}],"collection":[{"href":"https:\/\/games.tactic.net\/pl\/wp-json\/wp\/v2\/product"}],"about":[{"href":"https:\/\/games.tactic.net\/pl\/wp-json\/wp\/v2\/types\/product"}],"wp:attachment":[{"href":"https:\/\/games.tactic.net\/pl\/wp-json\/wp\/v2\/media?parent=395000"}],"wp:term":[{"taxonomy":"product_brand","embeddable":true,"href":"https:\/\/games.tactic.net\/pl\/wp-json\/wp\/v2\/product_brand?post=395000"},{"taxonomy":"product_cat","embeddable":true,"href":"https:\/\/games.tactic.net\/pl\/wp-json\/wp\/v2\/product_cat?post=395000"},{"taxonomy":"product_tag","embeddable":true,"href":"https:\/\/games.tactic.net\/pl\/wp-json\/wp\/v2\/product_tag?post=395000"},{"taxonomy":"brand","embeddable":true,"href":"https:\/\/games.tactic.net\/pl\/wp-json\/wp\/v2\/brand?post=395000"},{"taxonomy":"target-group","embeddable":true,"href":"https:\/\/games.tactic.net\/pl\/wp-json\/wp\/v2\/target-group?post=395000"},{"taxonomy":"discontinued","embeddable":true,"href":"https:\/\/games.tactic.net\/pl\/wp-json\/wp\/v2\/discontinued?post=395000"}],"curies":[{"name":"wp","href":"https:\/\/api.w.org\/{rel}","templated":true}]}}