{"id":394971,"date":"2022-01-28T15:40:15","date_gmt":"2022-01-28T13:40:15","guid":{"rendered":"https:\/\/games.tactic.net\/tuote\/lumo-stars-figu-reino\/"},"modified":"2025-07-17T13:56:52","modified_gmt":"2025-07-17T10:56:52","slug":"lumo-stars-figu-reino","status":"archive","type":"product","link":"https:\/\/games.tactic.net\/pl\/tuote\/lumo-stars-figu-reino\/","title":{"rendered":"Lumo Stars Figu Reino"},"content":{"rendered":"<p>Reino rozmawia z Otso. Opowiada mu, jak cudowne by\u0142o lato, bieganie z przyjaci\u00f3\u0142mi po wzg\u00f3rzach Laponii. By\u0142o lekko, ciep\u0142o i tyle rado\u015bci! \u201eNie lubisz zimy\u201d, pyta nied\u017awied\u017a Otso, kt\u00f3ry wkr\u00f3tce rozpocznie zimowy sen. &#8222;O tak!&#8221; krzyczy Reino. \u201eLubi\u0119 ich oboje. Uwielbiam ta\u0144czy\u0107 z przyjaci\u00f3\u0142mi przy zorzy polarnej, przy ognisku. Nie zamieni\u0142abym tego na nic!\u201d<\/p>\n","protected":false},"excerpt":{"rendered":"<p><\/p>\n","protected":false},"featured_media":0,"template":"","meta":{"content-type":"","_monsterinsights_skip_tracking":false,"_monsterinsights_sitenote_active":false,"_monsterinsights_sitenote_note":"","_monsterinsights_sitenote_category":0},"product_brand":[],"product_cat":[1794],"product_tag":[],"brand":[{"id":1023,"name":"Lumo Stars","slug":"lumo-stars_pl"}],"target-group":[],"discontinued":[],"class_list":{"0":"post-394971","1":"product","2":"type-product","3":"status-archive","5":"product_cat-figurki","6":"brand-lumo-stars_pl","8":"first","9":"outofstock","10":"taxable","11":"shipping-taxable","12":"product-type-simple"},"aioseo_notices":[],"_links":{"self":[{"href":"https:\/\/games.tactic.net\/pl\/wp-json\/wp\/v2\/product\/394971","targetHints":{"allow":["GET"]}}],"collection":[{"href":"https:\/\/games.tactic.net\/pl\/wp-json\/wp\/v2\/product"}],"about":[{"href":"https:\/\/games.tactic.net\/pl\/wp-json\/wp\/v2\/types\/product"}],"wp:attachment":[{"href":"https:\/\/games.tactic.net\/pl\/wp-json\/wp\/v2\/media?parent=394971"}],"wp:term":[{"taxonomy":"product_brand","embeddable":true,"href":"https:\/\/games.tactic.net\/pl\/wp-json\/wp\/v2\/product_brand?post=394971"},{"taxonomy":"product_cat","embeddable":true,"href":"https:\/\/games.tactic.net\/pl\/wp-json\/wp\/v2\/product_cat?post=394971"},{"taxonomy":"product_tag","embeddable":true,"href":"https:\/\/games.tactic.net\/pl\/wp-json\/wp\/v2\/product_tag?post=394971"},{"taxonomy":"brand","embeddable":true,"href":"https:\/\/games.tactic.net\/pl\/wp-json\/wp\/v2\/brand?post=394971"},{"taxonomy":"target-group","embeddable":true,"href":"https:\/\/games.tactic.net\/pl\/wp-json\/wp\/v2\/target-group?post=394971"},{"taxonomy":"discontinued","embeddable":true,"href":"https:\/\/games.tactic.net\/pl\/wp-json\/wp\/v2\/discontinued?post=394971"}],"curies":[{"name":"wp","href":"https:\/\/api.w.org\/{rel}","templated":true}]}}