{"id":394942,"date":"2022-01-28T15:40:01","date_gmt":"2022-01-28T13:40:01","guid":{"rendered":"https:\/\/games.tactic.net\/tuote\/lumo-stars-figu-wuff\/"},"modified":"2025-07-17T13:56:04","modified_gmt":"2025-07-17T10:56:04","slug":"lumo-stars-figu-wuff","status":"archive","type":"product","link":"https:\/\/games.tactic.net\/pl\/tuote\/lumo-stars-figu-wuff\/","title":{"rendered":"Lumo Stars Figu Wuff"},"content":{"rendered":"<p>\u201eNigdy nie widzia\u0142em spadaj\u0105cej gwiazdy\u201d \u2013 m\u00f3wi Wuff. \u201eS\u0142ysza\u0142em, \u017ce kiedy go zobaczysz, mo\u017cesz z\u0142o\u017cy\u0107 \u017cyczenie\u201d \u2013 kontynuuje. \u201eJe\u015bli posiedzimy tu przez chwil\u0119 i spojrzymy w niebo, mo\u017cemy je zobaczy\u0107\u201d \u2013 m\u00f3wi Pupu do Wuffa. Patrz\u0105 na cichy zimowy krajobraz i niebo wype\u0142nione \u015bwiec\u0105cymi gwiazdami&#8230; i wtedy to si\u0119 dzieje! &#8222;Spadaj\u0105ca gwiazda!&#8221; oboje krzycz\u0105. A potem sk\u0142adaj\u0105 \u017cyczenie.<\/p>\n","protected":false},"excerpt":{"rendered":"<p><\/p>\n","protected":false},"featured_media":0,"template":"","meta":{"content-type":"","_monsterinsights_skip_tracking":false,"_monsterinsights_sitenote_active":false,"_monsterinsights_sitenote_note":"","_monsterinsights_sitenote_category":0},"product_brand":[],"product_cat":[1794],"product_tag":[],"brand":[{"id":1023,"name":"Lumo Stars","slug":"lumo-stars_pl"}],"target-group":[],"discontinued":[],"class_list":{"0":"post-394942","1":"product","2":"type-product","3":"status-archive","5":"product_cat-figurki","6":"brand-lumo-stars_pl","8":"first","9":"outofstock","10":"taxable","11":"shipping-taxable","12":"product-type-simple"},"aioseo_notices":[],"_links":{"self":[{"href":"https:\/\/games.tactic.net\/pl\/wp-json\/wp\/v2\/product\/394942","targetHints":{"allow":["GET"]}}],"collection":[{"href":"https:\/\/games.tactic.net\/pl\/wp-json\/wp\/v2\/product"}],"about":[{"href":"https:\/\/games.tactic.net\/pl\/wp-json\/wp\/v2\/types\/product"}],"wp:attachment":[{"href":"https:\/\/games.tactic.net\/pl\/wp-json\/wp\/v2\/media?parent=394942"}],"wp:term":[{"taxonomy":"product_brand","embeddable":true,"href":"https:\/\/games.tactic.net\/pl\/wp-json\/wp\/v2\/product_brand?post=394942"},{"taxonomy":"product_cat","embeddable":true,"href":"https:\/\/games.tactic.net\/pl\/wp-json\/wp\/v2\/product_cat?post=394942"},{"taxonomy":"product_tag","embeddable":true,"href":"https:\/\/games.tactic.net\/pl\/wp-json\/wp\/v2\/product_tag?post=394942"},{"taxonomy":"brand","embeddable":true,"href":"https:\/\/games.tactic.net\/pl\/wp-json\/wp\/v2\/brand?post=394942"},{"taxonomy":"target-group","embeddable":true,"href":"https:\/\/games.tactic.net\/pl\/wp-json\/wp\/v2\/target-group?post=394942"},{"taxonomy":"discontinued","embeddable":true,"href":"https:\/\/games.tactic.net\/pl\/wp-json\/wp\/v2\/discontinued?post=394942"}],"curies":[{"name":"wp","href":"https:\/\/api.w.org\/{rel}","templated":true}]}}