{"id":394913,"date":"2022-01-28T15:39:48","date_gmt":"2022-01-28T13:39:48","guid":{"rendered":"https:\/\/games.tactic.net\/tuote\/lumo-stars-figu-smultron\/"},"modified":"2022-02-01T12:32:37","modified_gmt":"2022-02-01T10:32:37","slug":"lumo-stars-figu-smultron","status":"publish","type":"product","link":"https:\/\/games.tactic.net\/pl\/tuote\/lumo-stars-figu-smultron\/","title":{"rendered":"Lumo Stars Figu Smultron"},"content":{"rendered":"<p>\u201ePo prostu kocham truskawki\u201d, m\u00f3wi Smultron do swojej przyjaci\u00f3\u0142ki. \u201ePo prostu kocham jagody\u201d, m\u00f3wi jej przyjaci\u00f3\u0142ka. Smultron m\u00f3wi: \u201eMam r\u00f3\u017cow\u0105 sier\u015b\u0107, a ty masz br\u0105zow\u0105. Nasze oczy te\u017c maj\u0105 inny kolor\u201d. \u2013 my\u015bli przyjaciel Smultrona. \u201eTak, s\u0105, ale chocia\u017c wygl\u0105damy inaczej, nadal jeste\u015bmy je\u017cami i najlepszymi przyjaci\u00f3\u0142mi, kt\u00f3rzy zawsze dobrze si\u0119 bawi\u0105! Podobnie jak zorza polarna, pi\u0119knie \u0142\u0105czymy r\u00f3\u017cne rodzaje kolor\u00f3w!\u201d<\/p>\n","protected":false},"excerpt":{"rendered":"<p><\/p>\n","protected":false},"featured_media":0,"template":"","meta":{"content-type":"","_monsterinsights_skip_tracking":false,"_monsterinsights_sitenote_active":false,"_monsterinsights_sitenote_note":"","_monsterinsights_sitenote_category":0},"product_brand":[],"product_cat":[1794],"product_tag":[],"brand":[],"target-group":[],"discontinued":[],"class_list":{"0":"post-394913","1":"product","2":"type-product","3":"status-publish","5":"product_cat-figurki","7":"first","8":"outofstock","9":"taxable","10":"shipping-taxable","11":"product-type-simple"},"aioseo_notices":[],"_links":{"self":[{"href":"https:\/\/games.tactic.net\/pl\/wp-json\/wp\/v2\/product\/394913","targetHints":{"allow":["GET"]}}],"collection":[{"href":"https:\/\/games.tactic.net\/pl\/wp-json\/wp\/v2\/product"}],"about":[{"href":"https:\/\/games.tactic.net\/pl\/wp-json\/wp\/v2\/types\/product"}],"wp:attachment":[{"href":"https:\/\/games.tactic.net\/pl\/wp-json\/wp\/v2\/media?parent=394913"}],"wp:term":[{"taxonomy":"product_brand","embeddable":true,"href":"https:\/\/games.tactic.net\/pl\/wp-json\/wp\/v2\/product_brand?post=394913"},{"taxonomy":"product_cat","embeddable":true,"href":"https:\/\/games.tactic.net\/pl\/wp-json\/wp\/v2\/product_cat?post=394913"},{"taxonomy":"product_tag","embeddable":true,"href":"https:\/\/games.tactic.net\/pl\/wp-json\/wp\/v2\/product_tag?post=394913"},{"taxonomy":"brand","embeddable":true,"href":"https:\/\/games.tactic.net\/pl\/wp-json\/wp\/v2\/brand?post=394913"},{"taxonomy":"target-group","embeddable":true,"href":"https:\/\/games.tactic.net\/pl\/wp-json\/wp\/v2\/target-group?post=394913"},{"taxonomy":"discontinued","embeddable":true,"href":"https:\/\/games.tactic.net\/pl\/wp-json\/wp\/v2\/discontinued?post=394913"}],"curies":[{"name":"wp","href":"https:\/\/api.w.org\/{rel}","templated":true}]}}