{"id":394884,"date":"2022-01-28T15:39:35","date_gmt":"2022-01-28T13:39:35","guid":{"rendered":"https:\/\/games.tactic.net\/tuote\/lumo-stars-figu-pollo\/"},"modified":"2025-07-17T13:54:51","modified_gmt":"2025-07-17T10:54:51","slug":"lumo-stars-figu-pollo","status":"archive","type":"product","link":"https:\/\/games.tactic.net\/pl\/tuote\/lumo-stars-figu-pollo\/","title":{"rendered":"Lumo Stars Figu P\u00f6ll\u00f6"},"content":{"rendered":"<p>Przyjaciele s\u0105 znudzeni, chocia\u017c ognisko jest cudowne i ciep\u0142e. Vasa sugeruje, \u017ceby bawili si\u0119 w szkole. Wszyscy zgadzaj\u0105 si\u0119, \u017ce P\u00f6ll\u00f6 powinien gra\u0107 nauczyciela, poniewa\u017c jest tak m\u0105dry i \u015bwietny gaw\u0119dziarz. \u201eOk, uczniowie! Dzie\u0144 szkolny rozpocznie si\u0119 przerw\u0105\u201d, m\u00f3wi ze \u015bmiechem P\u00f6ll\u00f6. Zwierz\u0119ta rozpoczynaj\u0105 weso\u0142\u0105 bitw\u0119 \u015bnie\u017cn\u0105, podczas gdy zorza polarna gra na niebie w\u0142asn\u0105 kolorow\u0105 gr\u0119.<\/p>\n","protected":false},"excerpt":{"rendered":"<p><\/p>\n","protected":false},"featured_media":0,"template":"","meta":{"content-type":"","_monsterinsights_skip_tracking":false,"_monsterinsights_sitenote_active":false,"_monsterinsights_sitenote_note":"","_monsterinsights_sitenote_category":0},"product_brand":[],"product_cat":[1794],"product_tag":[],"brand":[{"id":1023,"name":"Lumo Stars","slug":"lumo-stars_pl"}],"target-group":[],"discontinued":[],"class_list":{"0":"post-394884","1":"product","2":"type-product","3":"status-archive","5":"product_cat-figurki","6":"brand-lumo-stars_pl","8":"first","9":"outofstock","10":"taxable","11":"shipping-taxable","12":"product-type-simple"},"aioseo_notices":[],"_links":{"self":[{"href":"https:\/\/games.tactic.net\/pl\/wp-json\/wp\/v2\/product\/394884","targetHints":{"allow":["GET"]}}],"collection":[{"href":"https:\/\/games.tactic.net\/pl\/wp-json\/wp\/v2\/product"}],"about":[{"href":"https:\/\/games.tactic.net\/pl\/wp-json\/wp\/v2\/types\/product"}],"wp:attachment":[{"href":"https:\/\/games.tactic.net\/pl\/wp-json\/wp\/v2\/media?parent=394884"}],"wp:term":[{"taxonomy":"product_brand","embeddable":true,"href":"https:\/\/games.tactic.net\/pl\/wp-json\/wp\/v2\/product_brand?post=394884"},{"taxonomy":"product_cat","embeddable":true,"href":"https:\/\/games.tactic.net\/pl\/wp-json\/wp\/v2\/product_cat?post=394884"},{"taxonomy":"product_tag","embeddable":true,"href":"https:\/\/games.tactic.net\/pl\/wp-json\/wp\/v2\/product_tag?post=394884"},{"taxonomy":"brand","embeddable":true,"href":"https:\/\/games.tactic.net\/pl\/wp-json\/wp\/v2\/brand?post=394884"},{"taxonomy":"target-group","embeddable":true,"href":"https:\/\/games.tactic.net\/pl\/wp-json\/wp\/v2\/target-group?post=394884"},{"taxonomy":"discontinued","embeddable":true,"href":"https:\/\/games.tactic.net\/pl\/wp-json\/wp\/v2\/discontinued?post=394884"}],"curies":[{"name":"wp","href":"https:\/\/api.w.org\/{rel}","templated":true}]}}