{"id":394797,"date":"2022-01-28T15:39:00","date_gmt":"2022-01-28T13:39:00","guid":{"rendered":"https:\/\/games.tactic.net\/tuote\/lumo-stars-figu-luna\/"},"modified":"2025-07-17T13:52:05","modified_gmt":"2025-07-17T10:52:05","slug":"lumo-stars-figu-luna","status":"archive","type":"product","link":"https:\/\/games.tactic.net\/pl\/tuote\/lumo-stars-figu-luna\/","title":{"rendered":"Lumo Stars Figu Luna"},"content":{"rendered":"<p>Kiedy w Laponii zaczynaj\u0105 wia\u0107 zimne wiatry, czas, \u017cebym odlecia\u0142a. Nie przeszkadza mi, \u017ce robi si\u0119 troch\u0119 zimno, ale na dalekiej p\u00f3\u0142nocy trudno mi si\u0119 ogrza\u0107 . Podr\u00f3\u017c na po\u0142udnie jest d\u0142uga, a zim\u0105 t\u0119skni\u0119 za zorz\u0105 polarn\u0105. Ale&#8230; ciesz\u0119 si\u0119, \u017ce nawet latem mog\u0119 cieszy\u0107 si\u0119 czym\u015b zimnym, a mam na my\u015bli lody!<\/p>\n","protected":false},"excerpt":{"rendered":"<p><\/p>\n","protected":false},"featured_media":0,"template":"","meta":{"content-type":"","_monsterinsights_skip_tracking":false,"_monsterinsights_sitenote_active":false,"_monsterinsights_sitenote_note":"","_monsterinsights_sitenote_category":0},"product_brand":[],"product_cat":[1794],"product_tag":[],"brand":[{"id":1023,"name":"Lumo Stars","slug":"lumo-stars_pl"}],"target-group":[],"discontinued":[],"class_list":{"0":"post-394797","1":"product","2":"type-product","3":"status-archive","5":"product_cat-figurki","6":"brand-lumo-stars_pl","8":"first","9":"outofstock","10":"taxable","11":"shipping-taxable","12":"product-type-simple"},"aioseo_notices":[],"_links":{"self":[{"href":"https:\/\/games.tactic.net\/pl\/wp-json\/wp\/v2\/product\/394797","targetHints":{"allow":["GET"]}}],"collection":[{"href":"https:\/\/games.tactic.net\/pl\/wp-json\/wp\/v2\/product"}],"about":[{"href":"https:\/\/games.tactic.net\/pl\/wp-json\/wp\/v2\/types\/product"}],"wp:attachment":[{"href":"https:\/\/games.tactic.net\/pl\/wp-json\/wp\/v2\/media?parent=394797"}],"wp:term":[{"taxonomy":"product_brand","embeddable":true,"href":"https:\/\/games.tactic.net\/pl\/wp-json\/wp\/v2\/product_brand?post=394797"},{"taxonomy":"product_cat","embeddable":true,"href":"https:\/\/games.tactic.net\/pl\/wp-json\/wp\/v2\/product_cat?post=394797"},{"taxonomy":"product_tag","embeddable":true,"href":"https:\/\/games.tactic.net\/pl\/wp-json\/wp\/v2\/product_tag?post=394797"},{"taxonomy":"brand","embeddable":true,"href":"https:\/\/games.tactic.net\/pl\/wp-json\/wp\/v2\/brand?post=394797"},{"taxonomy":"target-group","embeddable":true,"href":"https:\/\/games.tactic.net\/pl\/wp-json\/wp\/v2\/target-group?post=394797"},{"taxonomy":"discontinued","embeddable":true,"href":"https:\/\/games.tactic.net\/pl\/wp-json\/wp\/v2\/discontinued?post=394797"}],"curies":[{"name":"wp","href":"https:\/\/api.w.org\/{rel}","templated":true}]}}