{"id":394768,"date":"2022-01-28T15:38:45","date_gmt":"2022-01-28T13:38:45","guid":{"rendered":"https:\/\/games.tactic.net\/tuote\/lumo-stars-figu-katti\/"},"modified":"2025-07-17T13:48:46","modified_gmt":"2025-07-17T10:48:46","slug":"lumo-stars-figu-katti","status":"archive","type":"product","link":"https:\/\/games.tactic.net\/pl\/tuote\/lumo-stars-figu-katti\/","title":{"rendered":"Lumo Stars Figu Katti"},"content":{"rendered":"<p>Co to jest, zastanawia si\u0119 Repo. Po\u015brodku wzg\u00f3rz Laponii znajduje si\u0119 kosz pe\u0142en pysznych przek\u0105sek, kt\u00f3re uwielbiaj\u0105 zwierz\u0119ta. Ale nikogo tam nie ma &#8211; tylko kosz. Smultron, Pupu, Hukka i Repo zagl\u0105daj\u0105 za zasp\u0119. \u017baden z nich nie jest na tyle odwa\u017cny, by podej\u015b\u0107 bli\u017cej. Jest cicho&#8230; a\u017c Kattis wyskakuje i krzyczy: &#8222;Niespodzianka, niespodzianka! Zrobi\u0142am dla nas piknik! Prosz\u0119 przyjd\u017a i ciesz si\u0119 nim ze mn\u0105.&#8221;<\/p>\n","protected":false},"excerpt":{"rendered":"<p><\/p>\n","protected":false},"featured_media":0,"template":"","meta":{"content-type":"","_monsterinsights_skip_tracking":false,"_monsterinsights_sitenote_active":false,"_monsterinsights_sitenote_note":"","_monsterinsights_sitenote_category":0},"product_brand":[],"product_cat":[1794],"product_tag":[],"brand":[{"id":1023,"name":"Lumo Stars","slug":"lumo-stars_pl"}],"target-group":[],"discontinued":[],"class_list":{"0":"post-394768","1":"product","2":"type-product","3":"status-archive","5":"product_cat-figurki","6":"brand-lumo-stars_pl","8":"first","9":"outofstock","10":"taxable","11":"shipping-taxable","12":"product-type-simple"},"aioseo_notices":[],"_links":{"self":[{"href":"https:\/\/games.tactic.net\/pl\/wp-json\/wp\/v2\/product\/394768","targetHints":{"allow":["GET"]}}],"collection":[{"href":"https:\/\/games.tactic.net\/pl\/wp-json\/wp\/v2\/product"}],"about":[{"href":"https:\/\/games.tactic.net\/pl\/wp-json\/wp\/v2\/types\/product"}],"wp:attachment":[{"href":"https:\/\/games.tactic.net\/pl\/wp-json\/wp\/v2\/media?parent=394768"}],"wp:term":[{"taxonomy":"product_brand","embeddable":true,"href":"https:\/\/games.tactic.net\/pl\/wp-json\/wp\/v2\/product_brand?post=394768"},{"taxonomy":"product_cat","embeddable":true,"href":"https:\/\/games.tactic.net\/pl\/wp-json\/wp\/v2\/product_cat?post=394768"},{"taxonomy":"product_tag","embeddable":true,"href":"https:\/\/games.tactic.net\/pl\/wp-json\/wp\/v2\/product_tag?post=394768"},{"taxonomy":"brand","embeddable":true,"href":"https:\/\/games.tactic.net\/pl\/wp-json\/wp\/v2\/brand?post=394768"},{"taxonomy":"target-group","embeddable":true,"href":"https:\/\/games.tactic.net\/pl\/wp-json\/wp\/v2\/target-group?post=394768"},{"taxonomy":"discontinued","embeddable":true,"href":"https:\/\/games.tactic.net\/pl\/wp-json\/wp\/v2\/discontinued?post=394768"}],"curies":[{"name":"wp","href":"https:\/\/api.w.org\/{rel}","templated":true}]}}