{"id":394710,"date":"2022-01-28T15:38:18","date_gmt":"2022-01-28T13:38:18","guid":{"rendered":"https:\/\/games.tactic.net\/tuote\/lumo-stars-figu-pupu\/"},"modified":"2025-07-17T13:49:24","modified_gmt":"2025-07-17T10:49:24","slug":"lumo-stars-figu-pupu","status":"archive","type":"product","link":"https:\/\/games.tactic.net\/pl\/tuote\/lumo-stars-figu-pupu\/","title":{"rendered":"Lumo Stars Figu Pupu"},"content":{"rendered":"<p>Lumo Stars Figu<\/p>\n<p>Kto stworzy\u0142 \u015blady na \u015bniegu? Czekaj&#8230; To Pupu, ma\u0142y kr\u00f3liczek skacz\u0105cy po \u015bniegu. Pupu czuje si\u0119 troch\u0119 samotny i chce znale\u017a\u0107 przyjaci\u00f3\u0142. \u201eHej, gdzie jeste\u015bcie wszyscy\u201d \u2013 krzyczy Pupu. Nagle Pupu widzi ognisko i ogrzewaj\u0105ce si\u0119 wok\u00f3\u0142 niego zwierz\u0119ta. \u201eTu jeste\u015b\u201d, m\u00f3wi Pupu z ulg\u0105 i zamierza usi\u0105\u015b\u0107 obok nich. Ognisko jest ciep\u0142e i relaksuj\u0105ce, a zwierz\u0119ta Lumo Stars s\u0142uchaj\u0105, a sowa P\u00f6ll\u00f6 opowiada im bajk\u0119 na dobranoc.<\/p>\n","protected":false},"excerpt":{"rendered":"<p><\/p>\n","protected":false},"featured_media":0,"template":"","meta":{"content-type":"","_monsterinsights_skip_tracking":false,"_monsterinsights_sitenote_active":false,"_monsterinsights_sitenote_note":"","_monsterinsights_sitenote_category":0},"product_brand":[],"product_cat":[1794],"product_tag":[],"brand":[{"id":1023,"name":"Lumo Stars","slug":"lumo-stars_pl"}],"target-group":[],"discontinued":[],"class_list":{"0":"post-394710","1":"product","2":"type-product","3":"status-archive","5":"product_cat-figurki","6":"brand-lumo-stars_pl","8":"first","9":"outofstock","10":"taxable","11":"shipping-taxable","12":"product-type-simple"},"aioseo_notices":[],"_links":{"self":[{"href":"https:\/\/games.tactic.net\/pl\/wp-json\/wp\/v2\/product\/394710","targetHints":{"allow":["GET"]}}],"collection":[{"href":"https:\/\/games.tactic.net\/pl\/wp-json\/wp\/v2\/product"}],"about":[{"href":"https:\/\/games.tactic.net\/pl\/wp-json\/wp\/v2\/types\/product"}],"wp:attachment":[{"href":"https:\/\/games.tactic.net\/pl\/wp-json\/wp\/v2\/media?parent=394710"}],"wp:term":[{"taxonomy":"product_brand","embeddable":true,"href":"https:\/\/games.tactic.net\/pl\/wp-json\/wp\/v2\/product_brand?post=394710"},{"taxonomy":"product_cat","embeddable":true,"href":"https:\/\/games.tactic.net\/pl\/wp-json\/wp\/v2\/product_cat?post=394710"},{"taxonomy":"product_tag","embeddable":true,"href":"https:\/\/games.tactic.net\/pl\/wp-json\/wp\/v2\/product_tag?post=394710"},{"taxonomy":"brand","embeddable":true,"href":"https:\/\/games.tactic.net\/pl\/wp-json\/wp\/v2\/brand?post=394710"},{"taxonomy":"target-group","embeddable":true,"href":"https:\/\/games.tactic.net\/pl\/wp-json\/wp\/v2\/target-group?post=394710"},{"taxonomy":"discontinued","embeddable":true,"href":"https:\/\/games.tactic.net\/pl\/wp-json\/wp\/v2\/discontinued?post=394710"}],"curies":[{"name":"wp","href":"https:\/\/api.w.org\/{rel}","templated":true}]}}