{"id":353998,"date":"2022-01-24T15:41:50","date_gmt":"2022-01-24T13:41:50","guid":{"rendered":"https:\/\/games.tactic.net\/tuote\/trix-mix-sztuczek-z-naparstkami\/"},"modified":"2022-01-28T16:00:23","modified_gmt":"2022-01-28T14:00:23","slug":"trix-mix-sztuczek-z-naparstkami","status":"publish","type":"product","link":"https:\/\/games.tactic.net\/pl\/tuote\/trix-mix-sztuczek-z-naparstkami\/","title":{"rendered":"Tactic Trix Mix Sztuczek z naparstkami"},"content":{"rendered":"<p>SZTUCZKI MAGICZNE Z NAPARSTKAMI Zawiera 10 wspania\u0142ych sztuczek. Zachwy\u0107 swoich przyjaci\u00f3\u0142 i rodzin\u0119 tymi wspania\u0142ymi magicznymi sztuczkami! Poka\u017c widzom, jak znikaj\u0105 pieni\u0105dze, a naparstki potajemnie si\u0119 mno\u017c\u0105! Zawarto\u015b\u0107: 3 kostki z g\u0105bki, 2 gumki, 2 przezroczyste plastikowe fiolki, 1 banknot, 4 naparstki, 1 plastikowy dzwonek, 1 plastikowy kompas, instrukcja.<\/p>\n","protected":false},"excerpt":{"rendered":"<p>SZTUCZKI MAGICZNE Z NAPARSTKAMI Zawiera 10 wspania\u0142ych sztuczek. Zachwy\u0107 swoich przyjaci\u00f3\u0142 i rodzin\u0119 tymi wspania\u0142ymi magicznymi sztuczkami! Poka\u017c widzom, jak znikaj\u0105 pieni\u0105dze, a naparstki potajemnie si\u0119 mno\u017c\u0105!<\/p>\n","protected":false},"featured_media":0,"template":"","meta":{"content-type":"","_monsterinsights_skip_tracking":false,"_monsterinsights_sitenote_active":false,"_monsterinsights_sitenote_note":"","_monsterinsights_sitenote_category":0},"product_brand":[],"product_cat":[1704],"product_tag":[1230,1305,991],"brand":[],"target-group":[],"discontinued":[],"class_list":{"0":"post-353998","1":"product","2":"type-product","3":"status-publish","5":"product_cat-zestawy-sztuczek-i-zarcikow","6":"product_tag-dzialanie-pl","7":"product_tag-jednoosobowe","8":"product_tag-zabawa","10":"first","11":"instock","12":"sale","13":"taxable","14":"shipping-taxable","15":"product-type-simple"},"aioseo_notices":[],"_links":{"self":[{"href":"https:\/\/games.tactic.net\/pl\/wp-json\/wp\/v2\/product\/353998","targetHints":{"allow":["GET"]}}],"collection":[{"href":"https:\/\/games.tactic.net\/pl\/wp-json\/wp\/v2\/product"}],"about":[{"href":"https:\/\/games.tactic.net\/pl\/wp-json\/wp\/v2\/types\/product"}],"wp:attachment":[{"href":"https:\/\/games.tactic.net\/pl\/wp-json\/wp\/v2\/media?parent=353998"}],"wp:term":[{"taxonomy":"product_brand","embeddable":true,"href":"https:\/\/games.tactic.net\/pl\/wp-json\/wp\/v2\/product_brand?post=353998"},{"taxonomy":"product_cat","embeddable":true,"href":"https:\/\/games.tactic.net\/pl\/wp-json\/wp\/v2\/product_cat?post=353998"},{"taxonomy":"product_tag","embeddable":true,"href":"https:\/\/games.tactic.net\/pl\/wp-json\/wp\/v2\/product_tag?post=353998"},{"taxonomy":"brand","embeddable":true,"href":"https:\/\/games.tactic.net\/pl\/wp-json\/wp\/v2\/brand?post=353998"},{"taxonomy":"target-group","embeddable":true,"href":"https:\/\/games.tactic.net\/pl\/wp-json\/wp\/v2\/target-group?post=353998"},{"taxonomy":"discontinued","embeddable":true,"href":"https:\/\/games.tactic.net\/pl\/wp-json\/wp\/v2\/discontinued?post=353998"}],"curies":[{"name":"wp","href":"https:\/\/api.w.org\/{rel}","templated":true}]}}