{"id":212575,"date":"2021-10-13T09:39:42","date_gmt":"2021-10-13T06:39:42","guid":{"rendered":"http:\/\/dev.tactic.net\/tuote\/touche-touche\/"},"modified":"2022-01-31T09:39:32","modified_gmt":"2022-01-31T07:39:32","slug":"touche-touche","status":"archive","type":"product","link":"https:\/\/games.tactic.net\/pl\/tuote\/touche-touche\/","title":{"rendered":"Touche (Touch\u00e9)"},"content":{"rendered":"<p>UDANE PO\u0141\u0104CZENIE GRY KARCIANEJ Z PLANSZOW\u0104!<\/p>\n<p>Ka\u017cdy gracz, wykorzystuj\u0105c trzymane w r\u0119kach karty, uk\u0142ada pionki na planszy, tak aby zbudowa\u0107 wybrane wcze\u015bniej przez siebie wzory. <\/p>\n<p> Aby zwyci\u0119\u017cy\u0107 konieczny jest dobry pomys\u0142 i odpowiednia taktyka. Na nic to jednak bez odrobiny szcz\u0119\u015bcia.<\/p>\n<p><b>Zawarto\u015b\u0107:<\/b> Plansza, 2 talie kart (110 kart), 210 pionk\u00f3w,  (60 \u017c\u00f3\u0142tych, turkusowych i fioletowych oraz 30 czarnych), instrukcja.<\/p>\n<p> Gra przeznaczona jest dla 2-6 graczy w wieku 8+ <\/p>\n<p>Odpowiednia strategia, troch\u0119 szcz\u0119\u015bcia, du\u017co emocji&#8230;<\/p>\n<p>Gra idealna!&#8221;<\/p>\n","protected":false},"excerpt":{"rendered":"<p><b>Po\u0142\u0105czenie kart z gr\u0105 planszow\u0105<\/b><br \/>\nKa\u017cdy gracz, wykorzystuj\u0105c trzymane w r\u0119kach karty, uk\u0142ada pionki na planszy tak, aby zbudowa\u0107 wybrane wcze\u015bniej przez siebie wzory. <\/p>\n","protected":false},"featured_media":0,"template":"","meta":{"content-type":"","_monsterinsights_skip_tracking":false,"_monsterinsights_sitenote_active":false,"_monsterinsights_sitenote_note":"","_monsterinsights_sitenote_category":0},"product_brand":[],"product_cat":[1805,1782],"product_tag":[1234,1247],"brand":[],"target-group":[],"discontinued":[],"class_list":{"0":"post-212575","1":"product","2":"type-product","3":"status-archive","5":"product_cat-gry-planszowe","6":"product_cat-strategiczne-dla-doroslych-gry-dla-doroslych","7":"product_tag-laczenie-pl","8":"product_tag-strategia-pl","10":"first","11":"outofstock","12":"taxable","13":"shipping-taxable","14":"product-type-simple"},"aioseo_notices":[],"_links":{"self":[{"href":"https:\/\/games.tactic.net\/pl\/wp-json\/wp\/v2\/product\/212575","targetHints":{"allow":["GET"]}}],"collection":[{"href":"https:\/\/games.tactic.net\/pl\/wp-json\/wp\/v2\/product"}],"about":[{"href":"https:\/\/games.tactic.net\/pl\/wp-json\/wp\/v2\/types\/product"}],"wp:attachment":[{"href":"https:\/\/games.tactic.net\/pl\/wp-json\/wp\/v2\/media?parent=212575"}],"wp:term":[{"taxonomy":"product_brand","embeddable":true,"href":"https:\/\/games.tactic.net\/pl\/wp-json\/wp\/v2\/product_brand?post=212575"},{"taxonomy":"product_cat","embeddable":true,"href":"https:\/\/games.tactic.net\/pl\/wp-json\/wp\/v2\/product_cat?post=212575"},{"taxonomy":"product_tag","embeddable":true,"href":"https:\/\/games.tactic.net\/pl\/wp-json\/wp\/v2\/product_tag?post=212575"},{"taxonomy":"brand","embeddable":true,"href":"https:\/\/games.tactic.net\/pl\/wp-json\/wp\/v2\/brand?post=212575"},{"taxonomy":"target-group","embeddable":true,"href":"https:\/\/games.tactic.net\/pl\/wp-json\/wp\/v2\/target-group?post=212575"},{"taxonomy":"discontinued","embeddable":true,"href":"https:\/\/games.tactic.net\/pl\/wp-json\/wp\/v2\/discontinued?post=212575"}],"curies":[{"name":"wp","href":"https:\/\/api.w.org\/{rel}","templated":true}]}}