{"id":164404,"date":"2021-09-29T11:11:30","date_gmt":"2021-09-29T08:11:30","guid":{"rendered":"http:\/\/dev.tactic.net\/tuote\/zombie-puzzle-100-elementow\/"},"modified":"2023-05-08T15:39:17","modified_gmt":"2023-05-08T12:39:17","slug":"zombie-puzzle-100-elementow","status":"archive","type":"product","link":"https:\/\/games.tactic.net\/pl\/tuote\/zombie-puzzle-100-elementow\/","title":{"rendered":"Zombie Puzzle 100 element\u00f3w"},"content":{"rendered":"<p>Rozmiar po z\u0142o\u017ceniu: 42cmx30cm<\/p>\n","protected":false},"excerpt":{"rendered":"<p>Rozmiar po z\u0142o\u017ceniu: 42cmx30cm<\/p>\n","protected":false},"featured_media":0,"template":"","meta":{"content-type":"","_monsterinsights_skip_tracking":false,"_monsterinsights_sitenote_active":false,"_monsterinsights_sitenote_note":"","_monsterinsights_sitenote_category":0},"product_brand":[],"product_cat":[1792,1793],"product_tag":[],"brand":[],"target-group":[],"discontinued":[],"class_list":{"0":"post-164404","1":"product","2":"type-product","3":"status-archive","5":"product_cat-puzzle-dla-dzieci-gry-dla-dzieci","6":"product_cat-puzzle-dla-dzieci-puzzle","8":"first","9":"outofstock","10":"taxable","11":"shipping-taxable","12":"product-type-simple"},"aioseo_notices":[],"_links":{"self":[{"href":"https:\/\/games.tactic.net\/pl\/wp-json\/wp\/v2\/product\/164404","targetHints":{"allow":["GET"]}}],"collection":[{"href":"https:\/\/games.tactic.net\/pl\/wp-json\/wp\/v2\/product"}],"about":[{"href":"https:\/\/games.tactic.net\/pl\/wp-json\/wp\/v2\/types\/product"}],"wp:attachment":[{"href":"https:\/\/games.tactic.net\/pl\/wp-json\/wp\/v2\/media?parent=164404"}],"wp:term":[{"taxonomy":"product_brand","embeddable":true,"href":"https:\/\/games.tactic.net\/pl\/wp-json\/wp\/v2\/product_brand?post=164404"},{"taxonomy":"product_cat","embeddable":true,"href":"https:\/\/games.tactic.net\/pl\/wp-json\/wp\/v2\/product_cat?post=164404"},{"taxonomy":"product_tag","embeddable":true,"href":"https:\/\/games.tactic.net\/pl\/wp-json\/wp\/v2\/product_tag?post=164404"},{"taxonomy":"brand","embeddable":true,"href":"https:\/\/games.tactic.net\/pl\/wp-json\/wp\/v2\/brand?post=164404"},{"taxonomy":"target-group","embeddable":true,"href":"https:\/\/games.tactic.net\/pl\/wp-json\/wp\/v2\/target-group?post=164404"},{"taxonomy":"discontinued","embeddable":true,"href":"https:\/\/games.tactic.net\/pl\/wp-json\/wp\/v2\/discontinued?post=164404"}],"curies":[{"name":"wp","href":"https:\/\/api.w.org\/{rel}","templated":true}]}}