{"id":164361,"date":"2021-09-29T11:11:21","date_gmt":"2021-09-29T08:11:21","guid":{"rendered":"http:\/\/dev.tactic.net\/tuote\/moomin-friends\/"},"modified":"2022-03-14T15:59:24","modified_gmt":"2022-03-14T13:59:24","slug":"moomin-friends","status":"archive","type":"product","link":"https:\/\/games.tactic.net\/pl\/tuote\/moomin-friends\/","title":{"rendered":"Moomin Friends"},"content":{"rendered":"<p><b>W tej zwariowanej wersji b\u0119dziesz odnajdywa\u0107 brakuj\u0105ce przedmioty. Je\u015bli jako pierwszy zdo\u0142asz odnale\u017a\u0107 trzy z nich, zwyci\u0119\u017cysz!<\/b><\/p>\n<li>Gra uczy dzieci rozpoznawa\u0107 kszta\u0142ty, cyfry i kolory.<\/li>\n<li>Wielobarwna zawarto\u015b\u0107 czyni nauk\u0119 zabaw\u0105.<\/li>\n<li>Wysokiej jako\u015bci komponenty.<\/li>\n","protected":false},"excerpt":{"rendered":"<p>W tej zwariowanej wersji b\u0119dziesz odnajdywa\u0107 brakuj\u0105ce przedmioty. Je\u015bli jako pierwszy zdo\u0142asz odnale\u017a\u0107 trzy z nich, zwyci\u0119\u017cysz!<\/p>\n","protected":false},"featured_media":0,"template":"","meta":{"content-type":"","_monsterinsights_skip_tracking":false,"_monsterinsights_sitenote_active":false,"_monsterinsights_sitenote_note":"","_monsterinsights_sitenote_category":0},"product_brand":[],"product_cat":[1796],"product_tag":[],"brand":[],"target-group":[],"discontinued":[],"class_list":{"0":"post-164361","1":"product","2":"type-product","3":"status-archive","5":"product_cat-gry-planszowe-dla-dzieci","7":"first","8":"outofstock","9":"taxable","10":"shipping-taxable","11":"product-type-simple"},"aioseo_notices":[],"_links":{"self":[{"href":"https:\/\/games.tactic.net\/pl\/wp-json\/wp\/v2\/product\/164361","targetHints":{"allow":["GET"]}}],"collection":[{"href":"https:\/\/games.tactic.net\/pl\/wp-json\/wp\/v2\/product"}],"about":[{"href":"https:\/\/games.tactic.net\/pl\/wp-json\/wp\/v2\/types\/product"}],"wp:attachment":[{"href":"https:\/\/games.tactic.net\/pl\/wp-json\/wp\/v2\/media?parent=164361"}],"wp:term":[{"taxonomy":"product_brand","embeddable":true,"href":"https:\/\/games.tactic.net\/pl\/wp-json\/wp\/v2\/product_brand?post=164361"},{"taxonomy":"product_cat","embeddable":true,"href":"https:\/\/games.tactic.net\/pl\/wp-json\/wp\/v2\/product_cat?post=164361"},{"taxonomy":"product_tag","embeddable":true,"href":"https:\/\/games.tactic.net\/pl\/wp-json\/wp\/v2\/product_tag?post=164361"},{"taxonomy":"brand","embeddable":true,"href":"https:\/\/games.tactic.net\/pl\/wp-json\/wp\/v2\/brand?post=164361"},{"taxonomy":"target-group","embeddable":true,"href":"https:\/\/games.tactic.net\/pl\/wp-json\/wp\/v2\/target-group?post=164361"},{"taxonomy":"discontinued","embeddable":true,"href":"https:\/\/games.tactic.net\/pl\/wp-json\/wp\/v2\/discontinued?post=164361"}],"curies":[{"name":"wp","href":"https:\/\/api.w.org\/{rel}","templated":true}]}}