{"id":164318,"date":"2021-09-29T11:11:13","date_gmt":"2021-09-29T08:11:13","guid":{"rendered":"http:\/\/dev.tactic.net\/tuote\/beyblade-puzzle-35-elementow\/"},"modified":"2022-01-31T09:52:31","modified_gmt":"2022-01-31T07:52:31","slug":"beyblade-puzzle-35-elementow","status":"publish","type":"product","link":"https:\/\/games.tactic.net\/pl\/tuote\/beyblade-puzzle-35-elementow\/","title":{"rendered":"Beyblade Puzzle 35 element\u00f3w"},"content":{"rendered":"<p><b>PUZZLE Z ULUBIONYMI BOHATERAMI BEYBLADE<\/b><\/p>\n<p>Rozmiar po z\u0142o\u017ceniu 40 X 60 cm.<\/p>\n<p>Zawiera trwa\u0142e, wysokiej jako\u015bci elementy! <\/p>\n<p>Wspania\u0142e obrazy, kt\u00f3re z ochot\u0105 uk\u0142ada si\u0119 w ca\u0142o\u015b\u0107.<\/p>\n<p>To wspania\u0142e wyzwanie dla nieco bardziej do\u015bwiadczonych mi\u0142o\u015bnik\u00f3w puzzli.<\/p>\n","protected":false},"excerpt":{"rendered":"<p><b>PUZZLE Z ULUBIONYMI BOHATERAMI BEYBLADE<\/b><\/p>\n<p>Rozmiar po z\u0142o\u017ceniu 40 X 60 cm.<\/p>\n","protected":false},"featured_media":0,"template":"","meta":{"content-type":"","_monsterinsights_skip_tracking":false,"_monsterinsights_sitenote_active":false,"_monsterinsights_sitenote_note":"","_monsterinsights_sitenote_category":0},"product_brand":[],"product_cat":[1792,1793],"product_tag":[],"brand":[],"target-group":[],"discontinued":[],"class_list":{"0":"post-164318","1":"product","2":"type-product","3":"status-publish","5":"product_cat-puzzle-dla-dzieci-gry-dla-dzieci","6":"product_cat-puzzle-dla-dzieci-puzzle","8":"first","9":"outofstock","10":"taxable","11":"shipping-taxable","12":"product-type-simple"},"aioseo_notices":[],"_links":{"self":[{"href":"https:\/\/games.tactic.net\/pl\/wp-json\/wp\/v2\/product\/164318","targetHints":{"allow":["GET"]}}],"collection":[{"href":"https:\/\/games.tactic.net\/pl\/wp-json\/wp\/v2\/product"}],"about":[{"href":"https:\/\/games.tactic.net\/pl\/wp-json\/wp\/v2\/types\/product"}],"wp:attachment":[{"href":"https:\/\/games.tactic.net\/pl\/wp-json\/wp\/v2\/media?parent=164318"}],"wp:term":[{"taxonomy":"product_brand","embeddable":true,"href":"https:\/\/games.tactic.net\/pl\/wp-json\/wp\/v2\/product_brand?post=164318"},{"taxonomy":"product_cat","embeddable":true,"href":"https:\/\/games.tactic.net\/pl\/wp-json\/wp\/v2\/product_cat?post=164318"},{"taxonomy":"product_tag","embeddable":true,"href":"https:\/\/games.tactic.net\/pl\/wp-json\/wp\/v2\/product_tag?post=164318"},{"taxonomy":"brand","embeddable":true,"href":"https:\/\/games.tactic.net\/pl\/wp-json\/wp\/v2\/brand?post=164318"},{"taxonomy":"target-group","embeddable":true,"href":"https:\/\/games.tactic.net\/pl\/wp-json\/wp\/v2\/target-group?post=164318"},{"taxonomy":"discontinued","embeddable":true,"href":"https:\/\/games.tactic.net\/pl\/wp-json\/wp\/v2\/discontinued?post=164318"}],"curies":[{"name":"wp","href":"https:\/\/api.w.org\/{rel}","templated":true}]}}