{"id":164218,"date":"2021-09-29T11:10:53","date_gmt":"2021-09-29T08:10:53","guid":{"rendered":"http:\/\/dev.tactic.net\/tuote\/muminki-molkky-molkky\/"},"modified":"2022-02-01T08:53:59","modified_gmt":"2022-02-01T06:53:59","slug":"muminki-molkky-molkky","status":"archive","type":"product","link":"https:\/\/games.tactic.net\/pl\/tuote\/muminki-molkky-molkky\/","title":{"rendered":"Muminki M\u00f6lkky (Molkky)"},"content":{"rendered":"<p>Rzu\u0107 zbijakiem w muminkowe kr\u0119gle M\u00f6lkky i spr\u00f3buj przewr\u00f3ci\u0107 ich jak najwi\u0119cej. Pierwszy gracz, kt\u00f3ry osi\u0105gnie 50 punkt\u00f3w zostanie zwyci\u0119zc\u0105!<\/p>\n<p>Pude\u0142ko i kr\u0119gle z postaciami z Mumink\u00f3w (na ka\u017cdym kr\u0119glu jest Hatifnat).<\/p>\n<p>Proste do nauczenia zasady i zaskakuj\u0105ca rozgrywka!<\/p>\n<p>Elementy gry zosta\u0142y wykonane z naturalnego i ekologicznego drewna.<\/p>\n<p>Mo\u017cna gra\u0107 w ogrodzie, w parku, na pla\u017cy i na boisku.<\/p>\n","protected":false},"excerpt":{"rendered":"<p><b>ZAGRAJ W M\u00d6LKKY Z MUMINKAMI!<\/b><\/p>\n<p>Rzu\u0107 zbijakiem w muminkowe kr\u0119gle M\u00f6lkky i spr\u00f3buj przewr\u00f3ci\u0107 ich jak najwi\u0119cej. Pierwszy gracz, kt\u00f3ry osi\u0105gnie 50 punkt\u00f3w zostanie zwyci\u0119zc\u0105!<\/p>\n","protected":false},"featured_media":0,"template":"","meta":{"content-type":"","_monsterinsights_skip_tracking":false,"_monsterinsights_sitenote_active":false,"_monsterinsights_sitenote_note":"","_monsterinsights_sitenote_category":0},"product_brand":[],"product_cat":[1837],"product_tag":[],"brand":[],"target-group":[],"discontinued":[],"class_list":{"0":"post-164218","1":"product","2":"type-product","3":"status-archive","5":"product_cat-zestawy-do-gry-molkky-gry-plenerowe-2","7":"first","8":"outofstock","9":"taxable","10":"shipping-taxable","11":"product-type-simple"},"aioseo_notices":[],"_links":{"self":[{"href":"https:\/\/games.tactic.net\/pl\/wp-json\/wp\/v2\/product\/164218","targetHints":{"allow":["GET"]}}],"collection":[{"href":"https:\/\/games.tactic.net\/pl\/wp-json\/wp\/v2\/product"}],"about":[{"href":"https:\/\/games.tactic.net\/pl\/wp-json\/wp\/v2\/types\/product"}],"wp:attachment":[{"href":"https:\/\/games.tactic.net\/pl\/wp-json\/wp\/v2\/media?parent=164218"}],"wp:term":[{"taxonomy":"product_brand","embeddable":true,"href":"https:\/\/games.tactic.net\/pl\/wp-json\/wp\/v2\/product_brand?post=164218"},{"taxonomy":"product_cat","embeddable":true,"href":"https:\/\/games.tactic.net\/pl\/wp-json\/wp\/v2\/product_cat?post=164218"},{"taxonomy":"product_tag","embeddable":true,"href":"https:\/\/games.tactic.net\/pl\/wp-json\/wp\/v2\/product_tag?post=164218"},{"taxonomy":"brand","embeddable":true,"href":"https:\/\/games.tactic.net\/pl\/wp-json\/wp\/v2\/brand?post=164218"},{"taxonomy":"target-group","embeddable":true,"href":"https:\/\/games.tactic.net\/pl\/wp-json\/wp\/v2\/target-group?post=164218"},{"taxonomy":"discontinued","embeddable":true,"href":"https:\/\/games.tactic.net\/pl\/wp-json\/wp\/v2\/discontinued?post=164218"}],"curies":[{"name":"wp","href":"https:\/\/api.w.org\/{rel}","templated":true}]}}