{"id":164161,"date":"2021-09-29T11:10:43","date_gmt":"2021-09-29T08:10:43","guid":{"rendered":"http:\/\/dev.tactic.net\/tuote\/karykatury-psow-i-kotow-puzzle-56-el\/"},"modified":"2023-05-08T15:40:19","modified_gmt":"2023-05-08T12:40:19","slug":"karykatury-psow-i-kotow-puzzle-56-el","status":"archive","type":"product","link":"https:\/\/games.tactic.net\/pl\/tuote\/karykatury-psow-i-kotow-puzzle-56-el\/","title":{"rendered":"Karykatury ps\u00f3w i kot\u00f3w &#8211; puzzle 56 el."},"content":{"rendered":"<p><b>PUZZLE DLA MA\u0141YCH R\u0104CZEK!<\/b><\/p>\n<p> Dzi\u0119ki atrakcyjnym motywom dzieci a\u017c rw\u0105 si\u0119 do uk\u0142adania tych puzzli. Je\u015bli dodamy do tego solidne wykonanie i wysokiej jako\u015bci materia\u0142y, to otrzymamy uk\u0142adank\u0119 naprawd\u0119 wyj\u0105tkow\u0105. Puzzle \u2013 Karykatury to idealny prezent dla najm\u0142odszych entuzjast\u00f3w tej formy rozrywki!<\/p>\n<p> <b>Zawarto\u015b\u0107:<\/b> 56 puzzli. Rozmiar obrazka 42 cm\/30 cm<\/p>\n","protected":false},"excerpt":{"rendered":"<p><b>PUZZLE DLA MA\u0141YCH R\u0104CZEK!<\/b><\/p>\n<p> Dzi\u0119ki atrakcyjnym motywom dzieci a\u017c rw\u0105 si\u0119 do uk\u0142adania tych puzzli.<\/p>\n","protected":false},"featured_media":0,"template":"","meta":{"content-type":"","_monsterinsights_skip_tracking":false,"_monsterinsights_sitenote_active":false,"_monsterinsights_sitenote_note":"","_monsterinsights_sitenote_category":0},"product_brand":[],"product_cat":[1792,1793],"product_tag":[],"brand":[],"target-group":[],"discontinued":[],"class_list":{"0":"post-164161","1":"product","2":"type-product","3":"status-archive","5":"product_cat-puzzle-dla-dzieci-gry-dla-dzieci","6":"product_cat-puzzle-dla-dzieci-puzzle","8":"first","9":"outofstock","10":"taxable","11":"shipping-taxable","12":"product-type-simple"},"aioseo_notices":[],"_links":{"self":[{"href":"https:\/\/games.tactic.net\/pl\/wp-json\/wp\/v2\/product\/164161","targetHints":{"allow":["GET"]}}],"collection":[{"href":"https:\/\/games.tactic.net\/pl\/wp-json\/wp\/v2\/product"}],"about":[{"href":"https:\/\/games.tactic.net\/pl\/wp-json\/wp\/v2\/types\/product"}],"wp:attachment":[{"href":"https:\/\/games.tactic.net\/pl\/wp-json\/wp\/v2\/media?parent=164161"}],"wp:term":[{"taxonomy":"product_brand","embeddable":true,"href":"https:\/\/games.tactic.net\/pl\/wp-json\/wp\/v2\/product_brand?post=164161"},{"taxonomy":"product_cat","embeddable":true,"href":"https:\/\/games.tactic.net\/pl\/wp-json\/wp\/v2\/product_cat?post=164161"},{"taxonomy":"product_tag","embeddable":true,"href":"https:\/\/games.tactic.net\/pl\/wp-json\/wp\/v2\/product_tag?post=164161"},{"taxonomy":"brand","embeddable":true,"href":"https:\/\/games.tactic.net\/pl\/wp-json\/wp\/v2\/brand?post=164161"},{"taxonomy":"target-group","embeddable":true,"href":"https:\/\/games.tactic.net\/pl\/wp-json\/wp\/v2\/target-group?post=164161"},{"taxonomy":"discontinued","embeddable":true,"href":"https:\/\/games.tactic.net\/pl\/wp-json\/wp\/v2\/discontinued?post=164161"}],"curies":[{"name":"wp","href":"https:\/\/api.w.org\/{rel}","templated":true}]}}